{"id":107,"date":"2021-06-27T15:20:56","date_gmt":"2021-06-27T13:20:56","guid":{"rendered":"https:\/\/wordpress.nibis.de\/gskleinberkel\/?page_id=107"},"modified":"2021-07-01T17:29:47","modified_gmt":"2021-07-01T15:29:47","slug":"unsere-schule","status":"publish","type":"page","link":"https:\/\/wordpress.nibis.de\/gskleinberkel\/unsere-schule\/","title":{"rendered":"Unsere Schule"},"content":{"rendered":"<p>Unsere Schule liegt im Ortsteil Klein Berkel am S\u00fcdwestrand der Stadt Hameln. Sie wird seit dem Schuljahr 2001\/2002 als Verl\u00e4ssliche Grundschule gef\u00fchrt und garantiert damit Sch\u00fclerinnen und Sch\u00fclern und Eltern eine f\u00fcnfst\u00fcndige t\u00e4gliche Unterrichts- und Betreuungszeit. Sofern von Eltern gew\u00fcnscht, bietet die Stadt Hameln dar\u00fcber hinaus f\u00fcr die Kinder eine Nachmittagsbetreuung am Schulstandort Klein Berkel an.<\/p>\n<p>Unsere Sch\u00fcler wohnen mit wenigen Ausnahmen in Klein Berkel. Dieser Ortsteil besteht aus dem alten Dorfkern und mehreren Wohngebieten, \u00fcberwiegend bebaut mit Einfamilienh\u00e4usern. Fr\u00fcher ein reines Bauerndorf mit unter 1000 Einwohnern, ist Klein Berkel im Laufe der letzten Jahrzehnte auf mehr als 5000 Einwohner angewachsen.<\/p>\n<p>Die Schule wird zurzeit von ca. 125 Sch\u00fclerinnen und Sch\u00fclern besucht, die in 8 Klassen unterrichtet werden. Alle Jahrg\u00e4nge sind somit zweiz\u00fcgig. Zum Arbeitsteam der Schule geh\u00f6ren derzeit elf Lehrkr\u00e4fte, f\u00fcnf p\u00e4dagogische Mitarbeiterinnen, eine Schulsekret\u00e4rin und ein Hausmeister. In regelm\u00e4\u00dfigen Abst\u00e4nden werden an unserer Schule angehende Lehrer ausgebildet.<\/p>\n<p>Unser Schulgeb\u00e4ude, das sich in sehr sch\u00f6ner Lage am Ohrberg, einem Naherholungsgebiet der Stadt Hameln, befindet, wurde 1965 gebaut. Die in ausreichender Zahl vorhandenen, hinreichend gro\u00dfen Klassenr\u00e4ume sind kindgem\u00e4\u00df und funktionsgerecht gestaltet. Die Schule verf\u00fcgt zudem \u00fcber einen Werkraum, einen PC-Raum mit 13 Arbeitspl\u00e4tzen, eine Schulb\u00fccherei und drei Betreuungsr\u00e4ume. Ein sehr gro\u00dfes Freigel\u00e4nde mit einem separaten Fu\u00dfballfeld und eine Dreifachsporthalle vervollst\u00e4ndigen unseren Schulbereich.<\/p>\n<p>Der Unterricht wird auf der Grundlage schuleigener Arbeitspl\u00e4ne, die die landesweiten Vorgaben (Kerncurricula, Bildungsstandards) ber\u00fccksichtigen, erteilt. Neben traditionellen Vermittlungsformen bestimmen offene, sch\u00fclerorientierte Arbeitsformen den Unterrichtsalltag &#8211; wo p\u00e4dagogisch sinnvoll, auch unter Einbeziehung au\u00dferschulischer Lernorte.<\/p>\n\n\n<div class=\"wp-block-group is-layout-flow wp-block-group-is-layout-flow\"><div class=\"wp-block-group__inner-container\"><\/div><\/div>\n\n\n\n<figure class=\"wp-block-gallery columns-3 is-cropped wp-block-gallery-1 is-layout-flex wp-block-gallery-is-layout-flex\"><ul class=\"blocks-gallery-grid\"><li class=\"blocks-gallery-item\"><figure><img loading=\"lazy\" decoding=\"async\" width=\"1024\" height=\"768\" src=\"https:\/\/wordpress.nibis.de\/gskleinberkel\/files\/2021\/06\/115CD635-5801-423C-93CB-906A604C4DA0-1024x768.jpeg\" alt=\"\" data-id=\"66\" data-full-url=\"https:\/\/wordpress.nibis.de\/gskleinberkel\/files\/2021\/06\/115CD635-5801-423C-93CB-906A604C4DA0-scaled.jpeg\" data-link=\"https:\/\/wordpress.nibis.de\/gskleinberkel\/115cd635-5801-423c-93cb-906a604c4da0\/\" class=\"wp-image-66\" srcset=\"https:\/\/wordpress.nibis.de\/gskleinberkel\/files\/2021\/06\/115CD635-5801-423C-93CB-906A604C4DA0-1024x768.jpeg 1024w, https:\/\/wordpress.nibis.de\/gskleinberkel\/files\/2021\/06\/115CD635-5801-423C-93CB-906A604C4DA0-300x225.jpeg 300w, https:\/\/wordpress.nibis.de\/gskleinberkel\/files\/2021\/06\/115CD635-5801-423C-93CB-906A604C4DA0-768x576.jpeg 768w, https:\/\/wordpress.nibis.de\/gskleinberkel\/files\/2021\/06\/115CD635-5801-423C-93CB-906A604C4DA0-1536x1152.jpeg 1536w, https:\/\/wordpress.nibis.de\/gskleinberkel\/files\/2021\/06\/115CD635-5801-423C-93CB-906A604C4DA0-2048x1536.jpeg 2048w, https:\/\/wordpress.nibis.de\/gskleinberkel\/files\/2021\/06\/115CD635-5801-423C-93CB-906A604C4DA0-360x270.jpeg 360w\" sizes=\"auto, (max-width: 1024px) 100vw, 1024px\" \/><figcaption class=\"blocks-gallery-item__caption\">Der Haupteingang von der Schulstra\u00dfe<\/figcaption><\/figure><\/li><li class=\"blocks-gallery-item\"><figure><img loading=\"lazy\" decoding=\"async\" width=\"1024\" height=\"768\" src=\"https:\/\/wordpress.nibis.de\/gskleinberkel\/files\/2021\/06\/IMG_9257-1024x768.jpg\" alt=\"\" data-id=\"39\" data-full-url=\"https:\/\/wordpress.nibis.de\/gskleinberkel\/files\/2021\/06\/IMG_9257-scaled.jpg\" data-link=\"https:\/\/wordpress.nibis.de\/gskleinberkel\/img_9257\/\" class=\"wp-image-39\" srcset=\"https:\/\/wordpress.nibis.de\/gskleinberkel\/files\/2021\/06\/IMG_9257-1024x768.jpg 1024w, https:\/\/wordpress.nibis.de\/gskleinberkel\/files\/2021\/06\/IMG_9257-300x225.jpg 300w, https:\/\/wordpress.nibis.de\/gskleinberkel\/files\/2021\/06\/IMG_9257-768x576.jpg 768w, https:\/\/wordpress.nibis.de\/gskleinberkel\/files\/2021\/06\/IMG_9257-1536x1152.jpg 1536w, https:\/\/wordpress.nibis.de\/gskleinberkel\/files\/2021\/06\/IMG_9257-2048x1536.jpg 2048w, https:\/\/wordpress.nibis.de\/gskleinberkel\/files\/2021\/06\/IMG_9257-360x270.jpg 360w\" sizes=\"auto, (max-width: 1024px) 100vw, 1024px\" \/><figcaption class=\"blocks-gallery-item__caption\">Unser Schulhof<\/figcaption><\/figure><\/li><li class=\"blocks-gallery-item\"><figure><img loading=\"lazy\" decoding=\"async\" width=\"1024\" height=\"768\" src=\"https:\/\/wordpress.nibis.de\/gskleinberkel\/files\/2021\/06\/4A95A3E7-2158-462C-BA18-D1A7ACC4B37A-1024x768.jpeg\" alt=\"\" data-id=\"205\" data-full-url=\"https:\/\/wordpress.nibis.de\/gskleinberkel\/files\/2021\/06\/4A95A3E7-2158-462C-BA18-D1A7ACC4B37A-scaled.jpeg\" data-link=\"https:\/\/wordpress.nibis.de\/gskleinberkel\/4a95a3e7-2158-462c-ba18-d1a7acc4b37a\/\" class=\"wp-image-205\" srcset=\"https:\/\/wordpress.nibis.de\/gskleinberkel\/files\/2021\/06\/4A95A3E7-2158-462C-BA18-D1A7ACC4B37A-1024x768.jpeg 1024w, https:\/\/wordpress.nibis.de\/gskleinberkel\/files\/2021\/06\/4A95A3E7-2158-462C-BA18-D1A7ACC4B37A-300x225.jpeg 300w, https:\/\/wordpress.nibis.de\/gskleinberkel\/files\/2021\/06\/4A95A3E7-2158-462C-BA18-D1A7ACC4B37A-768x576.jpeg 768w, https:\/\/wordpress.nibis.de\/gskleinberkel\/files\/2021\/06\/4A95A3E7-2158-462C-BA18-D1A7ACC4B37A-1536x1152.jpeg 1536w, https:\/\/wordpress.nibis.de\/gskleinberkel\/files\/2021\/06\/4A95A3E7-2158-462C-BA18-D1A7ACC4B37A-2048x1536.jpeg 2048w, https:\/\/wordpress.nibis.de\/gskleinberkel\/files\/2021\/06\/4A95A3E7-2158-462C-BA18-D1A7ACC4B37A-360x270.jpeg 360w\" sizes=\"auto, (max-width: 1024px) 100vw, 1024px\" \/><figcaption class=\"blocks-gallery-item__caption\">Blick von der Schulstra\u00dfe auf den Mitteltrakt <\/figcaption><\/figure><\/li><li class=\"blocks-gallery-item\"><figure><img loading=\"lazy\" decoding=\"async\" width=\"1024\" height=\"768\" src=\"https:\/\/wordpress.nibis.de\/gskleinberkel\/files\/2021\/07\/IMG_9404-1024x768.jpeg\" alt=\"\" data-id=\"270\" data-full-url=\"https:\/\/wordpress.nibis.de\/gskleinberkel\/files\/2021\/07\/IMG_9404-scaled.jpeg\" data-link=\"https:\/\/wordpress.nibis.de\/gskleinberkel\/img_9404\/\" class=\"wp-image-270\" srcset=\"https:\/\/wordpress.nibis.de\/gskleinberkel\/files\/2021\/07\/IMG_9404-1024x768.jpeg 1024w, https:\/\/wordpress.nibis.de\/gskleinberkel\/files\/2021\/07\/IMG_9404-300x225.jpeg 300w, https:\/\/wordpress.nibis.de\/gskleinberkel\/files\/2021\/07\/IMG_9404-768x576.jpeg 768w, https:\/\/wordpress.nibis.de\/gskleinberkel\/files\/2021\/07\/IMG_9404-1536x1152.jpeg 1536w, https:\/\/wordpress.nibis.de\/gskleinberkel\/files\/2021\/07\/IMG_9404-2048x1536.jpeg 2048w, https:\/\/wordpress.nibis.de\/gskleinberkel\/files\/2021\/07\/IMG_9404-360x270.jpeg 360w\" sizes=\"auto, (max-width: 1024px) 100vw, 1024px\" \/><figcaption class=\"blocks-gallery-item__caption\">Unsere B\u00fccherei<\/figcaption><\/figure><\/li><\/ul><\/figure>\n","protected":false},"excerpt":{"rendered":"<p>Unsere Schule liegt im Ortsteil Klein Berkel am S\u00fcdwestrand der Stadt Hameln. Sie wird seit dem Schuljahr 2001\/2002 als Verl\u00e4ssliche Grundschule gef\u00fchrt und garantiert damit Sch\u00fclerinnen und Sch\u00fclern und Eltern eine f\u00fcnfst\u00fcndige t\u00e4gliche Unterrichts- und Betreuungszeit. Sofern von Eltern gew\u00fcnscht, bietet die Stadt Hameln dar\u00fcber hinaus f\u00fcr die Kinder eine Nachmittagsbetreuung am Schulstandort Klein Berkel an. Unsere Sch\u00fcler wohnen mit wenigen Ausnahmen in Klein Berkel. Dieser Ortsteil besteht aus dem alten Dorfkern und mehreren Wohngebieten, \u00fcberwiegend bebaut mit Einfamilienh\u00e4usern. Fr\u00fcher&#8230;<\/p>\n<p class=\"read-more\"><a class=\"btn btn-default\" href=\"https:\/\/wordpress.nibis.de\/gskleinberkel\/unsere-schule\/\">Weiterlesen<span class=\"screen-reader-text\"> Weiterlesen<\/span><\/a><\/p>\n","protected":false},"author":9193710,"featured_media":0,"parent":0,"menu_order":0,"comment_status":"closed","ping_status":"closed","template":"","meta":{"footnotes":""},"class_list":["post-107","page","type-page","status-publish","hentry"],"_links":{"self":[{"href":"https:\/\/wordpress.nibis.de\/gskleinberkel\/wp-json\/wp\/v2\/pages\/107","targetHints":{"allow":["GET"]}}],"collection":[{"href":"https:\/\/wordpress.nibis.de\/gskleinberkel\/wp-json\/wp\/v2\/pages"}],"about":[{"href":"https:\/\/wordpress.nibis.de\/gskleinberkel\/wp-json\/wp\/v2\/types\/page"}],"author":[{"embeddable":true,"href":"https:\/\/wordpress.nibis.de\/gskleinberkel\/wp-json\/wp\/v2\/users\/9193710"}],"replies":[{"embeddable":true,"href":"https:\/\/wordpress.nibis.de\/gskleinberkel\/wp-json\/wp\/v2\/comments?post=107"}],"version-history":[{"count":9,"href":"https:\/\/wordpress.nibis.de\/gskleinberkel\/wp-json\/wp\/v2\/pages\/107\/revisions"}],"predecessor-version":[{"id":276,"href":"https:\/\/wordpress.nibis.de\/gskleinberkel\/wp-json\/wp\/v2\/pages\/107\/revisions\/276"}],"wp:attachment":[{"href":"https:\/\/wordpress.nibis.de\/gskleinberkel\/wp-json\/wp\/v2\/media?parent=107"}],"curies":[{"name":"wp","href":"https:\/\/api.w.org\/{rel}","templated":true}]}}