{"id":110,"date":"2021-06-27T15:20:57","date_gmt":"2021-06-27T13:20:57","guid":{"rendered":"https:\/\/wordpress.nibis.de\/gskleinberkel\/?page_id=110"},"modified":"2024-08-05T15:25:15","modified_gmt":"2024-08-05T13:25:15","slug":"termine","status":"publish","type":"page","link":"https:\/\/wordpress.nibis.de\/gskleinberkel\/termine\/","title":{"rendered":"Termine"},"content":{"rendered":"\n<p>Liebe Eltern und Erziehungsberechtigte,<\/p>\n\n\n\n<p>dieser Terminplan soll Ihnen einen groben \u00dcberblick \u00fcber die geplanten Veranstaltungen des zweiten Schulhalbjahres 2023\/2024 verschaffen.<\/p>\n\n\n\n<p>Bitte bedenken Sie, dass sich immer spontane \u00c4nderungen ergeben k\u00f6nnen.<\/p>\n\n\n\n<p>Unsere Pinnwand mit allen Terminen k\u00f6nnen Sie <a href=\"https:\/\/wordpress.nibis.de\/gskleinberkel\/files\/2023\/09\/Elterninfo-Terminplan-1.-Hj-2023-2024-Pinnwand.pdf\" target=\"_blank\" rel=\"noreferrer noopener\">hier<\/a> auch herunterladen.<\/p>\n\n\n\n<figure class=\"wp-block-table\"><table><tbody><tr><td><strong>1. und 2. Februar 2024<\/strong><\/td><td><strong>Winterferien<\/strong><\/td><\/tr><tr><td>&nbsp; 5. Februar 2024<\/td><td>SchiLF 1. Hilfe (unterrichtsfrei, Notbetreuung)<\/td><\/tr><tr><td>&nbsp; 6. Februar 2024<\/td><td>Informationsabend Schiller-Gymnasium<\/td><\/tr><tr><td>&nbsp; 7. Februar 2024<\/td><td>Informationsabend Viktoria-Luise-Gymnasium<\/td><\/tr><tr><td>&nbsp; 8. Februar 2024<\/td><td>Vorrunde Grundschulmeisterschaften Fu\u00dfball<\/td><\/tr><tr><td>&nbsp; 8. Februar 2024<\/td><td>Informationsabend Albert-Einstein-Gymnasium<\/td><\/tr><tr><td>12. Februar 2024<\/td><td>Rosenmontag<\/td><\/tr><tr><td>13. Februar 2024<\/td><td>Tag der offenen T\u00fcr Schiller-Gymnasium<\/td><\/tr><tr><td>14. Februar 2024<\/td><td>6. Dienstbesprechung<\/td><\/tr><tr><td>14. Februar 2024<\/td><td>Tag der offenen T\u00fcr Viktoria-Luise-Gymnasium<\/td><\/tr><tr><td>15. Februar 2024<\/td><td>Tag der offenen T\u00fcr Albert-Einstein-Gymnasium<\/td><\/tr><tr><td>17. Februar 2024<\/td><td>Basar f\u00fcr Kindersachen im \u00d6kumenischen Zentrum<\/td><\/tr><tr><td>19. Februar 2024<\/td><td>Tag der offenen T\u00fcr IGS West<\/td><\/tr><tr><td>20. Februar 2024<\/td><td>Tag der offenen T\u00fcr Elisabet-Belling Gesamtschule<\/td><\/tr><tr><td>20. Februar 2024, 18 Uhr<\/td><td>Elternabend Mobilit\u00e4t (Anmeldung SchoolFOX)<\/td><\/tr><tr><td>21. Februar 2024<\/td><td>Schnuppertag Wilhelm-Raabe-Schule<\/td><\/tr><tr><td>22. Februar 2024<\/td><td>Informationsabend Pestalozzischule<\/td><\/tr><tr><td>Ende Februar\/ Anfang M\u00e4rz 2024<\/td><td>Einladungssprechtage<\/td><\/tr><tr><td>11. bis 15. M\u00e4rz 2024<\/td><td>Schulspiel Mirola<\/td><\/tr><tr><td>12. M\u00e4rz 2024, 19 Uhr<\/td><td>Mitgliederversammlung F\u00f6rderverein<\/td><\/tr><tr><td>13. M\u00e4rz 2024<\/td><td>7. Dienstbesprechung<\/td><\/tr><tr><td><strong>18. M\u00e4rz bis 1. April 2024<\/strong><\/td><td><strong>Osterferien<\/strong><\/td><\/tr><tr><td>&nbsp; 1. bis 27. April 2024<\/td><td>Schulanf\u00e4ngeranmeldung 2025<\/td><\/tr><tr><td>&nbsp; 4. April 2024<\/td><td>Busschule Klasse 4b<\/td><\/tr><tr><td>&nbsp; 4. April 2024<\/td><td>Klasse 4a im Theater<\/td><\/tr><tr><td>&nbsp; 5. April 2024<\/td><td>Klasse 4a in der Jugendverkehrsschule<\/td><\/tr><tr><td>&nbsp; 8. und 9. April 2024<\/td><td>SchilF Lehrergesundheit (9.4. unterrichtsfrei, Notbetreuung)<\/td><\/tr><tr><td>12. April 2024<\/td><td>Klasse 4a in der Stadtb\u00fccherei<\/td><\/tr><tr><td>18. April 2024<\/td><td>K\u00e4nguru der Mathematik<\/td><\/tr><tr><td>24. April 2024<\/td><td>Klasse 4b in der Jugendverkehrsschule<\/td><\/tr><tr><td>24. April 2024<\/td><td>8. Dienstbesprechung<\/td><\/tr><tr><td>24. April 2024, 19 Uhr<\/td><td>Schulvorstand<\/td><\/tr><tr><td>29. April 2024<\/td><td>Klasse 4a im Theater<\/td><\/tr><tr><td><strong>&nbsp; 1. Mai 2024<\/strong><\/td><td><strong>Maifeiertag (unterrichtsfrei)<\/strong><\/td><\/tr><tr><td><strong>&nbsp; 9. und 10. Mai 2024<\/strong><\/td><td><strong>Christi Himmelfahrt (unterrichtsfrei)<\/strong><\/td><\/tr><tr><td>15. Mai 2024, 16.30 Uhr<\/td><td>Gesamtkonferenz<\/td><\/tr><tr><td><strong>20. und 21. Mai 2024<\/strong><\/td><td><strong>Pfingstferien<\/strong><\/td><\/tr><tr><td>29. Mai 2024<\/td><td>9. Dienstbesprechung<\/td><\/tr><tr><td>&nbsp; 3. Juni 2024<\/td><td>Zeugniskonferenzen Klassen 1 bis 4<\/td><\/tr><tr><td>&nbsp; 5. Juni 2024, 18 Uhr<\/td><td>Elternabend Schulanf\u00e4nger<\/td><\/tr><tr><td>&nbsp; 7. Juni 2024<\/td><td>Fu\u00dfballkreismeisterschaft der Grundschulen<\/td><\/tr><tr><td>21. Juni 2024<\/td><td>Verabschiedung Viertkl\u00e4ssler<\/td><\/tr><tr><td>21. Juni 2024<\/td><td>Zeugnisausgabe (Unterrichtsschluss 10.55 Uhr)<\/td><\/tr><tr><td><strong>24. Juni bis 2. August 2024<\/strong><\/td><td><strong>Sommerferien<\/strong><\/td><\/tr><tr><td>&nbsp; 5. August 2024<\/td><td>1. Schultag nach den Sommerferien<\/td><\/tr><tr><td>10. August 2024<\/td><td>Einschulung<\/td><\/tr><\/tbody><\/table><\/figure>\n\n\n\n<div class=\"wp-block-group\"><div class=\"wp-block-group__inner-container is-layout-flow wp-block-group-is-layout-flow\"><\/div><\/div>\n","protected":false},"excerpt":{"rendered":"<p>Liebe Eltern und Erziehungsberechtigte, dieser Terminplan soll Ihnen einen groben \u00dcberblick \u00fcber die geplanten Veranstaltungen des zweiten Schulhalbjahres 2023\/2024 verschaffen. Bitte bedenken Sie, dass sich immer spontane \u00c4nderungen ergeben k\u00f6nnen. Unsere Pinnwand mit allen Terminen k\u00f6nnen Sie hier auch herunterladen. 1. und 2. Februar 2024 Winterferien &nbsp; 5. Februar 2024 SchiLF 1. Hilfe (unterrichtsfrei, Notbetreuung) &nbsp; 6. Februar 2024 Informationsabend Schiller-Gymnasium &nbsp; 7. Februar 2024 Informationsabend Viktoria-Luise-Gymnasium &nbsp; 8. Februar 2024 Vorrunde Grundschulmeisterschaften Fu\u00dfball &nbsp; 8. Februar 2024 Informationsabend Albert-Einstein-Gymnasium&#8230;<\/p>\n<p class=\"read-more\"><a class=\"btn btn-default\" href=\"https:\/\/wordpress.nibis.de\/gskleinberkel\/termine\/\">Weiterlesen<span class=\"screen-reader-text\"> Weiterlesen<\/span><\/a><\/p>\n","protected":false},"author":9193710,"featured_media":0,"parent":0,"menu_order":0,"comment_status":"closed","ping_status":"closed","template":"","meta":{"footnotes":""},"class_list":["post-110","page","type-page","status-publish","hentry"],"_links":{"self":[{"href":"https:\/\/wordpress.nibis.de\/gskleinberkel\/wp-json\/wp\/v2\/pages\/110","targetHints":{"allow":["GET"]}}],"collection":[{"href":"https:\/\/wordpress.nibis.de\/gskleinberkel\/wp-json\/wp\/v2\/pages"}],"about":[{"href":"https:\/\/wordpress.nibis.de\/gskleinberkel\/wp-json\/wp\/v2\/types\/page"}],"author":[{"embeddable":true,"href":"https:\/\/wordpress.nibis.de\/gskleinberkel\/wp-json\/wp\/v2\/users\/9193710"}],"replies":[{"embeddable":true,"href":"https:\/\/wordpress.nibis.de\/gskleinberkel\/wp-json\/wp\/v2\/comments?post=110"}],"version-history":[{"count":31,"href":"https:\/\/wordpress.nibis.de\/gskleinberkel\/wp-json\/wp\/v2\/pages\/110\/revisions"}],"predecessor-version":[{"id":908,"href":"https:\/\/wordpress.nibis.de\/gskleinberkel\/wp-json\/wp\/v2\/pages\/110\/revisions\/908"}],"wp:attachment":[{"href":"https:\/\/wordpress.nibis.de\/gskleinberkel\/wp-json\/wp\/v2\/media?parent=110"}],"curies":[{"name":"wp","href":"https:\/\/api.w.org\/{rel}","templated":true}]}}