{"id":162,"date":"2021-06-27T21:44:18","date_gmt":"2021-06-27T19:44:18","guid":{"rendered":"https:\/\/wordpress.nibis.de\/gskleinberkel\/?page_id=162"},"modified":"2021-06-27T22:08:10","modified_gmt":"2021-06-27T20:08:10","slug":"foerderverein","status":"publish","type":"page","link":"https:\/\/wordpress.nibis.de\/gskleinberkel\/foerderverein\/","title":{"rendered":"F\u00f6rderverein"},"content":{"rendered":"\n<p>Der Elternverein der Grundschule Klein Berkel \u2013 die genaue Bezeichnung im Vereinsregister lautet \u201eElternverein zur F\u00f6rderung der Grundschule Klein Berkel\u201c \u2013 ist ein gemeinn\u00fctziger Verein, der aus den Reihen der Eltern gegr\u00fcndet wurde. Der Verein hat sich zur Aufgabe gesetzt, die Schule dort tatkr\u00e4ftig zu unterst\u00fctzen, wo sie in Zeiten leerer Kassen und permanenter Haushaltssperren finanziell leider zur Handlungsunf\u00e4higkeit gezwungen ist. Dabei handelt es sich insbesondere um die Anschaffung von Unterrichtsmaterialien sowie die weitere Gestaltung des Schulhofes und des Schulgeb\u00e4udes.<\/p>\n<p>In der Vergangenheit hat der Elternverein beispielsweise ma\u00dfgeblich dazu beigetragen, dass auf dem Schulhof \u201edas gr\u00fcne Klassenzimmer\u201c und das \u201eHeckenlabyrinth\u201c entstehen konnten. K\u00fcrzlich wurden Tornetze f\u00fcr den Fu\u00dfballk\u00e4fig, sowie B\u00e4lle, Springseile und anderes Spielzeug f\u00fcr die Pausen angeschafft. Und der Bedarf rei\u00dft nat\u00fcrlich nicht ab. Als n\u00e4chstes m\u00f6chten wir uns endlich um die Beschattung des gr\u00fcnen Klassenzimmers k\u00fcmmern und, wenn es m\u00f6glich ist, f\u00fcr weitere Kletter- und Schaukelm\u00f6glichkeiten sorgen.<\/p>\n<p>F\u00fcr die Realisierung von Projekten ist der Elternverein ausschlie\u00dflich auf Spenden, Erl\u00f6se aus der Organisation beispielsweise von Cafeterias w\u00e4hrend verschiedener Schulveranstaltungen und nat\u00fcrlich auf die Mitgliedsbeitr\u00e4ge angewiesen. Momentan sind etwa 30 % der Eltern dem Elternverein beigetreten. Dabei kommen in die Tat umgesetzte Vorhaben unterm Strich nat\u00fcrlich allen Kindern zugute. Von daher w\u00fcrde es uns sehr freuen, die Zahl unserer Mitglieder in Zukunft weiter steigern zu k\u00f6nnen. Generell kann n\u00e4mlich jeder Einzelne mit geringen finanziellen Mitteln, einen kleinen Beitrag dazu leisten, dass wir zusammen f\u00fcr die Kinder Pl\u00e4ne verwirklichen, die bislang nur Wunschdenken waren. Deshalb m\u00f6chten wir alle, die noch nicht Mitglied sind, herzlich dazu ermutigen, sich diesen \u201eSchritt\u201c doch einfach zu trauen. Der Schule \u2013 und damit automatisch Ihren Kindern \u2013 w\u00e4re mit Ihrer Hilfe wieder ein St\u00fcck weiter geholfen.<\/p>\n<p>Der eigene Mitgliedsbeitrag kann frei gew\u00e4hlt werden (Mindestbeitrag 10 Euro pro Jahr) und auch die Art und Weise, ob und wie man sich pers\u00f6nlich einbringen kann, sollte von einer Mitgliedschaft eigentlich nicht abschrecken. Der eine backt von Zeit zu Zeit einen Kuchen, die andere verkauft vielleicht einmal Bratw\u00fcrstchen und wieder ein anderer mag sich vielleicht lieber aus allem heraushalten, unterst\u00fctzt uns daf\u00fcr aber ebenso effektiv mit seinem Mitgliedsbeitrag. Dieses k\u00f6nnen Sie ausgef\u00fcllt Ihrem Kind mit in die Schule geben oder direkt an den Kassenwart des Vereins senden.<\/p>\n<p>Wir w\u00e4ren Ihnen sehr dankbar!<\/p>\n","protected":false},"excerpt":{"rendered":"<p>Der Elternverein der Grundschule Klein Berkel \u2013 die genaue Bezeichnung im Vereinsregister lautet \u201eElternverein zur F\u00f6rderung der Grundschule Klein Berkel\u201c \u2013 ist ein gemeinn\u00fctziger Verein, der aus den Reihen der Eltern gegr\u00fcndet wurde. Der Verein hat sich zur Aufgabe gesetzt, die Schule dort tatkr\u00e4ftig zu unterst\u00fctzen, wo sie in Zeiten leerer Kassen und permanenter Haushaltssperren finanziell leider zur Handlungsunf\u00e4higkeit gezwungen ist. Dabei handelt es sich insbesondere um die Anschaffung von Unterrichtsmaterialien sowie die weitere Gestaltung des Schulhofes und des Schulgeb\u00e4udes&#8230;.<\/p>\n<p class=\"read-more\"><a class=\"btn btn-default\" href=\"https:\/\/wordpress.nibis.de\/gskleinberkel\/foerderverein\/\">Weiterlesen<span class=\"screen-reader-text\"> Weiterlesen<\/span><\/a><\/p>\n","protected":false},"author":9193710,"featured_media":0,"parent":0,"menu_order":0,"comment_status":"closed","ping_status":"closed","template":"","meta":{"footnotes":""},"class_list":["post-162","page","type-page","status-publish","hentry"],"_links":{"self":[{"href":"https:\/\/wordpress.nibis.de\/gskleinberkel\/wp-json\/wp\/v2\/pages\/162","targetHints":{"allow":["GET"]}}],"collection":[{"href":"https:\/\/wordpress.nibis.de\/gskleinberkel\/wp-json\/wp\/v2\/pages"}],"about":[{"href":"https:\/\/wordpress.nibis.de\/gskleinberkel\/wp-json\/wp\/v2\/types\/page"}],"author":[{"embeddable":true,"href":"https:\/\/wordpress.nibis.de\/gskleinberkel\/wp-json\/wp\/v2\/users\/9193710"}],"replies":[{"embeddable":true,"href":"https:\/\/wordpress.nibis.de\/gskleinberkel\/wp-json\/wp\/v2\/comments?post=162"}],"version-history":[{"count":2,"href":"https:\/\/wordpress.nibis.de\/gskleinberkel\/wp-json\/wp\/v2\/pages\/162\/revisions"}],"predecessor-version":[{"id":179,"href":"https:\/\/wordpress.nibis.de\/gskleinberkel\/wp-json\/wp\/v2\/pages\/162\/revisions\/179"}],"wp:attachment":[{"href":"https:\/\/wordpress.nibis.de\/gskleinberkel\/wp-json\/wp\/v2\/media?parent=162"}],"curies":[{"name":"wp","href":"https:\/\/api.w.org\/{rel}","templated":true}]}}