{"id":227,"date":"2021-06-30T13:01:56","date_gmt":"2021-06-30T11:01:56","guid":{"rendered":"https:\/\/wordpress.nibis.de\/gskleinberkel\/?page_id=227"},"modified":"2023-06-06T17:51:33","modified_gmt":"2023-06-06T15:51:33","slug":"leitziele-2","status":"publish","type":"page","link":"https:\/\/wordpress.nibis.de\/gskleinberkel\/leitziele-2\/","title":{"rendered":"Leitziele"},"content":{"rendered":"<h2 style=\"text-align: center\">Unsere Schule<\/h2>\n<h2 style=\"text-align: center\">miteinander lernen und leben<\/h2>\n\n\n\n<p>\u00a0<\/p>\n<p>Wir streben die F\u00f6rderung und Entwicklung der Gesamtpers\u00f6nlichkeit der uns anvertrauten Sch\u00fclerinnen und Sch\u00fcler an. Die Entfaltung der kognitiven, sozial-emotionalen wie der psychomotorischen F\u00e4higkeiten ist uns gleicherma\u00dfen wichtig.<\/p>\n<p>Wir m\u00f6chten, dass unsere Sch\u00fcler gesund leben, ihre Pers\u00f6nlichkeit entwickeln und kooperatives Verhalten praktizieren. Deshalb f\u00f6rdern wir ihre Gesundheit durch k\u00f6rperliche Fitness und gesunde Ern\u00e4hrung.<\/p>\n<p>Der Unterricht zielt darauf ab, die Sch\u00fclerinnen\/Sch\u00fcler zu selbstst\u00e4ndigem, selbstorganisiertem Lernen zu bef\u00e4higen und damit die Voraussetzungen f\u00fcr lebenslanges Weiterlernen zu schaffen.<\/p>\n<p>Wir schaffen ein Umfeld, in dem alle respektvoll miteinander umgehen und die Bed\u00fcrfnisse jedes Einzelnen ber\u00fccksichtigen. Verbalen Aggressionen und Gewalt soll im t\u00e4glichen Umgang miteinander kein Raum gegeben werden.<\/p>\n<p>Wir sorgen daf\u00fcr, dass sich Kinder wie Erwachsene \u2013 bei aller Ernsthaftigkeit und Anstrengung des Lernens \u2013 in der Schule wohlf\u00fchlen und Freude am Lernen und am Miteinander haben. Wir gestalten und erleben Schule somit als einen Ort des Lernens und Lebens.<\/p>\n<p>An unserer Schule werden die Lernenden kindgerecht an einen engagierten und kritischen Umgang mit den gro\u00dfen politischen, \u00f6kologischen und \u00f6konomischen Herausforderungen sowie der sozialen und kulturellen Vielfalt unserer Zeit herangef\u00fchrt.<\/p>\n<p>Ausgehend von dem bislang Erreichten bem\u00fchen wir uns gemeinsam um eine kontinuierliche, nachhaltige Qualit\u00e4tsverbesserung f\u00fcr unsere Schule.<\/p>","protected":false},"excerpt":{"rendered":"<p>Unsere Schule miteinander lernen und leben \u00a0 Wir streben die F\u00f6rderung und Entwicklung der Gesamtpers\u00f6nlichkeit der uns anvertrauten Sch\u00fclerinnen und Sch\u00fcler an. Die Entfaltung der kognitiven, sozial-emotionalen wie der psychomotorischen F\u00e4higkeiten ist uns gleicherma\u00dfen wichtig. Wir m\u00f6chten, dass unsere Sch\u00fcler gesund leben, ihre Pers\u00f6nlichkeit entwickeln und kooperatives Verhalten praktizieren. Deshalb f\u00f6rdern wir ihre Gesundheit durch k\u00f6rperliche Fitness und gesunde Ern\u00e4hrung. Der Unterricht zielt darauf ab, die Sch\u00fclerinnen\/Sch\u00fcler zu selbstst\u00e4ndigem, selbstorganisiertem Lernen zu bef\u00e4higen und damit die Voraussetzungen f\u00fcr lebenslanges Weiterlernen&#8230;<\/p>\n<p class=\"read-more\"><a class=\"btn btn-default\" href=\"https:\/\/wordpress.nibis.de\/gskleinberkel\/leitziele-2\/\">Weiterlesen<span class=\"screen-reader-text\"> Weiterlesen<\/span><\/a><\/p>\n","protected":false},"author":9193710,"featured_media":0,"parent":0,"menu_order":0,"comment_status":"closed","ping_status":"closed","template":"","meta":{"footnotes":""},"class_list":["post-227","page","type-page","status-publish","hentry"],"_links":{"self":[{"href":"https:\/\/wordpress.nibis.de\/gskleinberkel\/wp-json\/wp\/v2\/pages\/227","targetHints":{"allow":["GET"]}}],"collection":[{"href":"https:\/\/wordpress.nibis.de\/gskleinberkel\/wp-json\/wp\/v2\/pages"}],"about":[{"href":"https:\/\/wordpress.nibis.de\/gskleinberkel\/wp-json\/wp\/v2\/types\/page"}],"author":[{"embeddable":true,"href":"https:\/\/wordpress.nibis.de\/gskleinberkel\/wp-json\/wp\/v2\/users\/9193710"}],"replies":[{"embeddable":true,"href":"https:\/\/wordpress.nibis.de\/gskleinberkel\/wp-json\/wp\/v2\/comments?post=227"}],"version-history":[{"count":10,"href":"https:\/\/wordpress.nibis.de\/gskleinberkel\/wp-json\/wp\/v2\/pages\/227\/revisions"}],"predecessor-version":[{"id":787,"href":"https:\/\/wordpress.nibis.de\/gskleinberkel\/wp-json\/wp\/v2\/pages\/227\/revisions\/787"}],"wp:attachment":[{"href":"https:\/\/wordpress.nibis.de\/gskleinberkel\/wp-json\/wp\/v2\/media?parent=227"}],"curies":[{"name":"wp","href":"https:\/\/api.w.org\/{rel}","templated":true}]}}