{"id":1282,"date":"2023-02-22T18:18:43","date_gmt":"2023-02-22T17:18:43","guid":{"rendered":"https:\/\/wordpress.nibis.de\/gskuesten\/?page_id=1282"},"modified":"2023-02-22T19:15:16","modified_gmt":"2023-02-22T18:15:16","slug":"ueber-uns-2","status":"publish","type":"page","link":"https:\/\/wordpress.nibis.de\/gskuesten\/schule\/ueber-uns-2\/","title":{"rendered":"Wir \u00fcber uns"},"content":{"rendered":"\n<p><strong><span style=\"color: #ff6600\">Wie viele sind wir?<\/span><\/strong><\/p>\n<p>Aktuell lernen 60 Kinder in vier Jahrgangsklassen und werden von f\u00fcnf Lehrkr\u00e4ften vor Ort unterrichtet. Eine weitere Lehrkraft ist abgeordnet. Zwei p\u00e4dagogische Mitarbeiterinnen unterst\u00fctzen die Arbeit der Lehrkr\u00e4fte.<\/p>\n<p><span style=\"color: #ff6600\"><strong>Aus welchen D\u00f6rfern kommen wir?<\/strong><\/span><\/p>\n<p>G\u00f6ttien, Belitz, Reitze, K\u00fcsten, S\u00fcthen, Naulitz, Schwiepke, Seerau, Klein Witzeetze, Krummasel, Saggrian, Sallahn, Schwiepke, Karmitz, G\u00fchlitz, Meuchefitz, T\u00fcschau, Tolstefanz, L\u00fcbeln, K\u00fcsten, Gollau, L\u00fcsen, M\u00fcggenburg, Plate<\/p>\n<p><strong><span style=\"color: #ff6600\">Wo lernen und lehren wir?<\/span><\/strong><\/p>\n<p>Es gibt zwei gro\u00dfe und zwei kleinere Klassenr\u00e4ume. Drei sind im Erdgeschoss, eines im Dachgeschoss untergebracht. Au\u00dferdem steht den Kindern eine B\u00fccherei, eine kleine Werkstatt, ein selbstorganisierter Spielzeugschuppen und ein Schulgarten zur Verf\u00fcgung. Ein gr\u00fcnes Klassenzimmer befindet sich unter schattigen B\u00e4umen auf dem Schulhof.\u00a0<\/p>\n<p><strong><span style=\"color: #ff6600\">Wo spielen und erholen wir uns?<\/span><\/strong><\/p>\n<p>Der naturnahe Schulhof umfasst ca. 3500 qm Gr\u00fcnfl\u00e4che mit Str\u00e4uchern und Obstb\u00e4umen. Eine Seilbahn, zwei Kletterger\u00fcste, ein gro\u00dfer Sandkasten, Spielh\u00e4uschen, eine Schaukel und Tischtennisplatte, sowie viel Spielzeug laden in der Pause, zur Betreuungszeit und im Ganztag zum Spielen ein.<\/p>\n<p><strong><span style=\"color: #ff6600\">Worauf achtet unsere Schule?<\/span><\/strong><\/p>\n<p>An der Grundschule wird der Lesekompetenz und der Umwelterziehung ein hoher Stellenwert einger\u00e4umt. Wir erkunden regelm\u00e4\u00dfig die schulnahe Natur, bewirtschaften ein Bienenvolk, pflanzen B\u00e4ume f\u00fcr die Zukunft und achten auf M\u00fcll in unserer Schule und der Umwelt. Wir haben alle einen Lesepaten in der Schule, dem wir in der w\u00f6chentlichen Lesezeit vorlesen und lesen auch den benachbarten Kindergartenkindern jeden Freitag vor.<\/p>\n<p><strong><span style=\"color: #ff6600\">Was wir sonst noch machen&#8230;<\/span><\/strong><\/p>\n<p>Einige Kinder lernen Plattdeutsch. Sp\u00e4testens ab Klasse 3 besch\u00e4ftigen sich alle Kinder w\u00f6chentlich mit Tastaturschreiben, Textverarbeitung, Internetrecherche und Datenschutz an den schuleigenen Notebooks. Mit der benachbarten Kirche organisieren und gestalten wir Feste und Feiern wie Erntedank, Krippenspiel und den Einschulungsgottesdienst.<\/p>\n<p><strong><span style=\"color: #ff6600\">Neugierig geworden?<\/span><\/strong><\/p>\n<p>Noch mehr \u00fcber unser Schulleben gibt es im Schulprogramm zu lesen.<\/p>\n<p>\u00a0<\/p>\n<p>\u00a0<\/p>\n<p>\u00a0<\/p>\n<p>\u00a0<\/p>\n<p>\u00a0<\/p>\n<p>\u00a0<\/p>\n<p>\u00a0<\/p>\n\n\n\n<div class=\"wp-block-columns\">\u00a0<\/div>\n<p>\u00a0<\/p>\n","protected":false},"excerpt":{"rendered":"<p>Wie viele sind wir? Aktuell lernen 60 Kinder in vier Jahrgangsklassen und werden von f\u00fcnf Lehrkr\u00e4ften vor Ort unterrichtet. Eine weitere Lehrkraft ist abgeordnet. Zwei p\u00e4dagogische Mitarbeiterinnen unterst\u00fctzen die Arbeit der Lehrkr\u00e4fte. Aus welchen D\u00f6rfern kommen wir? G\u00f6ttien, Belitz, Reitze, K\u00fcsten, S\u00fcthen, Naulitz, Schwiepke, Seerau, Klein Witzeetze, Krummasel, Saggrian, Sallahn, Schwiepke, Karmitz, G\u00fchlitz, Meuchefitz, T\u00fcschau, &#8230; <a title=\"Wir \u00fcber uns\" class=\"read-more\" href=\"https:\/\/wordpress.nibis.de\/gskuesten\/schule\/ueber-uns-2\/\" aria-label=\"Mehr Informationen \u00fcber Wir \u00fcber uns\">Weiterlesen<\/a><\/p>\n","protected":false},"author":1181,"featured_media":0,"parent":24,"menu_order":0,"comment_status":"closed","ping_status":"closed","template":"","meta":{"footnotes":""},"class_list":["post-1282","page","type-page","status-publish"],"_links":{"self":[{"href":"https:\/\/wordpress.nibis.de\/gskuesten\/wp-json\/wp\/v2\/pages\/1282","targetHints":{"allow":["GET"]}}],"collection":[{"href":"https:\/\/wordpress.nibis.de\/gskuesten\/wp-json\/wp\/v2\/pages"}],"about":[{"href":"https:\/\/wordpress.nibis.de\/gskuesten\/wp-json\/wp\/v2\/types\/page"}],"author":[{"embeddable":true,"href":"https:\/\/wordpress.nibis.de\/gskuesten\/wp-json\/wp\/v2\/users\/1181"}],"replies":[{"embeddable":true,"href":"https:\/\/wordpress.nibis.de\/gskuesten\/wp-json\/wp\/v2\/comments?post=1282"}],"version-history":[{"count":4,"href":"https:\/\/wordpress.nibis.de\/gskuesten\/wp-json\/wp\/v2\/pages\/1282\/revisions"}],"predecessor-version":[{"id":1289,"href":"https:\/\/wordpress.nibis.de\/gskuesten\/wp-json\/wp\/v2\/pages\/1282\/revisions\/1289"}],"up":[{"embeddable":true,"href":"https:\/\/wordpress.nibis.de\/gskuesten\/wp-json\/wp\/v2\/pages\/24"}],"wp:attachment":[{"href":"https:\/\/wordpress.nibis.de\/gskuesten\/wp-json\/wp\/v2\/media?parent=1282"}],"curies":[{"name":"wp","href":"https:\/\/api.w.org\/{rel}","templated":true}]}}