{"id":154,"date":"2016-10-16T20:05:45","date_gmt":"2016-10-16T18:05:45","guid":{"rendered":"http:\/\/wordpress.nibis.de\/gskuesten\/?page_id=154"},"modified":"2023-02-22T17:58:19","modified_gmt":"2023-02-22T16:58:19","slug":"ueber-uns","status":"publish","type":"page","link":"https:\/\/wordpress.nibis.de\/gskuesten\/schule\/ueber-uns\/","title":{"rendered":"Schulgeschichte"},"content":{"rendered":"\n<p class=\"has-text-align-left\"><span style=\"font-family: trebuchet ms,geneva,sans-serif\"><strong><span style=\"color: #ff6600\">261 Jahre Schulgeschichte<\/span><\/strong><\/span><\/p>\n\n\n\n<p class=\"has-text-align-left\"><span style=\"font-family: trebuchet ms,geneva,sans-serif\">Den Schulstandort K\u00fcsten gibt es nachweislich seit 1786. Die Klassen 1 bis 8 wurden 182 Jahre lang in zwei Klassenr\u00e4umen unterrichtet, bis 1968 die Jugendlichen der 7. und 8. Klassen die Schulen in L\u00fcchow besuchten. Die Klassen 1 bis 6 verblieben zun\u00e4chst in K\u00fcsten, bis ab 1970 auch die 5. und 6. Klasse in L\u00fcchow beschult wurde.<br><\/span><\/p>\n\n\n\n<p class=\"has-text-align-left\"><span style=\"font-family: trebuchet ms,geneva,sans-serif\"><strong><span style=\"color: #ff6600\">Erste Schlie\u00dfungswelle<\/span><\/strong><\/span><\/p>\n\n\n\n<p class=\"has-text-align-left\"><span style=\"font-family: trebuchet ms,geneva,sans-serif\">Mit der Samtgemeindereform im Jahr 1972 kam es zu kreisweiten Schulschlie\u00dfungen. Eine breite Elterninitiative erk\u00e4mpfte damals den Erhalt des Schulstandortes. Zusammen mit der Grundschule K\u00fcsten \u00fcberlebten die Dorfschulen in Plate, Woltersdorf und Trebel. Diese vier Zwergschulen schlossen sich zum Schulverbund Wendland zusammen.<\/span><\/p>\n\n\n\n<p class=\"has-text-align-left\"><span style=\"color: #ff6600;font-family: trebuchet ms,geneva,sans-serif\"><strong>Ver\u00e4nderung<\/strong><\/span><\/p>\n\n\n\n<p class=\"has-text-align-left\"><span style=\"font-family: trebuchet ms,geneva,sans-serif\">Im Jahr 2003 wurde die alte Lehrerwohnung im Dachgeschoss ausgebaut. Auf den 125 qm fanden ein weiteres Klassenzimmer, die B\u00fccherei und eine K\u00fcche ihren Platz. Au\u00dferdem brachte man die bis dahin im Au\u00dfengeb\u00e4ude angelegten Toiletten im Haupthaus unter. Zum Abschluss der Umbauten bekam die Grundschule ihren heutigen Namen: Johann Parum Schultze Grundschule.<\/span><\/p>\n\n\n\n<p class=\"has-text-align-left\"><span style=\"font-family: trebuchet ms,geneva,sans-serif\"><strong><span style=\"color: #ff6600\">Zweite Schlie\u00dfungswelle<\/span><\/strong><\/span><\/p>\n\n\n\n<p class=\"has-text-align-left\"><span style=\"font-family: trebuchet ms,geneva,sans-serif\">Der Landkreis muss sparen, auch bei der Bewirtschaftung der Schulen. Leider liegen die traditionellen Dorfschulen da zu allererst im Fokus. Der Schulverbund Wendland l\u00f6ste sich im Jahr 2016 auf, da die Grundschulen Plate und Woltersdorf ihre T\u00fcren f\u00fcr immer schlie\u00dfen mussten. Wiederum dank einer engagierten Elternschaft entkam die Johann Parum Schultze Grundschule erneut der Schlie\u00dfung. <\/span><\/p>\n\n\n\n<p class=\"has-text-align-left\"><span style=\"font-family: trebuchet ms,geneva,sans-serif\"><strong><span style=\"color: #ff6600\">Aktuelle Situation<\/span><\/strong> <\/span><\/p>\n\n\n\n<p class=\"has-text-align-left\"><span style=\"font-family: trebuchet ms,geneva,sans-serif\">Derzeit besuchen rund 60 Kinder in Jahrgangsklassen von der 1. bis zur 4. Klasse die Grundschule. Unterrichtet werden sie derzeit von sechs Lehrerinnen und zwei p\u00e4dagogischen Mitarbeiterinnen. <\/span><\/p>\n\n\n\n<p class=\"has-text-align-left\"><span style=\"font-family: trebuchet ms,geneva,sans-serif\"><strong><span style=\"color: #ff6600\">Zukunftsgedanken<\/span><\/strong><\/span><\/p>\n\n\n\n<p class=\"has-text-align-left\"><span style=\"font-family: trebuchet ms,geneva,sans-serif\">Seit September 2017 gilt der Beschluss: Der Schulstandort K\u00fcsten wird dauerhaft bestehen bleiben. Ein Neubau <\/span>soll das historisches Schulgeb\u00e4ude ersetzen.<\/p>\n\n\n\n<p class=\"has-text-align-left\"><span style=\"font-family: tahoma,arial,helvetica,sans-serif\"><span style=\"font-family: trebuchet ms,geneva,sans-serif\">Bis dieses steht, begr\u00fc\u00dfen wir Kinder und Eltern, F\u00f6rderer und interessierte Besucher weiterhin im gem\u00fctlichen Backsteingeb\u00e4ude.&nbsp;<\/span> <\/span><\/p>\n","protected":false},"excerpt":{"rendered":"<p>261 Jahre Schulgeschichte Den Schulstandort K\u00fcsten gibt es nachweislich seit 1786. Die Klassen 1 bis 8 wurden 182 Jahre lang in zwei Klassenr\u00e4umen unterrichtet, bis 1968 die Jugendlichen der 7. und 8. Klassen die Schulen in L\u00fcchow besuchten. Die Klassen 1 bis 6 verblieben zun\u00e4chst in K\u00fcsten, bis ab 1970 auch die 5. und 6. &#8230; <a title=\"Schulgeschichte\" class=\"read-more\" href=\"https:\/\/wordpress.nibis.de\/gskuesten\/schule\/ueber-uns\/\" aria-label=\"Mehr Informationen \u00fcber Schulgeschichte\">Weiterlesen<\/a><\/p>\n","protected":false},"author":1181,"featured_media":0,"parent":24,"menu_order":0,"comment_status":"closed","ping_status":"closed","template":"","meta":{"footnotes":""},"class_list":["post-154","page","type-page","status-publish"],"_links":{"self":[{"href":"https:\/\/wordpress.nibis.de\/gskuesten\/wp-json\/wp\/v2\/pages\/154","targetHints":{"allow":["GET"]}}],"collection":[{"href":"https:\/\/wordpress.nibis.de\/gskuesten\/wp-json\/wp\/v2\/pages"}],"about":[{"href":"https:\/\/wordpress.nibis.de\/gskuesten\/wp-json\/wp\/v2\/types\/page"}],"author":[{"embeddable":true,"href":"https:\/\/wordpress.nibis.de\/gskuesten\/wp-json\/wp\/v2\/users\/1181"}],"replies":[{"embeddable":true,"href":"https:\/\/wordpress.nibis.de\/gskuesten\/wp-json\/wp\/v2\/comments?post=154"}],"version-history":[{"count":7,"href":"https:\/\/wordpress.nibis.de\/gskuesten\/wp-json\/wp\/v2\/pages\/154\/revisions"}],"predecessor-version":[{"id":1278,"href":"https:\/\/wordpress.nibis.de\/gskuesten\/wp-json\/wp\/v2\/pages\/154\/revisions\/1278"}],"up":[{"embeddable":true,"href":"https:\/\/wordpress.nibis.de\/gskuesten\/wp-json\/wp\/v2\/pages\/24"}],"wp:attachment":[{"href":"https:\/\/wordpress.nibis.de\/gskuesten\/wp-json\/wp\/v2\/media?parent=154"}],"curies":[{"name":"wp","href":"https:\/\/api.w.org\/{rel}","templated":true}]}}