{"id":26,"date":"2016-10-01T21:03:26","date_gmt":"2016-10-01T19:03:26","guid":{"rendered":"http:\/\/wordpress.nibis.de\/gskuesten\/?page_id=26"},"modified":"2023-02-01T09:04:16","modified_gmt":"2023-02-01T08:04:16","slug":"leitbild","status":"publish","type":"page","link":"https:\/\/wordpress.nibis.de\/gskuesten\/schule\/leitbild\/","title":{"rendered":"Leitbild"},"content":{"rendered":"<p style=\"text-align: left\"><span style=\"font-family: trebuchet ms,geneva,sans-serif;font-size: 12pt\"><span style=\"color: #ff6600\">Wurzeln und Fl\u00fcgel<\/span> sind das Wichtigste, was wir Kindern mitgeben wollen. Damit Kinder wachsen und ihre (eigene) Pers\u00f6nlichkeit entwickeln k\u00f6nnen, brauchen sie Menschen, die ihnen Raum und Zeit geben und ihnen mit viel Liebe, Vertrauen, Wertsch\u00e4tzung und Zuwendung ermutigend und geduldig begegnen und ihre W\u00fcrde achten. Dann k\u00f6nnen Kinder die Welt mit Neugierde, Selbstvertrauen, Begeisterung und Offenheit entdecken und Lebensfreude, Liebesf\u00e4higkeit, Vertrauen und Verantwortungsgef\u00fchl f\u00fcr sich und die Umwelt entwickeln und ein friedliches Miteinander leben. Alle Lehrerinnen und Lehrer f\u00fchlen sich dem Leitbild verpflichtet und handeln in dessen Sinne.<\/span><\/p>\n","protected":false},"excerpt":{"rendered":"<p>Wurzeln und Fl\u00fcgel sind das Wichtigste, was wir Kindern mitgeben wollen. Damit Kinder wachsen und ihre (eigene) Pers\u00f6nlichkeit entwickeln k\u00f6nnen, brauchen sie Menschen, die ihnen Raum und Zeit geben und ihnen mit viel Liebe, Vertrauen, Wertsch\u00e4tzung und Zuwendung ermutigend und geduldig begegnen und ihre W\u00fcrde achten. Dann k\u00f6nnen Kinder die Welt mit Neugierde, Selbstvertrauen, Begeisterung &#8230; <a title=\"Leitbild\" class=\"read-more\" href=\"https:\/\/wordpress.nibis.de\/gskuesten\/schule\/leitbild\/\" aria-label=\"Mehr Informationen \u00fcber Leitbild\">Weiterlesen<\/a><\/p>\n","protected":false},"author":1181,"featured_media":0,"parent":24,"menu_order":0,"comment_status":"closed","ping_status":"closed","template":"","meta":{"footnotes":""},"class_list":["post-26","page","type-page","status-publish"],"_links":{"self":[{"href":"https:\/\/wordpress.nibis.de\/gskuesten\/wp-json\/wp\/v2\/pages\/26","targetHints":{"allow":["GET"]}}],"collection":[{"href":"https:\/\/wordpress.nibis.de\/gskuesten\/wp-json\/wp\/v2\/pages"}],"about":[{"href":"https:\/\/wordpress.nibis.de\/gskuesten\/wp-json\/wp\/v2\/types\/page"}],"author":[{"embeddable":true,"href":"https:\/\/wordpress.nibis.de\/gskuesten\/wp-json\/wp\/v2\/users\/1181"}],"replies":[{"embeddable":true,"href":"https:\/\/wordpress.nibis.de\/gskuesten\/wp-json\/wp\/v2\/comments?post=26"}],"version-history":[{"count":7,"href":"https:\/\/wordpress.nibis.de\/gskuesten\/wp-json\/wp\/v2\/pages\/26\/revisions"}],"predecessor-version":[{"id":1271,"href":"https:\/\/wordpress.nibis.de\/gskuesten\/wp-json\/wp\/v2\/pages\/26\/revisions\/1271"}],"up":[{"embeddable":true,"href":"https:\/\/wordpress.nibis.de\/gskuesten\/wp-json\/wp\/v2\/pages\/24"}],"wp:attachment":[{"href":"https:\/\/wordpress.nibis.de\/gskuesten\/wp-json\/wp\/v2\/media?parent=26"}],"curies":[{"name":"wp","href":"https:\/\/api.w.org\/{rel}","templated":true}]}}