{"id":270,"date":"2017-02-01T15:47:20","date_gmt":"2017-02-01T14:47:20","guid":{"rendered":"http:\/\/wordpress.nibis.de\/gskuesten\/?page_id=270"},"modified":"2017-02-01T15:49:29","modified_gmt":"2017-02-01T14:49:29","slug":"foerderverein","status":"publish","type":"page","link":"https:\/\/wordpress.nibis.de\/gskuesten\/eltern\/foerderverein\/","title":{"rendered":"F\u00f6rderverein"},"content":{"rendered":"<p style=\"text-align: left\"><span style=\"font-family: tahoma,arial,helvetica,sans-serif;font-size: 12pt\">Unser F\u00f6rderverein begr\u00fc\u00dft Sie mit ausf\u00fchrlichen Informationen auf folgender Seite:<\/span><\/p>\n<p style=\"text-align: right\"><span style=\"font-family: tahoma,arial,helvetica,sans-serif;font-size: 12pt\"><a href=\"https:\/\/foerderverein-gskuesten.jimdo.com\/\">https:\/\/foerderverein-gskuesten.jimdo.com\/<\/a><\/span><\/p>\n","protected":false},"excerpt":{"rendered":"<p>Unser F\u00f6rderverein begr\u00fc\u00dft Sie mit ausf\u00fchrlichen Informationen auf folgender Seite: https:\/\/foerderverein-gskuesten.jimdo.com\/<\/p>\n","protected":false},"author":1181,"featured_media":0,"parent":38,"menu_order":0,"comment_status":"closed","ping_status":"closed","template":"","meta":{"footnotes":""},"class_list":["post-270","page","type-page","status-publish"],"_links":{"self":[{"href":"https:\/\/wordpress.nibis.de\/gskuesten\/wp-json\/wp\/v2\/pages\/270","targetHints":{"allow":["GET"]}}],"collection":[{"href":"https:\/\/wordpress.nibis.de\/gskuesten\/wp-json\/wp\/v2\/pages"}],"about":[{"href":"https:\/\/wordpress.nibis.de\/gskuesten\/wp-json\/wp\/v2\/types\/page"}],"author":[{"embeddable":true,"href":"https:\/\/wordpress.nibis.de\/gskuesten\/wp-json\/wp\/v2\/users\/1181"}],"replies":[{"embeddable":true,"href":"https:\/\/wordpress.nibis.de\/gskuesten\/wp-json\/wp\/v2\/comments?post=270"}],"version-history":[{"count":2,"href":"https:\/\/wordpress.nibis.de\/gskuesten\/wp-json\/wp\/v2\/pages\/270\/revisions"}],"predecessor-version":[{"id":273,"href":"https:\/\/wordpress.nibis.de\/gskuesten\/wp-json\/wp\/v2\/pages\/270\/revisions\/273"}],"up":[{"embeddable":true,"href":"https:\/\/wordpress.nibis.de\/gskuesten\/wp-json\/wp\/v2\/pages\/38"}],"wp:attachment":[{"href":"https:\/\/wordpress.nibis.de\/gskuesten\/wp-json\/wp\/v2\/media?parent=270"}],"curies":[{"name":"wp","href":"https:\/\/api.w.org\/{rel}","templated":true}]}}