{"id":29,"date":"2016-10-01T21:05:36","date_gmt":"2016-10-01T19:05:36","guid":{"rendered":"http:\/\/wordpress.nibis.de\/gskuesten\/?page_id=29"},"modified":"2016-10-07T12:39:31","modified_gmt":"2016-10-07T10:39:31","slug":"konzepte","status":"publish","type":"page","link":"https:\/\/wordpress.nibis.de\/gskuesten\/schule\/konzepte\/","title":{"rendered":"Konzepte"},"content":{"rendered":"<h3><strong><span style=\"font-family: trebuchet ms,geneva,sans-serif;font-size: 12pt;color: #ff6600\">Methodenkonzept<\/span><\/strong><\/h3>\n<p><span style=\"font-family: trebuchet ms,geneva,sans-serif;font-size: 12pt\">Ziel ist es, dass die Sch\u00fcler und Sch\u00fclerinnen Kenntnisse, Fertigkeiten, F\u00e4higkeiten und Kompetenzen erwerben, die als Voraussetzung f\u00fcr weiteres Lernen notwendig sind. Die Kinder sollen sich in den vier Grundschuljahren Methoden aneignen, um das Lernen zu lernen.<\/span><\/p>\n<p><span style=\"font-family: trebuchet ms,geneva,sans-serif;font-size: 12pt\">Die Sch\u00fcler und Sch\u00fclerinnen erwerben F\u00e4higkeiten in vier Methodenbereichen:<\/span><\/p>\n<p><span style=\"font-family: trebuchet ms,geneva,sans-serif;font-size: 12pt\">1. Sie lernen Arbeits- und Lerntechniken kennen<\/span><br \/>\n<span style=\"font-family: trebuchet ms,geneva,sans-serif;font-size: 12pt\">2. sie erwerben F\u00e4higkeiten der Kommunikation<\/span><br \/>\n<span style=\"font-family: trebuchet ms,geneva,sans-serif;font-size: 12pt\">3. sie lernen soziale Rollen, Verhaltensweisen, Selbstkritik und Reflektion<\/span><br \/>\n<span style=\"font-family: trebuchet ms,geneva,sans-serif;font-size: 12pt\">4. sie lernen Selbstst\u00e4ndigkeit und das \u00dcbernehmen von Verantwortung<\/span><\/p>\n<p><span style=\"font-family: trebuchet ms,geneva,sans-serif;font-size: 12pt\">Vertiefende Informationen finden Sie hier: <a href=\"http:\/\/wordpress.nibis.de\/gskuesten\/files\/2016\/10\/methodenkonzept.pdf\">methodenkonzept<\/a><\/span><\/p>\n<h3><strong><span style=\"font-family: trebuchet ms,geneva,sans-serif;font-size: 12pt;color: #ff6600\">Hausaufgabenkonzept<\/span><\/strong><\/h3>\n<p><span style=\"font-family: trebuchet ms,geneva,sans-serif;font-size: 12pt\">Aufgabe des Hausaufgabenkonzeptes ist es, Hausaufgeben sinnvoll in den Schulalltag zu integrieren, ohne dass sie zum mechanisch ablaufenden Schulgeschehen werden. Untersuchungen belegen, dass Sch\u00fcler, die regelm\u00e4\u00dfig Hausaufgaben anfertigen, bessere Leistungen in der Schule erzielen. Besonderes Anliegen von Hausaufgaben sollte die Entwicklung des selbstst\u00e4ndigen Lernens sein. Es wird ein Hausaufgabenheft gef\u00fchrt, welches zur Dokumentation der zu erledigenden Hausaufgaben und gleichzeitig als Mitteilungsheft f\u00fcr die Eltern dient.<\/span><\/p>\n<p><span style=\"font-family: trebuchet ms,geneva,sans-serif;font-size: 12pt\">Vertiefende Informationen finden Sie hier: <a href=\"http:\/\/wordpress.nibis.de\/gskuesten\/files\/2016\/10\/hausaufgabenkonzept.pdf\">hausaufgabenkonzept<\/a><br \/>\n<\/span><\/p>\n<h3><strong><span style=\"font-family: trebuchet ms,geneva,sans-serif;font-size: 12pt;color: #ff6600\">Medienkompetenz<\/span><\/strong><\/h3>\n<p><span style=\"font-family: trebuchet ms,geneva,sans-serif;font-size: 12pt\">In unserer Gesellschaft ist der Umgang mit Computer sowohl im beruflichen wie auch im privaten Bereich nicht mehr wegzudenken. Die Sch\u00fcler sollen bef\u00e4higt werden, sich selbstbewusst und verantwortungsvoll in der Medienwelt zu bewegen und diese zu nutzen.<\/span><\/p>\n<p><span style=\"font-family: trebuchet ms,geneva,sans-serif;font-size: 12pt\">Vertiefende Informationen finden Sie hier: <a href=\"http:\/\/wordpress.nibis.de\/gskuesten\/files\/2016\/10\/medienkompetenz.pdf\">medienkompetenz<\/a><br \/>\n<\/span><\/p>\n<h3><strong><span style=\"font-family: trebuchet ms,geneva,sans-serif;font-size: 12pt;color: #ff6600\">Gesundheitskonzept<\/span><\/strong><\/h3>\n<p><span style=\"font-family: trebuchet ms,geneva,sans-serif;font-size: 12pt\">Eine gesunde Lebensf\u00fchrung macht auch vor der Schult\u00fcr nicht halt. Bewegungsmangel und eine unausgewogene Ern\u00e4hrung k\u00f6nnen h\u00e4ufig zu verringerter Konzentrationsf\u00e4higkeit, geringe Ausdauer und Leistungsbereitschaft, nicht selten auch Unausgeglichenheit bis hin zur Aggressivit\u00e4t f\u00fchren. Deswegen macht es sich die Grundschule K\u00fcsten zur Aufgabe, ihren Sch\u00fcler\/innen die Themen: gesunde Lebensweise, Umgang mit Lebensmitteln, Tischkultur sowie Nachhaltigkeit nahe zu bringen.<\/span><\/p>\n<p><span style=\"font-family: trebuchet ms,geneva,sans-serif;font-size: 12pt\">Vertiefende Informationen finden Sie hier: <a href=\"http:\/\/wordpress.nibis.de\/gskuesten\/files\/2016\/10\/gesundheitskonzept.pdf\">gesundheitskonzept<\/a><br \/>\n<\/span><\/p>\n<h3><strong><span style=\"font-family: trebuchet ms,geneva,sans-serif;font-size: 12pt;color: #ff6600\">Gewaltpr\u00e4vention<\/span><\/strong><\/h3>\n<p><span style=\"font-family: trebuchet ms,geneva,sans-serif;font-size: 12pt\">Kleinere und gr\u00f6\u00dfere Streitigkeiten geh\u00f6ren zum Schulalltag dazu. Um dem vorzubeugen, oder in einer solchen Situation angemessen und schlichtend zu reagieren gibt es verschiedene Ans\u00e4tze, die Sie hier nachlesen k\u00f6nnen: <a href=\"http:\/\/wordpress.nibis.de\/gskuesten\/files\/2016\/10\/gewaltpraevention.pdf\">gewaltpraevention<\/a><br \/>\n<\/span><\/p>\n","protected":false},"excerpt":{"rendered":"<p>Methodenkonzept Ziel ist es, dass die Sch\u00fcler und Sch\u00fclerinnen Kenntnisse, Fertigkeiten, F\u00e4higkeiten und Kompetenzen erwerben, die als Voraussetzung f\u00fcr weiteres Lernen notwendig sind. Die Kinder sollen sich in den vier Grundschuljahren Methoden aneignen, um das Lernen zu lernen. Die Sch\u00fcler und Sch\u00fclerinnen erwerben F\u00e4higkeiten in vier Methodenbereichen: 1. Sie lernen Arbeits- und Lerntechniken kennen 2. &#8230; <a title=\"Konzepte\" class=\"read-more\" href=\"https:\/\/wordpress.nibis.de\/gskuesten\/schule\/konzepte\/\" aria-label=\"Mehr Informationen \u00fcber Konzepte\">Weiterlesen<\/a><\/p>\n","protected":false},"author":1181,"featured_media":0,"parent":24,"menu_order":1,"comment_status":"closed","ping_status":"closed","template":"","meta":{"footnotes":""},"class_list":["post-29","page","type-page","status-publish"],"_links":{"self":[{"href":"https:\/\/wordpress.nibis.de\/gskuesten\/wp-json\/wp\/v2\/pages\/29","targetHints":{"allow":["GET"]}}],"collection":[{"href":"https:\/\/wordpress.nibis.de\/gskuesten\/wp-json\/wp\/v2\/pages"}],"about":[{"href":"https:\/\/wordpress.nibis.de\/gskuesten\/wp-json\/wp\/v2\/types\/page"}],"author":[{"embeddable":true,"href":"https:\/\/wordpress.nibis.de\/gskuesten\/wp-json\/wp\/v2\/users\/1181"}],"replies":[{"embeddable":true,"href":"https:\/\/wordpress.nibis.de\/gskuesten\/wp-json\/wp\/v2\/comments?post=29"}],"version-history":[{"count":3,"href":"https:\/\/wordpress.nibis.de\/gskuesten\/wp-json\/wp\/v2\/pages\/29\/revisions"}],"predecessor-version":[{"id":136,"href":"https:\/\/wordpress.nibis.de\/gskuesten\/wp-json\/wp\/v2\/pages\/29\/revisions\/136"}],"up":[{"embeddable":true,"href":"https:\/\/wordpress.nibis.de\/gskuesten\/wp-json\/wp\/v2\/pages\/24"}],"wp:attachment":[{"href":"https:\/\/wordpress.nibis.de\/gskuesten\/wp-json\/wp\/v2\/media?parent=29"}],"curies":[{"name":"wp","href":"https:\/\/api.w.org\/{rel}","templated":true}]}}