{"id":34,"date":"2016-10-01T21:09:23","date_gmt":"2016-10-01T19:09:23","guid":{"rendered":"http:\/\/wordpress.nibis.de\/gskuesten\/?page_id=34"},"modified":"2019-09-04T15:03:35","modified_gmt":"2019-09-04T13:03:35","slug":"kollegiumklassen","status":"publish","type":"page","link":"https:\/\/wordpress.nibis.de\/gskuesten\/schule\/kollegiumklassen\/","title":{"rendered":"Datenschutz"},"content":{"rendered":"\n<p><strong>Informationsblatt gem\u00e4\u00df Art. 13 ff. Datenschutzgrundverordnung (DSGVO)<\/strong><\/p>\n\n\n\n<p>Sehr geehrte Eltern, sehr geehrte Erziehungsberechtigte,  hiermit informieren wir Sie \u00fcber die Verarbeitung personenbezogener Daten in unserer Schule.<\/p>\n\n\n\n<p><strong>I. Datenverarbeitung<\/strong><\/p>\n\n\n\n<p>Die Schule erhebt und speichert personenbezogene Daten der\nSch\u00fclerinnen und Sch\u00fcler und der Erziehungsberechtigten zum Zwecke der <strong>Erf\u00fcllung des Bildungsauftrags<\/strong> oder der\n<strong>F\u00fcrsorgeaufgaben<\/strong>, zur <strong>Erziehung<\/strong> oder <strong>F\u00f6rderung<\/strong> der Sch\u00fclerinnen und Sch\u00fcler oder zur Erforschung oder\nEntwicklung der <strong>Schulqualit\u00e4t,<\/strong>\nsoweit dies erforderlich ist. Rechtsgrundlage dieser Verarbeitung ist \u00a7 31\nAbs.1 Satz 1 des Nieders\u00e4chsischen Schulgesetzes (NSchG). Ohne eine rechtliche\nGrundlage ist die Verarbeitung personenbezogener Daten zul\u00e4ssig, wenn in die\nVerarbeitung eingewilligt wird. Die betreffenden Daten k\u00f6nnen freiwillig von\nIhnen angegeben werden.<\/p>\n\n\n\n<p>Welche personenbezogenen Daten die Schule zu welchen Zwecken\nverarbeitet, k\u00f6nnen Sie der im Anhang beigef\u00fcgten <strong>Tabelle <\/strong>entnehmen.<\/p>\n\n\n\n<p><strong>II. \u00dcbermittlungen personenbezogener Daten<\/strong><\/p>\n\n\n\n<p>Die Anschrift der Sch\u00fclerin oder des\nSch\u00fclers und der Erziehungsberechtigten wird an die Samtgemeinde als Tr\u00e4ger der\nSch\u00fclerbef\u00f6rderung und die unteren Gesundheitsbeh\u00f6rden zum Zwecke der\nDurchf\u00fchrung der Schuleingangsuntersuchung \u00fcbermittelt. Grundlage f\u00fcr diese\n\u00dcbermittlungen ist \u00a7 31 Abs.1 S.2 NSchG.<\/p>\n\n\n\n<p>Gem\u00e4\u00df \u00a7 31 Abs. 2 NSchG \u00fcbermittelt die zust\u00e4ndige Meldebeh\u00f6rde den\nGrundschulen personenbezogene Daten der im jeweiligen Schulbezirk gemeldeten\nKinder, deren Schulpflicht im folgenden Jahr beginnt, sowie die Daten der\ngesetzlichen Vertreter. &nbsp;Dies geschieht\nauch, wenn die Kinder vor dem Beginn der Schulpflicht durch Umzug innerhalb der\nGemeinde den Schulbezirk wechseln oder in die Gemeinde zuziehen. Die Schule\nerh\u00e4lt folgende Daten durch die Meldebeh\u00f6rde \u00fcbermittelt:<\/p>\n\n\n\n<p>1. zum\nKind <\/p>\n\n\n\n<p>a)\nFamilienname, <\/p>\n\n\n\n<p>b)\nVornamen unter Kennzeichnung des gebr\u00e4uchlichen Vornamens, <\/p>\n\n\n\n<p>c)\nGeburtsdatum und Geburtsort sowie bei Geburt im Ausland auch den Staat, <\/p>\n\n\n\n<p>d)\nGeschlecht,<\/p>\n\n\n\n<p>e)\nKonfession <\/p>\n\n\n\n<p>2.\nzu den gesetzlichen Vertreterinnen oder Vertretern <\/p>\n\n\n\n<p>a)\nFamilienname, <\/p>\n\n\n\n<p>b)\nVornamen, <\/p>\n\n\n\n<p>c)\nAnschrift, <\/p>\n\n\n\n<p>d)\nAuskunftssperren nach \u00a7 51 des Bundesmeldegesetzes und bedingte Sperrvermerke\nnach \u00a7 52 des Bundesmeldegesetzes.<\/p>\n\n\n\n<p>Diese Daten werden von der abgebenden Schule an die\naufnehmende Schule zum Zweck der \u00dcberwachung der Einhaltung der Schulpflicht \u00fcbermittelt,\nwenn eine schulpflichtige Sch\u00fclerin oder ein schulpflichtiger Sch\u00fcler die\nSchule innerhalb Niedersachsens wechselt. Weitere \u00dcbermittlungen sind der im\nAnhang beigef\u00fcgten Tabelle zu entnehmen.<\/p>\n\n\n\n<p><strong>Auftragsverarbeitung<\/strong> <\/p>\n\n\n\n<p>Die Westermann-Gruppe\nverarbeitet auf Grundlage eines schriftlichen\nVertrages als Auftragsverarbeiter weisungsgebunden personenbezogene Daten in\nunserem Auftrag im Rahmen der Nutzung des Online-Dienstes Antolin und der\nGrundschuldiagnose. <\/p>\n\n\n\n<p>Die Iserv GmbH\nverarbeitet auf Grundlage eines schriftlichen Vertrages als Auftragsverarbeiter\nweisungsgebunden personenbezogene Daten in unserem Auftrag zum Zwecke der\nWartung des Schulservers Iserv.<\/p>\n\n\n\n<p><strong>III. Dauer der Speicherung der\npersonenbezogenen Daten<\/strong><\/p>\n\n\n\n<p>Im Schulbereich ist f\u00fcr die Speicherdauer\nder Runderlass des Nieders\u00e4chsischen Kultusministeriums zur \u201eAufbewahrung von\nSchriftgut in \u00f6ffentlichen Schulen: L\u00f6schung personenbezogener Daten nach \u00a7 17\nAbs. 2 NDSG\u201c &nbsp;2.1.2012 (RdErl. d. MK v.\n2.1.2012 &#8211; 11-02201\/1, 05410\/1.2 (Nds.MBl. Nr.3\/2012 S.81; SVBl. 3\/2012 S.162)\n&#8211; VORIS 22560 &#8211; Im Einvernehmen mit der StK und dem MI -) ma\u00dfgebend. <\/p>\n\n\n\n<p><strong>IV. Betroffenenrechte<\/strong><\/p>\n\n\n\n<p>Sie k\u00f6nnen\nfolgende Rechte geltend machen:<\/p>\n\n\n\n<ul class=\"wp-block-list\"><li><strong>Auskunft\/ Akteneinsicht<\/strong><\/li><\/ul>\n\n\n\n<p>Gem. Art. 15 DSGVO haben Sie das Recht, Auskunft bzw. Akteneinsicht\n\u00fcber die von uns verarbeiteten personenbezogenen Daten zu erhalten<\/p>\n\n\n\n<ul class=\"wp-block-list\"><li><strong>Berichtigung<\/strong> <\/li><\/ul>\n\n\n\n<p>Sind bei uns gespeicherte personenbezogene Daten\nunrichtig oder unvollst\u00e4ndig, haben Sie gem. Art. 16 DSGVO das Recht, diese\nberichtigen bzw. vervollst\u00e4ndigen zu lassen. <\/p>\n\n\n\n<ul class=\"wp-block-list\"><li><strong>L\u00f6schung<\/strong> <\/li><\/ul>\n\n\n\n<p>Art. 17 DSGVO normiert das Recht auf L\u00f6schung\npersonenbezogener Daten. Dieses Recht steht Ihnen insbesondere dann zu, wenn die\nSpeicherung der personenbezogenen Daten zur Erf\u00fcllung unserer gesetzlichen\nAufgaben nicht mehr erforderlich ist oder Sie Ihre Einwilligung zur\nDatenverarbeitung mit Wirkung f\u00fcr die Zukunft widerrufen haben.<\/p>\n\n\n\n<ul class=\"wp-block-list\"><li><strong>Einschr\u00e4nkung der Verarbeitung<\/strong> <\/li><\/ul>\n\n\n\n<p>Gem. Art. 18 DSGVO k\u00f6nnen Sie die Einschr\u00e4nkung der\nVerarbeitung der personenbezogenen Daten verlangen, wenn<\/p>\n\n\n\n<ul class=\"wp-block-list\"><li>die Richtigkeit\nder Daten von Ihnen bestritten wird <ul><li>die\nVerarbeitung unrechtm\u00e4\u00dfig ist, Sie aber deren L\u00f6schung ablehnen<\/li><\/ul><ul><li>wir die Daten\nnicht mehr ben\u00f6tigen, Sie jedoch diese zur Geltendmachung, Aus\u00fcbung oder\nVerteidigung von Rechtsanspr\u00fcchen ben\u00f6tigen<\/li><\/ul><ul><li>oder Sie gem\u00e4\u00df\nArt. 21 DSGVO Widerspruch gegen die Verarbeitung eingelegt haben<\/li><\/ul><\/li><li><strong>Widerspruch<\/strong><\/li><\/ul>\n\n\n\n<p>Sie k\u00f6nnen bei Gr\u00fcnden, die sich aus Ihrer besonderen\nSituation ergeben, ein Widerspruchsrecht geltend machen. Gem. Art. 21 DSGVO ist\njedoch zu ber\u00fccksichtigten, ob schutzw\u00fcrdige Gr\u00fcnde f\u00fcr die Verarbeitung\nvorliegen oder die Verarbeitung der Geltendmachung, Aus\u00fcbung oder Verteidigung\nvon Rechtsanspr\u00fcchen dient.<\/p>\n\n\n\n<ul class=\"wp-block-list\"><li><strong>Daten\u00fcbertragbarkeit<\/strong><\/li><\/ul>\n\n\n\n<p>Ist die Verarbeitung Ihrer Daten mit Hilfe eines\nautomatisierten Verfahrens erfolgt, haben Sie gem. Art. 20 DSGVO das Recht, die\nDaten in einem g\u00e4ngigen und maschinenlesbaren Format zu erhalten und an eine\nandere Schule zu \u00fcbermitteln bzw. durch uns \u00fcbermitteln zu lassen.<\/p>\n\n\n\n<ul class=\"wp-block-list\"><li><strong>Widerruf der Einwilligung<\/strong><\/li><\/ul>\n\n\n\n<p>Sie haben gem. Art. 7 Absatz 3 DSGVO das Recht, eine\nuns erteilte Einwilligung jederzeit mit Wirkung f\u00fcr die Zukunft zu widerrufen.<\/p>\n\n\n\n<ul class=\"wp-block-list\"><li><strong>Beschwerde<\/strong> <\/li><\/ul>\n\n\n\n<p>Art. 77 DSGVO enth\u00e4lt ein Beschwerderecht bei der Aufsichtsbeh\u00f6rde. Die f\u00fcr uns zust\u00e4ndige Aufsichtsbeh\u00f6rde ist die Landesbeauftragte f\u00fcr den Datenschutz Niedersachsen, Prinzenstra\u00dfe 5, 30159 Hannover. E-Mail: <a href=\"&#x6d;a&#x69;&#108;&#x74;&#x6f;:&#x70;&#111;&#x73;&#x74;s&#x74;&#101;&#x6c;&#x6c;e&#x40;&#108;&#x66;&#x64;&#46;&#x6e;&#105;&#x65;&#x64;e&#x72;&#115;&#x61;&#x63;h&#x73;&#101;&#x6e;&#x2e;d&#x65;\">&#x70;&#111;s&#x74;&#115;t&#x65;&#x6c;&#108;&#x65;&#x40;&#108;f&#x64;&#46;n&#x69;&#x65;&#100;&#x65;&#x72;&#115;a&#x63;&#104;s&#x65;&#x6e;&#46;&#x64;&#x65;<\/a>.  Eine Beschwerde hat \u00fcber das auf der Homepage der Landesbeauftragten f\u00fcr  den Datenschutz eingestellte Beschwerdeformular zu erfolgen.<\/p>\n\n\n\n<p><strong>V. Verantwortlicher und\nDatenschutzbeauftragter<\/strong><\/p>\n\n\n\n<p>Die datenverarbeitende Stelle ist die  Johann Parum Schultze Grundschule,  L\u00fcchower Stra\u00dfe 26, 29483 K\u00fcsten. Unseren Datenschutzbeauftragten erreichen Sie unter der Emailadresse  <a href=\"&#x6d;&#x61;&#105;l&#x74;&#x6f;&#58;gs&#x6b;&#x75;&#101;s&#x74;&#x65;&#110;&#64;t&#x2d;&#x6f;&#110;l&#x69;&#x6e;&#101;&#46;d&#x65;\">&#103;&#x73;&#107;&#x75;e&#115;&#x74;&#101;&#x6e;&#64;&#x74;-&#111;&#x6e;&#108;&#x69;n&#x65;&#x2e;&#100;&#x65;<\/a> . <\/p>\n\n\n\n<figure class=\"wp-block-image\"><img loading=\"lazy\" decoding=\"async\" width=\"1031\" height=\"1263\" src=\"https:\/\/wordpress.nibis.de\/gskuesten\/files\/2019\/09\/Datenschutz.png\" alt=\"\" class=\"wp-image-762\" srcset=\"https:\/\/wordpress.nibis.de\/gskuesten\/files\/2019\/09\/Datenschutz.png 1031w, https:\/\/wordpress.nibis.de\/gskuesten\/files\/2019\/09\/Datenschutz-245x300.png 245w, https:\/\/wordpress.nibis.de\/gskuesten\/files\/2019\/09\/Datenschutz-768x941.png 768w, https:\/\/wordpress.nibis.de\/gskuesten\/files\/2019\/09\/Datenschutz-836x1024.png 836w\" sizes=\"auto, (max-width: 1031px) 100vw, 1031px\" \/><\/figure>\n","protected":false},"excerpt":{"rendered":"<p>Informationsblatt gem\u00e4\u00df Art. 13 ff. Datenschutzgrundverordnung (DSGVO) Sehr geehrte Eltern, sehr geehrte Erziehungsberechtigte, hiermit informieren wir Sie \u00fcber die Verarbeitung personenbezogener Daten in unserer Schule. I. Datenverarbeitung Die Schule erhebt und speichert personenbezogene Daten der Sch\u00fclerinnen und Sch\u00fcler und der Erziehungsberechtigten zum Zwecke der Erf\u00fcllung des Bildungsauftrags oder der F\u00fcrsorgeaufgaben, zur Erziehung oder F\u00f6rderung der &#8230; <a title=\"Datenschutz\" class=\"read-more\" href=\"https:\/\/wordpress.nibis.de\/gskuesten\/schule\/kollegiumklassen\/\" aria-label=\"Mehr Informationen \u00fcber Datenschutz\">Weiterlesen<\/a><\/p>\n","protected":false},"author":1181,"featured_media":0,"parent":24,"menu_order":2,"comment_status":"closed","ping_status":"closed","template":"","meta":{"footnotes":""},"class_list":["post-34","page","type-page","status-publish"],"_links":{"self":[{"href":"https:\/\/wordpress.nibis.de\/gskuesten\/wp-json\/wp\/v2\/pages\/34","targetHints":{"allow":["GET"]}}],"collection":[{"href":"https:\/\/wordpress.nibis.de\/gskuesten\/wp-json\/wp\/v2\/pages"}],"about":[{"href":"https:\/\/wordpress.nibis.de\/gskuesten\/wp-json\/wp\/v2\/types\/page"}],"author":[{"embeddable":true,"href":"https:\/\/wordpress.nibis.de\/gskuesten\/wp-json\/wp\/v2\/users\/1181"}],"replies":[{"embeddable":true,"href":"https:\/\/wordpress.nibis.de\/gskuesten\/wp-json\/wp\/v2\/comments?post=34"}],"version-history":[{"count":6,"href":"https:\/\/wordpress.nibis.de\/gskuesten\/wp-json\/wp\/v2\/pages\/34\/revisions"}],"predecessor-version":[{"id":771,"href":"https:\/\/wordpress.nibis.de\/gskuesten\/wp-json\/wp\/v2\/pages\/34\/revisions\/771"}],"up":[{"embeddable":true,"href":"https:\/\/wordpress.nibis.de\/gskuesten\/wp-json\/wp\/v2\/pages\/24"}],"wp:attachment":[{"href":"https:\/\/wordpress.nibis.de\/gskuesten\/wp-json\/wp\/v2\/media?parent=34"}],"curies":[{"name":"wp","href":"https:\/\/api.w.org\/{rel}","templated":true}]}}