{"id":40,"date":"2016-10-01T21:14:35","date_gmt":"2016-10-01T19:14:35","guid":{"rendered":"http:\/\/wordpress.nibis.de\/gskuesten\/?page_id=40"},"modified":"2023-02-01T08:53:54","modified_gmt":"2023-02-01T07:53:54","slug":"elternhandbuch","status":"publish","type":"page","link":"https:\/\/wordpress.nibis.de\/gskuesten\/eltern\/elternhandbuch\/","title":{"rendered":"Elternhandbuch"},"content":{"rendered":"\n<p>Um Ihnen die Orientierung in unserer Schule zu vereinfachen, gibt es das Elternhandbuch. Zur Einschulung Ihres Kindes erhalten Sie ein gedrucktes, schuljahraktuelles Exemplar. Das hier zur Verf\u00fcgung gestellte beinhaltet die immerw\u00e4hrenden, allgemeing\u00fcltigen Seiten:<\/p>\n<p><a href=\"https:\/\/wordpress.nibis.de\/gskuesten\/files\/2023\/02\/E-l-t-e-r-n-h-a-n-d-b-u-c-h-Homepageversion.pdf\">E l t e r n h a n d b u c h (Homepageversion)<\/a><\/p>\n","protected":false},"excerpt":{"rendered":"<p>Um Ihnen die Orientierung in unserer Schule zu vereinfachen, gibt es das Elternhandbuch. Zur Einschulung Ihres Kindes erhalten Sie ein gedrucktes, schuljahraktuelles Exemplar. Das hier zur Verf\u00fcgung gestellte beinhaltet die immerw\u00e4hrenden, allgemeing\u00fcltigen Seiten: E l t e r n h a n d b u c h (Homepageversion)<\/p>\n","protected":false},"author":1181,"featured_media":0,"parent":38,"menu_order":0,"comment_status":"closed","ping_status":"closed","template":"","meta":{"footnotes":""},"class_list":["post-40","page","type-page","status-publish"],"_links":{"self":[{"href":"https:\/\/wordpress.nibis.de\/gskuesten\/wp-json\/wp\/v2\/pages\/40","targetHints":{"allow":["GET"]}}],"collection":[{"href":"https:\/\/wordpress.nibis.de\/gskuesten\/wp-json\/wp\/v2\/pages"}],"about":[{"href":"https:\/\/wordpress.nibis.de\/gskuesten\/wp-json\/wp\/v2\/types\/page"}],"author":[{"embeddable":true,"href":"https:\/\/wordpress.nibis.de\/gskuesten\/wp-json\/wp\/v2\/users\/1181"}],"replies":[{"embeddable":true,"href":"https:\/\/wordpress.nibis.de\/gskuesten\/wp-json\/wp\/v2\/comments?post=40"}],"version-history":[{"count":2,"href":"https:\/\/wordpress.nibis.de\/gskuesten\/wp-json\/wp\/v2\/pages\/40\/revisions"}],"predecessor-version":[{"id":1270,"href":"https:\/\/wordpress.nibis.de\/gskuesten\/wp-json\/wp\/v2\/pages\/40\/revisions\/1270"}],"up":[{"embeddable":true,"href":"https:\/\/wordpress.nibis.de\/gskuesten\/wp-json\/wp\/v2\/pages\/38"}],"wp:attachment":[{"href":"https:\/\/wordpress.nibis.de\/gskuesten\/wp-json\/wp\/v2\/media?parent=40"}],"curies":[{"name":"wp","href":"https:\/\/api.w.org\/{rel}","templated":true}]}}