{"id":47,"date":"2016-10-01T21:24:23","date_gmt":"2016-10-01T19:24:23","guid":{"rendered":"http:\/\/wordpress.nibis.de\/gskuesten\/?page_id=47"},"modified":"2026-04-13T16:59:11","modified_gmt":"2026-04-13T14:59:11","slug":"formulare","status":"publish","type":"page","link":"https:\/\/wordpress.nibis.de\/gskuesten\/eltern\/formulare\/","title":{"rendered":"Formulare"},"content":{"rendered":"\n<p>\u00a0<\/p>\n<p>Anmeldung an der Grundschule K\u00fcsten:<\/p>\n<p><a href=\"https:\/\/wordpress.nibis.de\/gskuesten\/files\/2026\/04\/Anmeldebogen-fuer-Schulanmeldung.pdf\">Anmeldebogen<\/a><\/p>\n<p>Anmeldung zum Ganztag:<\/p>\n<p><a href=\"https:\/\/wordpress.nibis.de\/gskuesten\/files\/2023\/01\/Ganztagsanmeldung.pdf\">Ganztagsanmeldung<\/a><\/p>\n<p>Anmeldung zum Mittagessen \u00fcber die Homepage des Essenanbieteres:<\/p>\n<p><a href=\"https:\/\/www.hof-kunitz.de\/Gastronomie\/Schulessen\">Kartoffelhof Kunitz &#8211; Schulessen<\/a><\/p>\n<p>Wenn Ihr Kind eine andere Schule als die Grundschule K\u00fcsten besuchen soll:<\/p>\n\n\n\n<p><a href=\"https:\/\/wordpress.nibis.de\/gskuesten\/files\/2023\/01\/Ausnahmegenehmigung-Merkblatt.pdf\">Ausnahmeantrag Merkblatt<\/a><\/p>\n<p><a href=\"https:\/\/wordpress.nibis.de\/gskuesten\/files\/2023\/01\/Ausnahmegenehmigung.pdf\">Ausnahmeantrag<\/a><\/p>\n<p>Wenn Sie Sonderurlaub f\u00fcr Ihr Kind beantragen wollen:<\/p>\n<p><a href=\"https:\/\/wordpress.nibis.de\/gskuesten\/files\/2023\/09\/Hinweise-zur-Beurlaubung-von-SchuelerInnen.pdf\">Hinweise zur Beurlaubung von Sch\u00fclerInnen<\/a><\/p>\n<p><a href=\"https:\/\/wordpress.nibis.de\/gskuesten\/files\/2023\/01\/Antrag-Beurlaubung.pdf\">Antrag Beurlaubung<\/a><\/p>\n<p>Wenn Sie m\u00f6chten, dass Ihr Kind ein Schuljahr wiederholt:<\/p>\n<p><a href=\"https:\/\/wordpress.nibis.de\/gskuesten\/files\/2023\/02\/Antrag-Freiwilliges-Zuruecktreten.pdf\">Antrag Freiwilliges Zur\u00fccktreten<\/a><\/p>\n","protected":false},"excerpt":{"rendered":"<p>\u00a0 Anmeldung an der Grundschule K\u00fcsten: Anmeldebogen Anmeldung zum Ganztag: Ganztagsanmeldung Anmeldung zum Mittagessen \u00fcber die Homepage des Essenanbieteres: Kartoffelhof Kunitz &#8211; Schulessen Wenn Ihr Kind eine andere Schule als die Grundschule K\u00fcsten besuchen soll: Ausnahmeantrag Merkblatt Ausnahmeantrag Wenn Sie Sonderurlaub f\u00fcr Ihr Kind beantragen wollen: Hinweise zur Beurlaubung von Sch\u00fclerInnen Antrag Beurlaubung Wenn Sie &#8230; <a title=\"Formulare\" class=\"read-more\" href=\"https:\/\/wordpress.nibis.de\/gskuesten\/eltern\/formulare\/\" aria-label=\"Mehr Informationen \u00fcber Formulare\">Weiterlesen<\/a><\/p>\n","protected":false},"author":1181,"featured_media":0,"parent":38,"menu_order":3,"comment_status":"closed","ping_status":"closed","template":"","meta":{"footnotes":""},"class_list":["post-47","page","type-page","status-publish"],"_links":{"self":[{"href":"https:\/\/wordpress.nibis.de\/gskuesten\/wp-json\/wp\/v2\/pages\/47","targetHints":{"allow":["GET"]}}],"collection":[{"href":"https:\/\/wordpress.nibis.de\/gskuesten\/wp-json\/wp\/v2\/pages"}],"about":[{"href":"https:\/\/wordpress.nibis.de\/gskuesten\/wp-json\/wp\/v2\/types\/page"}],"author":[{"embeddable":true,"href":"https:\/\/wordpress.nibis.de\/gskuesten\/wp-json\/wp\/v2\/users\/1181"}],"replies":[{"embeddable":true,"href":"https:\/\/wordpress.nibis.de\/gskuesten\/wp-json\/wp\/v2\/comments?post=47"}],"version-history":[{"count":9,"href":"https:\/\/wordpress.nibis.de\/gskuesten\/wp-json\/wp\/v2\/pages\/47\/revisions"}],"predecessor-version":[{"id":2115,"href":"https:\/\/wordpress.nibis.de\/gskuesten\/wp-json\/wp\/v2\/pages\/47\/revisions\/2115"}],"up":[{"embeddable":true,"href":"https:\/\/wordpress.nibis.de\/gskuesten\/wp-json\/wp\/v2\/pages\/38"}],"wp:attachment":[{"href":"https:\/\/wordpress.nibis.de\/gskuesten\/wp-json\/wp\/v2\/media?parent=47"}],"curies":[{"name":"wp","href":"https:\/\/api.w.org\/{rel}","templated":true}]}}