{"id":51,"date":"2016-10-01T21:34:09","date_gmt":"2016-10-01T19:34:09","guid":{"rendered":"http:\/\/wordpress.nibis.de\/gskuesten\/?page_id=51"},"modified":"2024-06-10T20:31:34","modified_gmt":"2024-06-10T18:31:34","slug":"impressum","status":"publish","type":"page","link":"https:\/\/wordpress.nibis.de\/gskuesten\/impressum\/","title":{"rendered":"Impressum"},"content":{"rendered":"<p><span style=\"font-family: trebuchet ms,geneva,sans-serif\"><span style=\"color: #ff6600\"><strong>Land Niedersachsen<\/strong><\/span> (Dienstanbieter im Sinne des Telemediengesetzes)<\/span><br \/>\n<span style=\"font-family: trebuchet ms,geneva,sans-serif\">Das Land Niedersachsen ist eine juristische Person des \u00f6ffentlichen Rechts<\/span><br \/>\n<span style=\"font-family: trebuchet ms,geneva,sans-serif\">vertreten durch:<\/span><\/p>\n<p><span style=\"font-family: trebuchet ms,geneva,sans-serif\"><span style=\"color: #ff6600\"><strong>Jenny Pieper<\/strong><\/span> (Schulleiterin)<\/span><\/p>\n<p><span style=\"color: #ff6600;font-family: trebuchet ms,geneva,sans-serif\"><strong><span style=\"color: #000000\">Johann Parum Schultze Grundschule<\/span> <\/strong><\/span><br \/>\n<span style=\"font-family: trebuchet ms,geneva,sans-serif\">L\u00fcchower Stra\u00dfe 26 <\/span><br \/>\n<span style=\"font-family: trebuchet ms,geneva,sans-serif\">29482 K\u00fcsten<\/span><\/p>\n<p><span style=\"font-family: trebuchet ms,geneva,sans-serif\">Tel.: 05841 5423<\/span><br \/>\n<span style=\"font-family: trebuchet ms,geneva,sans-serif\"> Fax: 05841 709754<\/span><br \/>\n<span style=\"font-family: trebuchet ms,geneva,sans-serif\"> E-Mail: g&#114;&#x75;&#x6e;d&#115;&#x63;&#x68;u&#108;&#x65;&#x40;k&#117;&#x65;&#x73;t&#101;&#x6e;&#x2e;w&#101;&#110;&#x64;&#x6c;a&#110;&#x64;&#x73;c&#104;&#x75;&#x6c;e&#110;&#x2e;&#x64;e<\/span><\/p>\n<p><a href=\"https:\/\/wordpress.nibis.de\/gskuesten\/schule\/kollegiumklassen\/\">Informationen zum Datenschutz.\u00a0<\/a> Den Datenschutzbeauftragten erreichen Sie ebenfalls \u00fcber die angegegebe Schul-E-Mail.<\/p>\n<p><strong><span style=\"font-family: trebuchet ms,geneva,sans-serif;font-size: 12pt\">Disclaimer<\/span><\/strong><\/p>\n<p><span style=\"font-family: trebuchet ms,geneva,sans-serif;font-size: 12pt\">Diese Webseite beinhaltet externe Links. Deren Inhalte entziehen sich unserer Einflussnahme, sodass eine Gew\u00e4hr f\u00fcr solche Inhalte von uns nicht \u00fcbernommen werden kann.<\/span><\/p>\n<p><span style=\"font-family: trebuchet ms,geneva,sans-serif;font-size: 12pt\">Die Verantwortung liegt stets beim jeweiligen Betreiber der externen Seiten. Zum Zeitpunkt der Verkn\u00fcpfung der externen Links waren keine Rechtsverst\u00f6\u00dfe ersichtlich. Die permanente \u00dcberwachung fremder Inhalte auf Rechtsverst\u00f6\u00dfe ohne konkrete Hinweise ist uns nicht zumutbar.<\/span><\/p>\n<p><span style=\"font-family: trebuchet ms,geneva,sans-serif;font-size: 12pt\">Sollten wir Kenntnis von Rechtsverletzungen erlangen, werden wir die entsprechenden externen Links unverz\u00fcglich entfernen.<\/span><\/p>\n","protected":false},"excerpt":{"rendered":"<p>Land Niedersachsen (Dienstanbieter im Sinne des Telemediengesetzes) Das Land Niedersachsen ist eine juristische Person des \u00f6ffentlichen Rechts vertreten durch: Jenny Pieper (Schulleiterin) Johann Parum Schultze Grundschule L\u00fcchower Stra\u00dfe 26 29482 K\u00fcsten Tel.: 05841 5423 Fax: 05841 709754 E-Mail: &#103;&#114;&#x75;n&#100;&#x73;&#x63;h&#117;&#x6c;&#x65;&#64;&#107;&#x75;e&#115;&#x74;&#x65;n&#46;&#x77;&#x65;n&#100;&#x6c;a&#110;&#x64;&#x73;c&#104;&#x75;&#x6c;e&#110;&#x2e;&#x64;&#101; Informationen zum Datenschutz.\u00a0 Den Datenschutzbeauftragten erreichen Sie ebenfalls \u00fcber die angegegebe Schul-E-Mail. Disclaimer Diese Webseite beinhaltet &#8230; <a title=\"Impressum\" class=\"read-more\" href=\"https:\/\/wordpress.nibis.de\/gskuesten\/impressum\/\" aria-label=\"Mehr Informationen \u00fcber Impressum\">Weiterlesen<\/a><\/p>\n","protected":false},"author":1181,"featured_media":0,"parent":0,"menu_order":0,"comment_status":"closed","ping_status":"closed","template":"","meta":{"footnotes":""},"class_list":["post-51","page","type-page","status-publish"],"_links":{"self":[{"href":"https:\/\/wordpress.nibis.de\/gskuesten\/wp-json\/wp\/v2\/pages\/51","targetHints":{"allow":["GET"]}}],"collection":[{"href":"https:\/\/wordpress.nibis.de\/gskuesten\/wp-json\/wp\/v2\/pages"}],"about":[{"href":"https:\/\/wordpress.nibis.de\/gskuesten\/wp-json\/wp\/v2\/types\/page"}],"author":[{"embeddable":true,"href":"https:\/\/wordpress.nibis.de\/gskuesten\/wp-json\/wp\/v2\/users\/1181"}],"replies":[{"embeddable":true,"href":"https:\/\/wordpress.nibis.de\/gskuesten\/wp-json\/wp\/v2\/comments?post=51"}],"version-history":[{"count":11,"href":"https:\/\/wordpress.nibis.de\/gskuesten\/wp-json\/wp\/v2\/pages\/51\/revisions"}],"predecessor-version":[{"id":1410,"href":"https:\/\/wordpress.nibis.de\/gskuesten\/wp-json\/wp\/v2\/pages\/51\/revisions\/1410"}],"wp:attachment":[{"href":"https:\/\/wordpress.nibis.de\/gskuesten\/wp-json\/wp\/v2\/media?parent=51"}],"curies":[{"name":"wp","href":"https:\/\/api.w.org\/{rel}","templated":true}]}}