{"id":53,"date":"2016-10-01T21:34:54","date_gmt":"2016-10-01T19:34:54","guid":{"rendered":"http:\/\/wordpress.nibis.de\/gskuesten\/?page_id=53"},"modified":"2026-04-13T17:01:05","modified_gmt":"2026-04-13T15:01:05","slug":"ganztagsangebot","status":"publish","type":"page","link":"https:\/\/wordpress.nibis.de\/gskuesten\/eltern\/ganztagsangebot\/","title":{"rendered":"Ganztagsangebot"},"content":{"rendered":"<p><span style=\"font-family: trebuchet ms,geneva,sans-serif;font-size: 12pt\">Seit dem Schuljahr 2016\/2017 ist die Grundschule K\u00fcsten an drei Wochentagen eine offene Ganztagsschule. Die Teilnahme ist demnach freiwillig. <\/span><span style=\"font-family: trebuchet ms,geneva,sans-serif;font-size: 12pt\">Ihr Kind wird am ausgew\u00e4hlten Wochentag bis 15.00 Uhr durch die Schule betreut. Zur Ganztagsbetreuung geh\u00f6ren ein gemeinsames Mittagessen, eine feste Hausaufgabenzeit und ein gestaltest Nachmittagsangebot. Die Buskinder werden anschlie\u00dfend vom Schulbus nach Hause gebracht. <\/span><\/p>\n<p><img loading=\"lazy\" decoding=\"async\" class=\"wp-image-190 aligncenter\" src=\"http:\/\/wordpress.nibis.de\/gskuesten\/files\/2016\/10\/Ganztagszeiten.png\" alt=\"ganztagszeiten\" width=\"622\" height=\"217\" srcset=\"https:\/\/wordpress.nibis.de\/gskuesten\/files\/2016\/10\/Ganztagszeiten.png 688w, https:\/\/wordpress.nibis.de\/gskuesten\/files\/2016\/10\/Ganztagszeiten-300x105.png 300w\" sizes=\"auto, (max-width: 622px) 100vw, 622px\" \/><\/p>\n<p><span style=\"font-family: trebuchet ms,geneva,sans-serif;font-size: 12pt\">F\u00fcr unsere Erstkl\u00e4sser empfehlen wir die Teilnahme im ersten Schulhalbjahr nicht, da die Neulinge meistens sehr froh sind, wenn sie um 12.30 Uhr, m\u00fcde von den vielen Eindr\u00fccken, nach Hause kommen k\u00f6nnen. <\/span><\/p>\n<p><strong><span style=\"font-family: trebuchet ms,geneva,sans-serif;font-size: 12pt;color: #ff6600\">Anmeldung<\/span><\/strong><\/p>\n<p><span style=\"font-family: trebuchet ms,geneva,sans-serif;font-size: 12pt\">Die Anmeldung ist <span style=\"color: #ff6600\">freiwillig f\u00fcr alle Klassen<\/span> m\u00f6glich. Eine get\u00e4tigte Anmeldung ist <span style=\"color: #ff6600\">f\u00fcr ein Schulhalbjahr verbindlich <span style=\"color: #000000\">g\u00fcltig<\/span><\/span>, danach m\u00fcssen Sie Ihr Kind erneut f\u00fcr die Ganztagsbetreung an- oder es abmelden. Eine vorzeitige Abmeldung oder ein Zwischendurcheinstieg im laufenden Schuljahr sind nur unter au\u00dfergew\u00f6hnlichen Umst\u00e4nden m\u00f6glich. <\/span><span style=\"font-family: trebuchet ms,geneva,sans-serif;font-size: 12pt\">Die Ganztagsbetreuung erfolgt an drei Wochentagen, <span style=\"color: #ff6600\">Dienstag, Mittwoch und Donnerstag<\/span>, von denen Sie die ben\u00f6tigten Tage ausw\u00e4hlen. <\/span><\/p>\n<p>Formular: \u00a0<a href=\"https:\/\/wordpress.nibis.de\/gskuesten\/files\/2023\/01\/Ganztagsanmeldung.pdf\">Ganztagsanmeldung<\/a><\/p>\n<p><span style=\"font-family: trebuchet ms,geneva,sans-serif;font-size: 12pt\">F\u00fcr das <span style=\"color: #ff6600\">1. Halbjahr<\/span> melden Sie sich <span style=\"color: #ff6600\">vor den Sommerferien<\/span> an. <\/span><br \/>\n<span style=\"font-family: trebuchet ms,geneva,sans-serif;font-size: 12pt\">F\u00fcr das <span style=\"color: #ff6600\">2. Halbjahr<\/span> melden Sie sich <span style=\"color: #ff6600\">vor den Weihnachtsferien<\/span> an. <\/span><\/p>\n<p><strong><span style=\"font-family: trebuchet ms,geneva,sans-serif;font-size: 12pt;color: #ff6600\">Mittagessen<\/span><\/strong><\/p>\n<p><span style=\"font-family: trebuchet ms,geneva,sans-serif;font-size: 12pt\">Das Mittagessen wird uns vom <a href=\"http:\/\/www.kartoffelhof-kunitz.de\/\">Kartoffelhof Kunitz<\/a> geliefert. <span style=\"color: #ff6600\">F\u00fcr die Bestellung und Bezahlung des Mittagessens sind Sie verantwortlich<\/span>. Nach der Anmeldung zur Betreuung erstellt der Kartoffelhof Kunitz ein Onlinekonto f\u00fcr Ihr Kind. Auf dieses Konto zahlen Sie Geld ein und bestellen das Men\u00fc f\u00fcr Ihr Kind. <\/span><\/p>\n<p><span style=\"font-family: trebuchet ms,geneva,sans-serif;font-size: 12pt\">Auf Nachfrage zeigen und erkl\u00e4ren wir Ihnen die Handhabe des Onlinekontos in der Schule. <\/span><\/p>\n<p><strong><span style=\"font-family: trebuchet ms,geneva,sans-serif;font-size: 12pt;color: #ff6600\">Hausaufgabenbetreuung<\/span><\/strong><\/p>\n<p><span style=\"font-family: trebuchet ms,geneva,sans-serif;font-size: 12pt\">Die Beaufsichtigung und Kontrolle der Hausaufgaben <span style=\"color: #ff6600\">erfolgt ausschlie\u00dflich durch Lehrer<\/span>. Ihr Kind hat 45 Minuten Zeit, diese zu erledigen. Je nach Klassenstufe und Leistungsverm\u00f6gen wird diese Zeit voll ausgesch\u00f6pft oder nicht. Die Hausaufgabenbetreuung <span style=\"color: #ff6600\">entbindet Sie nicht von Heimarbeit<\/span>! <\/span><br \/>\n<span style=\"font-family: trebuchet ms,geneva,sans-serif;font-size: 12pt\">Einige Beispiele:<\/span> <span style=\"font-family: trebuchet ms,geneva,sans-serif;font-size: 12pt\">In der 1. Klasse muss jeden Tag zu Hause gelesen werden, die 2. Klasse muss t\u00e4glich das 1&#215;1 \u00fcben, die 3. und 4. Klasse muss einen Vortrag \u00fcben, in allen Klassenstufen werden Gedichte gelernt&#8230; etc. <\/span><\/p>\n<p><span style=\"font-family: trebuchet ms,geneva,sans-serif;font-size: 12pt\">Wir Lehrer bem\u00fchen uns, die Hausaufgabenmenge so anzulegen, dass Ihr Kind diese in 45 Minuten bew\u00e4ltigen kann. Schafft Ihr Kind diese mal nicht, m\u00fcssen Sie zu Hause noch einmal einen Blick darauf werfen. <\/span><\/p>\n<p><strong><span style=\"font-family: trebuchet ms,geneva,sans-serif;font-size: 12pt;color: #ff6600\">Angebote<\/span><\/strong><\/p>\n<p><span style=\"font-family: trebuchet ms,geneva,sans-serif;font-size: 12pt\">Als Grundsatz gilt, dass sich die Angebote <span style=\"color: #ff6600\">in Menge und Art nach den angemeldeten Kindern richten<\/span>. Das hei\u00dft, die Angebote\u00a0 k\u00f6nnen von Halbjahr zu Halbjahr <span style=\"color: #ff6600\">variieren<\/span>. Ihr Kind kann nicht f\u00fcr ein spezielles Angebot anmeldet werden. <\/span><\/p>\n","protected":false},"excerpt":{"rendered":"<p>Seit dem Schuljahr 2016\/2017 ist die Grundschule K\u00fcsten an drei Wochentagen eine offene Ganztagsschule. Die Teilnahme ist demnach freiwillig. Ihr Kind wird am ausgew\u00e4hlten Wochentag bis 15.00 Uhr durch die Schule betreut. Zur Ganztagsbetreuung geh\u00f6ren ein gemeinsames Mittagessen, eine feste Hausaufgabenzeit und ein gestaltest Nachmittagsangebot. Die Buskinder werden anschlie\u00dfend vom Schulbus nach Hause gebracht. F\u00fcr &#8230; <a title=\"Ganztagsangebot\" class=\"read-more\" href=\"https:\/\/wordpress.nibis.de\/gskuesten\/eltern\/ganztagsangebot\/\" aria-label=\"Mehr Informationen \u00fcber Ganztagsangebot\">Weiterlesen<\/a><\/p>\n","protected":false},"author":1181,"featured_media":0,"parent":38,"menu_order":1,"comment_status":"closed","ping_status":"closed","template":"","meta":{"footnotes":""},"class_list":["post-53","page","type-page","status-publish"],"_links":{"self":[{"href":"https:\/\/wordpress.nibis.de\/gskuesten\/wp-json\/wp\/v2\/pages\/53","targetHints":{"allow":["GET"]}}],"collection":[{"href":"https:\/\/wordpress.nibis.de\/gskuesten\/wp-json\/wp\/v2\/pages"}],"about":[{"href":"https:\/\/wordpress.nibis.de\/gskuesten\/wp-json\/wp\/v2\/types\/page"}],"author":[{"embeddable":true,"href":"https:\/\/wordpress.nibis.de\/gskuesten\/wp-json\/wp\/v2\/users\/1181"}],"replies":[{"embeddable":true,"href":"https:\/\/wordpress.nibis.de\/gskuesten\/wp-json\/wp\/v2\/comments?post=53"}],"version-history":[{"count":11,"href":"https:\/\/wordpress.nibis.de\/gskuesten\/wp-json\/wp\/v2\/pages\/53\/revisions"}],"predecessor-version":[{"id":2116,"href":"https:\/\/wordpress.nibis.de\/gskuesten\/wp-json\/wp\/v2\/pages\/53\/revisions\/2116"}],"up":[{"embeddable":true,"href":"https:\/\/wordpress.nibis.de\/gskuesten\/wp-json\/wp\/v2\/pages\/38"}],"wp:attachment":[{"href":"https:\/\/wordpress.nibis.de\/gskuesten\/wp-json\/wp\/v2\/media?parent=53"}],"curies":[{"name":"wp","href":"https:\/\/api.w.org\/{rel}","templated":true}]}}