{"id":64,"date":"2016-10-01T22:37:46","date_gmt":"2016-10-01T20:37:46","guid":{"rendered":"http:\/\/wordpress.nibis.de\/gskuesten\/?page_id=64"},"modified":"2023-02-01T08:36:17","modified_gmt":"2023-02-01T07:36:17","slug":"kontakt","status":"publish","type":"page","link":"https:\/\/wordpress.nibis.de\/gskuesten\/kontakt\/","title":{"rendered":"Kontakt"},"content":{"rendered":"<p><span style=\"font-family: trebuchet ms,geneva,sans-serif;color: #ff6600\">Johann Parum Schultze Grundschule<\/span><br \/>\n<span style=\"font-family: trebuchet ms,geneva,sans-serif\">L\u00fcchower Stra\u00dfe 26<\/span><br \/>\n<span style=\"font-family: trebuchet ms,geneva,sans-serif\">29482 K\u00fcsten <\/span><\/p>\n<p><span style=\"font-family: trebuchet ms,geneva,sans-serif\">Tel.: 05841\u00a0 5423<\/span><br \/>\n<span style=\"font-family: trebuchet ms,geneva,sans-serif\"> Fax: 05841\u00a0 709754<\/span><br \/>\n<span style=\"font-family: trebuchet ms,geneva,sans-serif\"> E-Mail: &#x67;&#x72;&#117;n&#x64;&#x73;&#x63;&#104;u&#x6c;&#x65;&#x40;&#107;u&#x65;&#x73;&#x74;&#101;n&#x2e;&#x77;&#x65;&#110;d&#x6c;&#x61;&#x6e;&#100;s&#x63;&#x68;&#x75;&#108;e&#x6e;&#x2e;&#x64;&#101;<br \/>\n<\/span><\/p>\n<p><span style=\"font-family: trebuchet ms,geneva,sans-serif\">Sprechzeiten: <\/span><br \/>\n<span style=\"font-family: trebuchet ms,geneva,sans-serif\">Bitte vereinbaren Sie telefonisch oder per E-Mail einen Gespr\u00e4chstermin.<\/span><\/p>\n","protected":false},"excerpt":{"rendered":"<p>Johann Parum Schultze Grundschule L\u00fcchower Stra\u00dfe 26 29482 K\u00fcsten Tel.: 05841\u00a0 5423 Fax: 05841\u00a0 709754 E-Mail: grundschule&#64;kuesten&#46;wend&#108;&#97;&#110;&#100;&#115;&#99;&#104;&#117;&#108;&#101;&#110;&#46;&#100;&#101; Sprechzeiten: Bitte vereinbaren Sie telefonisch oder per E-Mail einen Gespr\u00e4chstermin.<\/p>\n","protected":false},"author":1181,"featured_media":0,"parent":0,"menu_order":0,"comment_status":"closed","ping_status":"closed","template":"","meta":{"footnotes":""},"class_list":["post-64","page","type-page","status-publish"],"_links":{"self":[{"href":"https:\/\/wordpress.nibis.de\/gskuesten\/wp-json\/wp\/v2\/pages\/64","targetHints":{"allow":["GET"]}}],"collection":[{"href":"https:\/\/wordpress.nibis.de\/gskuesten\/wp-json\/wp\/v2\/pages"}],"about":[{"href":"https:\/\/wordpress.nibis.de\/gskuesten\/wp-json\/wp\/v2\/types\/page"}],"author":[{"embeddable":true,"href":"https:\/\/wordpress.nibis.de\/gskuesten\/wp-json\/wp\/v2\/users\/1181"}],"replies":[{"embeddable":true,"href":"https:\/\/wordpress.nibis.de\/gskuesten\/wp-json\/wp\/v2\/comments?post=64"}],"version-history":[{"count":8,"href":"https:\/\/wordpress.nibis.de\/gskuesten\/wp-json\/wp\/v2\/pages\/64\/revisions"}],"predecessor-version":[{"id":1265,"href":"https:\/\/wordpress.nibis.de\/gskuesten\/wp-json\/wp\/v2\/pages\/64\/revisions\/1265"}],"wp:attachment":[{"href":"https:\/\/wordpress.nibis.de\/gskuesten\/wp-json\/wp\/v2\/media?parent=64"}],"curies":[{"name":"wp","href":"https:\/\/api.w.org\/{rel}","templated":true}]}}