{"id":108,"date":"2018-10-29T14:33:02","date_gmt":"2018-10-29T13:33:02","guid":{"rendered":"http:\/\/wordpress.nibis.de\/gslamme\/?page_id=108"},"modified":"2019-08-08T13:43:29","modified_gmt":"2019-08-08T11:43:29","slug":"sonderpaedagogische-grundversorgung","status":"publish","type":"page","link":"https:\/\/wordpress.nibis.de\/gslamme\/sonderpaedagogische-grundversorgung\/","title":{"rendered":"Sonderp\u00e4dagogische Grundversorgung"},"content":{"rendered":"\n<p>M\u00f6glichst alle Kinder unseres Einzugsgebietes sollen in der Grundschule Lamme gemeinsam unterrichtet werden.<\/p>\n\n\n\n<p>Im Rahmen der Inklusion  ist die Schule mit einer sonderp\u00e4dagogischen Grundversorgung (SGV)  versorgt.<\/p>\n\n\n\n<p>Kinder mit hohem F\u00f6rderbedarf brauchen besondere Unterst\u00fctzung. Neben  den individuellen Hilfen der Klassen- und Fachlehrerinnen werden sie  durch unsere F\u00f6rderlehrkr\u00e4fte intensiv unterst\u00fctzt.<\/p>\n\n\n\n<p>Die sonderp\u00e4dagogische Grundversorgung macht es m\u00f6glich, dass Kinder \nin ihrem sozialen Umfeld gef\u00f6rdert werden. Dazu ist es notwendig, in der\n Schule pr\u00e4ventive F\u00f6rderma\u00dfnahmen anzubieten und integrative Angebote \nzu entwickeln.<\/p>\n\n\n\n<p>Kinder mit sonderp\u00e4dagogischem F\u00f6rderbedarf werden an der Grundschule  Lamme gem\u00e4\u00df ihren individuellen Voraussetzungen gef\u00f6rdert und  erhalten die erforderliche Unterts\u00fctzung.<\/p>\n\n\n\n<p>Besonders wichtig ist uns die pr\u00e4ventive Arbeit. Daher liegt der \nArbeitsschwerpunkt unserer F\u00f6rderschullehrkraft im 1. und 2. Schuljahr.<\/p>\n\n\n\n<p>Sie nimmt begleitend am Unterricht teil oder f\u00f6rdert Kinder einzeln und in kleinen Gruppen.<\/p>\n","protected":false},"excerpt":{"rendered":"<p>M\u00f6glichst alle Kinder unseres Einzugsgebietes sollen in der Grundschule Lamme gemeinsam unterrichtet werden. Im Rahmen der Inklusion ist die Schule mit einer sonderp\u00e4dagogischen Grundversorgung (SGV) versorgt. Kinder mit hohem F\u00f6rderbedarf brauchen besondere Unterst\u00fctzung. Neben den individuellen Hilfen der Klassen- und Fachlehrerinnen werden sie durch unsere F\u00f6rderlehrkr\u00e4fte intensiv unterst\u00fctzt. Die sonderp\u00e4dagogische Grundversorgung macht es m\u00f6glich, dass &hellip; <a href=\"https:\/\/wordpress.nibis.de\/gslamme\/sonderpaedagogische-grundversorgung\/\" class=\"more-link\"><span class=\"screen-reader-text\">Sonderp\u00e4dagogische Grundversorgung<\/span> weiterlesen <span class=\"meta-nav\">&rarr;<\/span><\/a><\/p>\n","protected":false},"author":9192276,"featured_media":0,"parent":0,"menu_order":0,"comment_status":"closed","ping_status":"closed","template":"","meta":{"footnotes":""},"class_list":["post-108","page","type-page","status-publish","hentry"],"_links":{"self":[{"href":"https:\/\/wordpress.nibis.de\/gslamme\/wp-json\/wp\/v2\/pages\/108","targetHints":{"allow":["GET"]}}],"collection":[{"href":"https:\/\/wordpress.nibis.de\/gslamme\/wp-json\/wp\/v2\/pages"}],"about":[{"href":"https:\/\/wordpress.nibis.de\/gslamme\/wp-json\/wp\/v2\/types\/page"}],"author":[{"embeddable":true,"href":"https:\/\/wordpress.nibis.de\/gslamme\/wp-json\/wp\/v2\/users\/9192276"}],"replies":[{"embeddable":true,"href":"https:\/\/wordpress.nibis.de\/gslamme\/wp-json\/wp\/v2\/comments?post=108"}],"version-history":[{"count":2,"href":"https:\/\/wordpress.nibis.de\/gslamme\/wp-json\/wp\/v2\/pages\/108\/revisions"}],"predecessor-version":[{"id":283,"href":"https:\/\/wordpress.nibis.de\/gslamme\/wp-json\/wp\/v2\/pages\/108\/revisions\/283"}],"wp:attachment":[{"href":"https:\/\/wordpress.nibis.de\/gslamme\/wp-json\/wp\/v2\/media?parent=108"}],"curies":[{"name":"wp","href":"https:\/\/api.w.org\/{rel}","templated":true}]}}