{"id":133,"date":"2018-10-29T14:37:22","date_gmt":"2018-10-29T13:37:22","guid":{"rendered":"http:\/\/wordpress.nibis.de\/gslamme\/?page_id=133"},"modified":"2024-11-25T14:51:12","modified_gmt":"2024-11-25T13:51:12","slug":"schulsozialarbeit","status":"publish","type":"page","link":"https:\/\/wordpress.nibis.de\/gslamme\/schulsozialarbeit\/","title":{"rendered":"Schulsozialarbeit"},"content":{"rendered":"\n<p>In Kooperation mit der Diakonie im Braunschweiger Land gGmbH bietet die Grundschule Lamme Schulsozialarbeit an. Das Angebot der Schulsozialarbeit richtet sich an alle Kinder, Eltern und Lehrkr\u00e4fte.<\/p>\n\n\n\n<p>Schulsozialarbeit an der Grundschule Lamme hei\u00dft:<\/p>\n\n\n\n<ul class=\"wp-block-list\"><li>F\u00fcr Kinder als Ansprechpartner bei schulischen und pers\u00f6nlichen Problemen da zu sein.<\/li><li>Eltern kompetent und individuell zu beraten. Dar\u00fcber hinaus k\u00f6nnen weitere Unterst\u00fctzungs- und Hilfsangebote vermittelt werden.<\/li><li>Mit Lehrern zusammen arbeiten.<\/li><\/ul>\n\n\n\n<p>Das Angebot ist freiwillig und kann von allen kostenlos in Anspruch genommen werden. Alle Beratungsgespr\u00e4che werden vertraulich behandelt und unterliegen der Schweigepflicht. <\/p>\n\n\n\n<p><\/p>\n\n\n\n<p>Wir, die Schulreporter, haben Frau Schulz, unsere Schulsozialarbeiterin, interviewt.\u00a0<br \/>Frau Schulz ist Ansprechpartnerin f\u00fcr alle Kinder unserer Schule bei Problemen in der Schule, oder auch bei anderen Problemen. Sie ber\u00e4t ebenso Eltern. Und arbeitet auch mit den Lehrkr\u00e4ften und anderen Partnern zusammen. Das nennt man auch Netzwerkarbeit. Frau Schulz ist 41 Jahre alt. Ihr Vorname ist Kimberely. Sie hat schon seit 2019 an einer anderen Schule als Schulsozialarbeiterin gearbeitet. Sie hat am 01.08.2024 ihre Arbeit an der Grundschule in Lamme als Schulsozialarbeiterin angefangen. Ihre Arbeitsstelle findet sie sehr abwechslungsreich. Sie mag ihrem Beruf gemeinsam mit Kindern und Erwachsenen daran zu arbeiten L\u00f6sungen f\u00fcr Probleme zu finden, damit die Schule ein Ort ist, zu dem man gerne kommt. Das bedeutet f\u00fcr sie, dass alle gemeinsam mithelfen L\u00f6sungen zu finde. (geschrieben von Jolie und Larissa)<\/p>\n","protected":false},"excerpt":{"rendered":"<p>In Kooperation mit der Diakonie im Braunschweiger Land gGmbH bietet die Grundschule Lamme Schulsozialarbeit an. Das Angebot der Schulsozialarbeit richtet sich an alle Kinder, Eltern und Lehrkr\u00e4fte. Schulsozialarbeit an der Grundschule Lamme hei\u00dft: F\u00fcr Kinder als Ansprechpartner bei schulischen und pers\u00f6nlichen Problemen da zu sein. Eltern kompetent und individuell zu beraten. Dar\u00fcber hinaus k\u00f6nnen weitere &hellip; <a href=\"https:\/\/wordpress.nibis.de\/gslamme\/schulsozialarbeit\/\" class=\"more-link\"><span class=\"screen-reader-text\">Schulsozialarbeit<\/span> weiterlesen <span class=\"meta-nav\">&rarr;<\/span><\/a><\/p>\n","protected":false},"author":9192276,"featured_media":0,"parent":0,"menu_order":0,"comment_status":"closed","ping_status":"closed","template":"","meta":{"footnotes":""},"class_list":["post-133","page","type-page","status-publish","hentry"],"_links":{"self":[{"href":"https:\/\/wordpress.nibis.de\/gslamme\/wp-json\/wp\/v2\/pages\/133","targetHints":{"allow":["GET"]}}],"collection":[{"href":"https:\/\/wordpress.nibis.de\/gslamme\/wp-json\/wp\/v2\/pages"}],"about":[{"href":"https:\/\/wordpress.nibis.de\/gslamme\/wp-json\/wp\/v2\/types\/page"}],"author":[{"embeddable":true,"href":"https:\/\/wordpress.nibis.de\/gslamme\/wp-json\/wp\/v2\/users\/9192276"}],"replies":[{"embeddable":true,"href":"https:\/\/wordpress.nibis.de\/gslamme\/wp-json\/wp\/v2\/comments?post=133"}],"version-history":[{"count":8,"href":"https:\/\/wordpress.nibis.de\/gslamme\/wp-json\/wp\/v2\/pages\/133\/revisions"}],"predecessor-version":[{"id":1808,"href":"https:\/\/wordpress.nibis.de\/gslamme\/wp-json\/wp\/v2\/pages\/133\/revisions\/1808"}],"wp:attachment":[{"href":"https:\/\/wordpress.nibis.de\/gslamme\/wp-json\/wp\/v2\/media?parent=133"}],"curies":[{"name":"wp","href":"https:\/\/api.w.org\/{rel}","templated":true}]}}