{"id":1474,"date":"2024-03-06T13:15:26","date_gmt":"2024-03-06T12:15:26","guid":{"rendered":"https:\/\/wordpress.nibis.de\/gslamme\/?page_id=1474"},"modified":"2024-06-05T13:15:57","modified_gmt":"2024-06-05T11:15:57","slug":"unsere-schulgebaeude","status":"publish","type":"page","link":"https:\/\/wordpress.nibis.de\/gslamme\/unsere-schule\/unsere-schulgebaeude\/","title":{"rendered":"Unser Schulgel\u00e4nde"},"content":{"rendered":"\n<p>fotografiert und vorgestellt von den <strong>Schulreportern<\/strong>:<\/p>\n\n\n\n<p class=\"mceTemp\">&nbsp;<\/p>\n<figure id=\"attachment_1475\" aria-describedby=\"caption-attachment-1475\" style=\"width: 604px\" class=\"wp-caption alignnone\"><img loading=\"lazy\" decoding=\"async\" class=\"wp-image-1475 size-large\" src=\"https:\/\/wordpress.nibis.de\/gslamme\/files\/2024\/03\/P1010437-scaled-e1710329757130-800x600.jpg\" alt=\"\" width=\"604\" height=\"453\"><figcaption id=\"caption-attachment-1475\" class=\"wp-caption-text\">Der Neubau<\/figcaption><\/figure>\n\n\n\n<figure id=\"attachment_1479\" aria-describedby=\"caption-attachment-1479\" style=\"width: 2560px\" class=\"wp-caption aligncenter\"><img loading=\"lazy\" decoding=\"async\" class=\"wp-image-1479 size-full\" src=\"https:\/\/wordpress.nibis.de\/gslamme\/files\/2024\/03\/P1010433-scaled.jpg\" alt=\"\" width=\"2560\" height=\"1707\" srcset=\"https:\/\/wordpress.nibis.de\/gslamme\/files\/2024\/03\/P1010433-scaled.jpg 2560w, https:\/\/wordpress.nibis.de\/gslamme\/files\/2024\/03\/P1010433-768x512.jpg 768w, https:\/\/wordpress.nibis.de\/gslamme\/files\/2024\/03\/P1010433-1536x1024.jpg 1536w, https:\/\/wordpress.nibis.de\/gslamme\/files\/2024\/03\/P1010433-2048x1365.jpg 2048w\" sizes=\"auto, (max-width: 2560px) 100vw, 2560px\" \/><figcaption id=\"caption-attachment-1479\" class=\"wp-caption-text\">Unterer Flur mit Garderobe und Aufzug<\/figcaption><\/figure>\n\n\n\n<p>&nbsp;<\/p>\n<figure id=\"attachment_1477\" aria-describedby=\"caption-attachment-1477\" style=\"width: 2560px\" class=\"wp-caption alignnone\"><img loading=\"lazy\" decoding=\"async\" class=\"wp-image-1477 size-full\" style=\"font-weight: bold;background-color: transparent\" src=\"https:\/\/wordpress.nibis.de\/gslamme\/files\/2024\/03\/P1010428-scaled.jpg\" alt=\"\" width=\"2560\" height=\"1707\" srcset=\"https:\/\/wordpress.nibis.de\/gslamme\/files\/2024\/03\/P1010428-scaled.jpg 2560w, https:\/\/wordpress.nibis.de\/gslamme\/files\/2024\/03\/P1010428-768x512.jpg 768w, https:\/\/wordpress.nibis.de\/gslamme\/files\/2024\/03\/P1010428-1536x1024.jpg 1536w, https:\/\/wordpress.nibis.de\/gslamme\/files\/2024\/03\/P1010428-2048x1365.jpg 2048w\" sizes=\"auto, (max-width: 2560px) 100vw, 2560px\" \/><figcaption id=\"caption-attachment-1477\" class=\"wp-caption-text\">Unsere Mensa<\/figcaption><\/figure>\n<p>Es gab einen<strong> Mensastreik<\/strong>. Dort haben fast alle Kinder Essen abbestellt. Der Streik hat zwei Wochen gedauert. Aber es hat sich gelohnt. Nun gibt es in der Mensa neues Essen. Au\u00dferdem gibt es drei Men\u00fcs: Men\u00fc A,B und C. Men\u00fc C ist immer mit Fleisch. Viele Kinder finden das Essen in der Mensa nun viel leckerer als vorher.&nbsp;<\/p>\n<figure id=\"attachment_1478\" aria-describedby=\"caption-attachment-1478\" style=\"width: 2560px\" class=\"wp-caption aligncenter\"><img loading=\"lazy\" decoding=\"async\" class=\"wp-image-1478 size-full\" src=\"https:\/\/wordpress.nibis.de\/gslamme\/files\/2024\/03\/P1010431-scaled.jpg\" alt=\"\" width=\"2560\" height=\"1707\" srcset=\"https:\/\/wordpress.nibis.de\/gslamme\/files\/2024\/03\/P1010431-scaled.jpg 2560w, https:\/\/wordpress.nibis.de\/gslamme\/files\/2024\/03\/P1010431-768x512.jpg 768w, https:\/\/wordpress.nibis.de\/gslamme\/files\/2024\/03\/P1010431-1536x1024.jpg 1536w, https:\/\/wordpress.nibis.de\/gslamme\/files\/2024\/03\/P1010431-2048x1365.jpg 2048w\" sizes=\"auto, (max-width: 2560px) 100vw, 2560px\" \/><figcaption id=\"caption-attachment-1478\" class=\"wp-caption-text\">Oberer Flur<\/figcaption><\/figure>\n<p>Im oberen Flur befinden sich der <strong>Musikraum<\/strong>, <strong>Ruheraum<\/strong>, <strong>Bewegungsraum<\/strong>, <strong>Kunst- und<\/strong> <strong>Werkraum<\/strong>, <strong>Bauraum<\/strong> und der <strong>Kreativraum<\/strong>. Am Nachmittag nutzen sie die Sch\u00fcler:innen f\u00fcr AGs und offene Angebote.<\/p>\n<p>&nbsp;<\/p>\n\n\n\n<div class=\"wp-block-image\"><figure class=\"alignleft size-large is-resized\"><img loading=\"lazy\" decoding=\"async\" src=\"https:\/\/wordpress.nibis.de\/gslamme\/files\/2024\/04\/P1010467-800x600.jpg\" alt=\"Sporthalle\" class=\"wp-image-1636\" width=\"634\" height=\"475\" \/><\/figure><\/div>\n\n\n\n<div class=\"wp-block-group\"><div class=\"wp-block-group__inner-container is-layout-flow wp-block-group-is-layout-flow\">\n<p>\u00a0Im Ger\u00e4teraum gibt es Basketb\u00e4lle, B\u00e4lle, Matten, Hula-Hoop-Reifen, Seile, Hockeyschl\u00e4ger, Hockeyb\u00e4lle, H\u00fctchen und Kegel. In der Halle gibt es B\u00e4nke, Tore und eine Kletterwand. Es gibt eine Jungen-Umkleidekabine und eine M\u00e4dchen-Umkleidekabine und einen Erste-Hilfe-Raum.<\/p>\n<figure id=\"attachment_1682\" aria-describedby=\"caption-attachment-1682\" style=\"width: 2560px\" class=\"wp-caption aligncenter\"><img loading=\"lazy\" decoding=\"async\" class=\"wp-image-1682 size-full\" src=\"https:\/\/wordpress.nibis.de\/gslamme\/files\/2024\/05\/P1010708-scaled.jpg\" alt=\"\" width=\"2560\" height=\"1707\" \/><figcaption id=\"caption-attachment-1682\" class=\"wp-caption-text\">Foyer und Aula<\/figcaption><\/figure>\n<p>In der Aula finden Vorlesewettbewerbe, Sch\u00fclerratssitzungen, Zahnarzttermine und Besprechungen statt. Im Foyer finden Gottesdienste, das j\u00e4hrliche Adventssingen, Sch\u00fclerratssitzungen, Elternabende und andere Informationsveranstaltungen statt.\u00a0<\/p>\n<figure id=\"attachment_1690\" aria-describedby=\"caption-attachment-1690\" style=\"width: 2560px\" class=\"wp-caption aligncenter\"><img loading=\"lazy\" decoding=\"async\" class=\"wp-image-1690 size-full\" src=\"https:\/\/wordpress.nibis.de\/gslamme\/files\/2024\/05\/P1010639-scaled.jpg\" alt=\"Der Schulhof\" width=\"2560\" height=\"1707\" \/><figcaption id=\"caption-attachment-1690\" class=\"wp-caption-text\">Der Schulhof<\/figcaption><\/figure>\n<p align=\"left\">Der Schulhof bietet viele Spielm\u00f6glichkeiten. Es gibt Schaukeln, ein Kletterger\u00fcst, ein Fu\u00dfballfeld, Sandk\u00e4sten, ein Geb\u00fcsch zum Verstecken und noch viele andere Sachen. Es gibt viele Pflanzen und ein Rondell.<\/p>\n<\/div><\/div>\n","protected":false},"excerpt":{"rendered":"<p>fotografiert und vorgestellt von den Schulreportern: &nbsp; &nbsp; Es gab einen Mensastreik. Dort haben fast alle Kinder Essen abbestellt. Der Streik hat zwei Wochen gedauert. Aber es hat sich gelohnt. Nun gibt es in der Mensa neues Essen. Au\u00dferdem gibt es drei Men\u00fcs: Men\u00fc A,B und C. Men\u00fc C ist immer mit Fleisch. Viele Kinder &hellip; <a href=\"https:\/\/wordpress.nibis.de\/gslamme\/unsere-schule\/unsere-schulgebaeude\/\" class=\"more-link\"><span class=\"screen-reader-text\">Unser Schulgel\u00e4nde<\/span> weiterlesen <span class=\"meta-nav\">&rarr;<\/span><\/a><\/p>\n","protected":false},"author":9192276,"featured_media":0,"parent":58,"menu_order":0,"comment_status":"closed","ping_status":"closed","template":"","meta":{"footnotes":""},"class_list":["post-1474","page","type-page","status-publish","hentry"],"_links":{"self":[{"href":"https:\/\/wordpress.nibis.de\/gslamme\/wp-json\/wp\/v2\/pages\/1474","targetHints":{"allow":["GET"]}}],"collection":[{"href":"https:\/\/wordpress.nibis.de\/gslamme\/wp-json\/wp\/v2\/pages"}],"about":[{"href":"https:\/\/wordpress.nibis.de\/gslamme\/wp-json\/wp\/v2\/types\/page"}],"author":[{"embeddable":true,"href":"https:\/\/wordpress.nibis.de\/gslamme\/wp-json\/wp\/v2\/users\/9192276"}],"replies":[{"embeddable":true,"href":"https:\/\/wordpress.nibis.de\/gslamme\/wp-json\/wp\/v2\/comments?post=1474"}],"version-history":[{"count":14,"href":"https:\/\/wordpress.nibis.de\/gslamme\/wp-json\/wp\/v2\/pages\/1474\/revisions"}],"predecessor-version":[{"id":1700,"href":"https:\/\/wordpress.nibis.de\/gslamme\/wp-json\/wp\/v2\/pages\/1474\/revisions\/1700"}],"up":[{"embeddable":true,"href":"https:\/\/wordpress.nibis.de\/gslamme\/wp-json\/wp\/v2\/pages\/58"}],"wp:attachment":[{"href":"https:\/\/wordpress.nibis.de\/gslamme\/wp-json\/wp\/v2\/media?parent=1474"}],"curies":[{"name":"wp","href":"https:\/\/api.w.org\/{rel}","templated":true}]}}