{"id":1552,"date":"2024-04-09T10:04:40","date_gmt":"2024-04-09T08:04:40","guid":{"rendered":"https:\/\/wordpress.nibis.de\/gslamme\/?page_id=1552"},"modified":"2026-04-13T09:21:17","modified_gmt":"2026-04-13T07:21:17","slug":"einschulung-2025-2026","status":"publish","type":"page","link":"https:\/\/wordpress.nibis.de\/gslamme\/einschulung-2025-2026\/","title":{"rendered":"Einschulung 2027\/2028"},"content":{"rendered":"\n<p class=\"has-background has-medium-font-size\"><span style=\"background-color: #3366ff\"><strong><span style=\"background-color: #33cccc\"><span style=\"background-color: #ffff00\">Anmeldung der Schulanf\u00e4ngerinnen und Schulanf\u00e4nger<\/span><\/span><\/strong><\/span><\/p>\n<p>Die\u00a0<strong>Anmeldetermine<\/strong> der Schulanf\u00e4ngerinnen und Schulanf\u00e4nger f\u00fcr das Schuljahr 2025\/26 an allen Braunschweiger Grundschulen finden vom <strong>2<\/strong><strong>. bis 08. Mai 2024 <\/strong>statt.<\/p>\n<p><strong>Schulpflichtig werden alle Kinder, die bis zum 01.10.2025 das sechste Lebensjahr vollendet haben.<\/strong>\u00a0F\u00fcr Kinder, die das sechste Lebensjahr zwischen dem 1. Juli und dem 30. September eines Jahres vollenden, k\u00f6nnen die Erziehungsberechtigten den Schulbesuch durch schriftliche Erkl\u00e4rung gegen\u00fcber der Schule um ein Jahr hinausschieben (<strong>\u201e<a href=\"https:\/\/wordpress.nibis.de\/gslamme\/files\/2023\/04\/Informationsblatt_fr_Erziehungsberechtigte_Einschulungstermin_Stand_Januar_2023.pdf\" data-type=\"URL\" data-id=\"https:\/\/wordpress.nibis.de\/gslamme\/files\/2023\/04\/Informationsblatt_fr_Erziehungsberechtigte_Einschulungstermin_Stand_Januar_2023.pdf\">Flexikindregelung<\/a>\u201c<\/strong>). Die formlose Erkl\u00e4rung ist vor dem Beginn des betreffenden Schuljahres bis zum 1. Mai gegen\u00fcber der Schule abzugeben. Sie muss nicht begr\u00fcndet werden.\u00a0<strong>Aber auch diese Kinder m\u00fcssen in jedem Fall bereits angemeldet werden.<\/strong><\/p>\n<p>Das Sekretariat versendet zu gegebener Zeit Einladungen zur Schulaufnahme. Sollten Sie bis Ende April 2024 keine Einladung erhalten haben, wenden Sie sich bitte an die Grundschule Lamme.<\/p>\n<p><span style=\"background-color: #00ff00\"><strong>Folgende Unterlagen sind in jedem Fall vorzulegen:<\/strong><\/span><\/p>\n<p>\u2013 Geburtsurkunde des Kindes<\/p>\n<p>\u2013 ausgef\u00fcllte Formulare zur Anmeldung, die Ihnen zugesandt werden<\/p>\n<p>\u2013\u00a0<a href=\"https:\/\/wordpress.nibis.de\/gslamme\/files\/2026\/04\/Anmeldeformular_Lernanfaenger-2027.pdf\">Anmeldebogen 2027\/2028<\/a><\/p>\n<p>\u2013 Masernimpf\u00fcberpr\u00fcfung oder Impfausweis (kann nachgereicht werden)<\/p>\n<p>\u2013\u00a0<a href=\"https:\/\/wordpress.nibis.de\/gslamme\/files\/2024\/04\/Schweigepflichtsentbindung_allgemein_NEU-1.pdf\">Schweigepflichtsentbindung<\/a><\/p>\n<p class=\"has-background has-medium-font-size\"><span style=\"background-color: #00ff00\"><strong>Elternabend \u201cSchulf\u00e4higkeit\u201d<\/strong><\/span><\/p>\n<p><a href=\"https:\/\/wordpress.nibis.de\/gslamme\/files\/2022\/01\/Arbeitsblatt-Schulfaehigkeit-neu.pdf\">Arbeitsbogen \u201cSchulf\u00e4higkeit\u201d<\/a><\/p>\n<p><a href=\"https:\/\/wordpress.nibis.de\/gslamme\/files\/2022\/01\/Was-koennen-Eltern-tun.pdf\">Arbeitsbogen \u201cWas k\u00f6nnen Eltern tun?\u201d<\/a><\/p>\n<p class=\"has-background has-medium-font-size\"><span style=\"background-color: #00ff00\"><strong>Schulanf\u00e4ngeruntersuchungen<\/strong><\/span><\/p>\n<p>Die Termine f\u00fcr die Schuluntersuchungen durch das Gesundheitsamt der Stadt Braunschweig werden Ihnen rechtzeitig mitgeteilt.<\/p>\n<p>\u00a0<\/p>\n<p class=\"has-background has-medium-font-size\"><span style=\"background-color: #00ff00\"><strong>P\u00e4dagogische \u00dcberpr\u00fcfungen<\/strong><\/span><\/p>\n<p>.<\/p>\n<p class=\"has-background has-medium-font-size\"><span style=\"background-color: #00ff00\"><strong>Die Reise durch den Zauberwald<\/strong><\/span><\/p>\n<p>.<\/p>\n<p class=\"has-background has-medium-font-size\"><span style=\"background-color: #00ff00\"><strong>Schnupperstunden f\u00fcr die Kinderg\u00e4rten<\/strong><\/span><\/p>\n<p>.<\/p>\n<p class=\"has-background has-medium-font-size\"><span style=\"background-color: #00ff00\"><strong>Elternabend Einschulung<\/strong><\/span><\/p>\n<p>.<\/p>\n<p class=\"has-background has-medium-font-size\"><span style=\"background-color: #00ff00\"><strong>Einschulung<\/strong><\/span><\/p>\n<p><a href=\"https:\/\/wordpress.nibis.de\/gslamme\/files\/2024\/03\/Terminplan_Einschulung_2024.pdf\">Terminplan bis zur Einschulung<\/a><\/p>\n<p><strong>Bitte beachten Sie:<\/strong><\/p>\n<p>Die\u00a0<strong>Einschulung<\/strong> 2025 findet aber am <strong>Samstag, den 16. August 2025,<\/strong>\u00a0statt.\u00a0<strong>Der Unterricht f\u00fcr die Erstkl\u00e4ssler starte also erst am Montag, den 18. August 2025.<\/strong>\u00a0Bitte ber\u00fccksichtigen Sie diese Regelung in Ihrer Planung.<\/p>\n<p>\u00a0<\/p>\n<p class=\"has-background has-medium-font-size\"><span style=\"background-color: #00ff00\"><strong>Einschulungsgottesdienst<\/strong><\/span><\/p>\n","protected":false},"excerpt":{"rendered":"<p>Anmeldung der Schulanf\u00e4ngerinnen und Schulanf\u00e4nger Die\u00a0Anmeldetermine der Schulanf\u00e4ngerinnen und Schulanf\u00e4nger f\u00fcr das Schuljahr 2025\/26 an allen Braunschweiger Grundschulen finden vom 2. bis 08. Mai 2024 statt. Schulpflichtig werden alle Kinder, die bis zum 01.10.2025 das sechste Lebensjahr vollendet haben.\u00a0F\u00fcr Kinder, die das sechste Lebensjahr zwischen dem 1. Juli und dem 30. September eines Jahres vollenden, &hellip; <a href=\"https:\/\/wordpress.nibis.de\/gslamme\/einschulung-2025-2026\/\" class=\"more-link\"><span class=\"screen-reader-text\">Einschulung 2027\/2028<\/span> weiterlesen <span class=\"meta-nav\">&rarr;<\/span><\/a><\/p>\n","protected":false},"author":9192276,"featured_media":0,"parent":0,"menu_order":0,"comment_status":"closed","ping_status":"closed","template":"","meta":{"footnotes":""},"class_list":["post-1552","page","type-page","status-publish","hentry"],"_links":{"self":[{"href":"https:\/\/wordpress.nibis.de\/gslamme\/wp-json\/wp\/v2\/pages\/1552","targetHints":{"allow":["GET"]}}],"collection":[{"href":"https:\/\/wordpress.nibis.de\/gslamme\/wp-json\/wp\/v2\/pages"}],"about":[{"href":"https:\/\/wordpress.nibis.de\/gslamme\/wp-json\/wp\/v2\/types\/page"}],"author":[{"embeddable":true,"href":"https:\/\/wordpress.nibis.de\/gslamme\/wp-json\/wp\/v2\/users\/9192276"}],"replies":[{"embeddable":true,"href":"https:\/\/wordpress.nibis.de\/gslamme\/wp-json\/wp\/v2\/comments?post=1552"}],"version-history":[{"count":13,"href":"https:\/\/wordpress.nibis.de\/gslamme\/wp-json\/wp\/v2\/pages\/1552\/revisions"}],"predecessor-version":[{"id":1954,"href":"https:\/\/wordpress.nibis.de\/gslamme\/wp-json\/wp\/v2\/pages\/1552\/revisions\/1954"}],"wp:attachment":[{"href":"https:\/\/wordpress.nibis.de\/gslamme\/wp-json\/wp\/v2\/media?parent=1552"}],"curies":[{"name":"wp","href":"https:\/\/api.w.org\/{rel}","templated":true}]}}