{"id":159,"date":"2018-10-30T09:50:16","date_gmt":"2018-10-30T08:50:16","guid":{"rendered":"http:\/\/wordpress.nibis.de\/gslamme\/?page_id=159"},"modified":"2025-02-25T12:53:18","modified_gmt":"2025-02-25T11:53:18","slug":"beratung-2","status":"publish","type":"page","link":"https:\/\/wordpress.nibis.de\/gslamme\/beratung-2\/","title":{"rendered":"Beratung"},"content":{"rendered":"\n<p>Grunds\u00e4tzlich ist es Aufgabe jedes Klassen- oder Fachlehrers, die  ihm anvertrauten Sch\u00fclerInnen ihren Begabungen entsprechend zu f\u00f6rdern.  Dazu geh\u00f6ren auch Gespr\u00e4che mit den Eltern, den Kindern oder den Teamkolleginnen.<\/p>\n\n\n\n<p>An unserer Schule gibt es dar\u00fcber hinaus auch weitere Angebote, die wir Ihnen balm\u00f6glichst n\u00e4her vorstellen m\u00f6chten:<\/p>\n\n\n\n<ul class=\"wp-block-list\"><li><a rel=\"noreferrer noopener\" href=\"https:\/\/wordpress.nibis.de\/gslamme\/schulsozialarbeit\/\" target=\"_blank\">Schulsozialarbeit<\/a><\/li><li>Schulleitung<\/li><\/ul>\n\n\n\n<p>Bitte melden Sie sich\/ihr euch vor einem Gespr\u00e4ch telefonisch an, um unn\u00f6tige Wartezeiten zu vermeiden. <strong>Eine Beratung ist immer freiwillig und vertraulich.<\/strong> <\/p>\n","protected":false},"excerpt":{"rendered":"<p>Grunds\u00e4tzlich ist es Aufgabe jedes Klassen- oder Fachlehrers, die ihm anvertrauten Sch\u00fclerInnen ihren Begabungen entsprechend zu f\u00f6rdern. Dazu geh\u00f6ren auch Gespr\u00e4che mit den Eltern, den Kindern oder den Teamkolleginnen. An unserer Schule gibt es dar\u00fcber hinaus auch weitere Angebote, die wir Ihnen balm\u00f6glichst n\u00e4her vorstellen m\u00f6chten: Schulsozialarbeit Schulleitung Bitte melden Sie sich\/ihr euch vor einem &hellip; <a href=\"https:\/\/wordpress.nibis.de\/gslamme\/beratung-2\/\" class=\"more-link\"><span class=\"screen-reader-text\">Beratung<\/span> weiterlesen <span class=\"meta-nav\">&rarr;<\/span><\/a><\/p>\n","protected":false},"author":9192276,"featured_media":0,"parent":0,"menu_order":0,"comment_status":"closed","ping_status":"closed","template":"","meta":{"footnotes":""},"class_list":["post-159","page","type-page","status-publish","hentry"],"_links":{"self":[{"href":"https:\/\/wordpress.nibis.de\/gslamme\/wp-json\/wp\/v2\/pages\/159","targetHints":{"allow":["GET"]}}],"collection":[{"href":"https:\/\/wordpress.nibis.de\/gslamme\/wp-json\/wp\/v2\/pages"}],"about":[{"href":"https:\/\/wordpress.nibis.de\/gslamme\/wp-json\/wp\/v2\/types\/page"}],"author":[{"embeddable":true,"href":"https:\/\/wordpress.nibis.de\/gslamme\/wp-json\/wp\/v2\/users\/9192276"}],"replies":[{"embeddable":true,"href":"https:\/\/wordpress.nibis.de\/gslamme\/wp-json\/wp\/v2\/comments?post=159"}],"version-history":[{"count":6,"href":"https:\/\/wordpress.nibis.de\/gslamme\/wp-json\/wp\/v2\/pages\/159\/revisions"}],"predecessor-version":[{"id":1841,"href":"https:\/\/wordpress.nibis.de\/gslamme\/wp-json\/wp\/v2\/pages\/159\/revisions\/1841"}],"wp:attachment":[{"href":"https:\/\/wordpress.nibis.de\/gslamme\/wp-json\/wp\/v2\/media?parent=159"}],"curies":[{"name":"wp","href":"https:\/\/api.w.org\/{rel}","templated":true}]}}