{"id":162,"date":"2018-10-30T09:51:44","date_gmt":"2018-10-30T08:51:44","guid":{"rendered":"http:\/\/wordpress.nibis.de\/gslamme\/?page_id=162"},"modified":"2023-11-28T09:30:16","modified_gmt":"2023-11-28T08:30:16","slug":"foerderverein","status":"publish","type":"page","link":"https:\/\/wordpress.nibis.de\/gslamme\/foerderverein\/","title":{"rendered":"F\u00f6rderverein"},"content":{"rendered":"\n<p class=\"has-medium-font-size\"><strong>F\u00f6rderverein der Grundschule Lamme e.V.<\/strong><\/p>\n\n\n\n<p class=\"has-dark-gray-color has-text-color has-background has-medium-font-size\" style=\"background-color:#6cdebf\"><strong>Wer sind wir?<\/strong><\/p>\n\n\n\n<p>Den F\u00f6rderverein der Grundschule\nLamme gibt es bereits seit 15 Jahren, seit die Schule ihren Betrieb aufgenommen\nhat. In ihm haben sich Eltern zusammengetan, die mit ehrenamtlichem Einsatz und\nfinanzieller Unterst\u00fctzung das Schulleben mitgestalten wollen. Wir treten immer\nin den F\u00e4llen ein, in denen \u00f6ffentliche Mittel nicht oder nur begrenzt zur\nVerf\u00fcgung stehen. Hierf\u00fcr stehen wir im st\u00e4ndigen Dialog zur Schulleitung, den\nLehrerInnen und den Elternvertretern.<\/p>\n\n\n\n<p>Wir, das sind <strong>Nicole Salewsky (1. Vorsitzende)<\/strong>, <strong>Alexander Bergen (2. Vorsitzender)<\/strong>,<strong> Isabelle Bergen (Kassenwartin)<\/strong> und <strong>Alexander Perl (Schriftf\u00fchrer)<\/strong>.<\/p>\n\n\n\n<p class=\"has-background has-medium-font-size\" style=\"background-color:#6cdebf\"><strong>Was f\u00f6rdern wir?<\/strong><\/p>\n\n\n\n<p>Wir springen dort ein, wo die\nM\u00f6glichkeiten der Schule ausgesch\u00f6pft sind. Alle F\u00f6rderungen kommen den Kindern\nund Lehrern zugute und helfen so, den Schulalltag zu erleichtern.<\/p>\n\n\n\n<p>Wir \u2026<\/p>\n\n\n\n<ul class=\"wp-block-list\"><li>\u2026 stehen mit unserem pers\u00f6nlichen Engagement zur Verf\u00fcgung, wenn \u201eNot am Mann\u201c ist. <\/li><li>\u2026 unterst\u00fctzen finanziell Projekte, die sonst gar nicht, sehr reduziert oder nur mit einer st\u00e4rkeren finanziellen Beteiligung der Eltern stattfinden k\u00f6nnten, z.B. das Chor Projekt, das Projekt \u201eLernen mit Respekt\u201c, die Projektwoche und die Hausaufgabenbetreuung. <\/li><li>\u2026 unterst\u00fctzen Vortr\u00e4ge und Schulfeste, t\u00e4tigen Anschaffungen von Unterrichtsmaterial, sowohl Online (Alfons f\u00fcr die Kinder und Worksheet Crafter f\u00fcr die Lehrer) als auch Offline und Spielger\u00e4ten f\u00fcr den Schulhof und die Pausenausleihe. Oft sind es genau diese kleinen &#8222;Extras&#8220;, die den Alltag der Kinder positiv beeinflussen. <\/li><li>\u2026 sind f\u00fcr die Schul-T-Shirts verantwortlich, die im Schreibwarengesch\u00e4ft von Christa Meyerding in der Neudammstra\u00dfe 2 f\u00fcr 10 \u20ac erworben werden k\u00f6nnen. Tipp: So ein T-Shirt macht sich besonders gut als Geschenk in einer Schult\u00fcte!<\/li><li>\u2026 m\u00f6chten, dass alle Kinder einer Klasse die gleichen M\u00f6glichkeiten zur Teilnahme an gemeinsamen Veranstaltungen haben. Deshalb unterst\u00fctzen wir einzelne Sch\u00fcler z.B. bei Klassenfahrten und Theaterbesuchen.<\/li><li><\/li><\/ul>\n\n\n\n<p class=\"has-background has-medium-font-size\" style=\"background-color:#6cdebf\"><strong>Machen Sie mit und werden Sie Mitglied!<\/strong><\/p>\n\n\n\n<p>Auch ein F\u00f6rderverein\nbesteht aus Vereinsmitgliedern! Davon sollte es mehr geben. Bereichern Sie das\nSchulleben der Kinder mit Ihrem finanziellen Beitrag. Schon ab 10 \u20ac j\u00e4hrlich &#8211; es\ndarf gerne auch mehr sein &#8211; k\u00f6nnen Sie einen wesentlichen Beitrag leisten.<\/p>\n\n\n\n<p>Einfach die <a href=\"https:\/\/wordpress.nibis.de\/gslamme\/files\/2020\/08\/Beitrittserkl\u00e4rung_Foerderverein_GS_Lamme.pdf\">Beitrittserkl\u00e4rung <\/a>ausf\u00fcllen und entweder einscannt per Mail an uns (<a href=\"&#109;&#x61;i&#108;&#x74;&#111;&#x3a;f&#111;&#x65;r&#x64;&#x65;&#114;&#x76;e&#114;&#x65;i&#x6e;&#x40;&#103;&#x73;-&#108;&#x61;&#109;&#x6d;e&#46;&#x64;e\">&#102;&#x6f;e&#x72;d&#101;&#x72;&#118;&#x65;r&#101;&#x69;&#110;&#x40;g&#x73;&#x2d;&#108;&#x61;m&#x6d;e&#46;&#x64;&#101;<\/a>) schicken oder in den Schulbriefkasten einwerfen. <\/p>\n\n\n\n<p>Postalisch erreichen Sie uns auch:<\/p>\n\n\n\n<ul class=\"wp-block-list\"><li>F\u00f6rderverein\nder Grundschule Lamme e.V. <\/li><li>Lammer\nHeide 9<\/li><li>38116\nBraunschweig<\/li><\/ul>\n\n\n\n<p>Einmalige\nSpenden ohne Mitgliedschaft sind ebenfalls m\u00f6glich und sehr erw\u00fcnscht.<\/p>\n\n\n\n<p>Kontoverbindung:<\/p>\n\n\n\n<ul class=\"wp-block-list\"><li>F\u00f6rderverein Grundschule Lamme e.V.<\/li><li>Volksbank BraWo<\/li><li>IBAN: DE87 2699 1066 8865 3290 00<\/li><li>BIC: GENODEF1WOB<\/li><\/ul>\n\n\n\n<p class=\"has-normal-font-size\"><strong>Einkaufen und den F\u00f6rderverein kostenlos unterst\u00fctzen: Bildungsspender<\/strong><\/p>\n\n\n\n<p>Wir sind beim Bildungsspender angemeldet. Das ist eine Einkaufsplattform. Wer seine Online-Eink\u00e4ufe bei \u00fcber 1.700 Shops \u00fcber den Bildungsspender t\u00e4tigt und uns dabei beg\u00fcnstigt, tut Gutes. Der Verein bekommt dann n\u00e4mlich vom VERK\u00c4UFER einen kleinen Betrag \u00fcberwiesen. F\u00fcr den K\u00e4ufer entstehen keine Kosten. Also vorm n\u00e4chsten <a href=\"https:\/\/www.bildungsspender.de\/gs-lamme\" target=\"_blank\" rel=\"noreferrer noopener\">Online-Einkauf einfach hier klicken<\/a> (\u201eklicken\u201c mit <a href=\"http:\/\/www.bildungsspender.de\/gs-lamme\" target=\"_blank\" rel=\"noreferrer noopener\">www.bildungsspender.de\/gs-lamme<\/a> verkn\u00fcpfen) und von da aus in den Shop und kaufen. Wir sind f\u00fcr jeden Cent dankbar.<\/p>\n\n\n\n<p><strong>Einkaufen und den F\u00f6rderverein kostenlos unterst\u00fctzen: Amazon<\/strong><\/p>\n\n\n\n<p>Amazon hat eine eigene Spendenm\u00f6glichkeit geschaffen: Amazon Smile. F\u00fcr alles, was Sie hier einkaufen, spendet Amazon 0,5 % von der Summe Ihres Einkaufs. Ein kleiner Einzelbetrag, der sich bei Nutzung Vieler aber aufsummieren kann. Also vorm n\u00e4chsten Amazon-Einkauf einfach <a href=\"https:\/\/smile.amazon.de\/ch\/13-220-32243\" target=\"_blank\" rel=\"noreferrer noopener\">hier <\/a>klicken. (\u201eAmazon-Einkauf einfach hier klicken\u201c: <a rel=\"noreferrer noopener\" href=\"https:\/\/smile.amazon.de\/ch\/13-220-32243\" target=\"_blank\">https:\/\/smile.amazon.de\/ch\/13-220-32243<\/a>)<\/p>\n\n\n\n<p><strong>Spenden Sie Zeit als ehrenamtlicher Unterst\u00fctzer<\/strong><\/p>\n\n\n\n<p>Sprechen Sie uns an, wenn Sie sich f\u00fcr Aktionen als helfende Hand zur Verf\u00fcgung stellen oder im Vorstand mitarbeiten und entscheiden m\u00f6chten. Wir freuen uns \u00fcber jeden pers\u00f6nlichen Beitrag, sei es in der Bereitstellung von pers\u00f6nlicher Zeit, Input zu Projekten und Ideen oder auch die Mitarbeit im Vorstand. Sie erreichen uns \u00fcber <a href=\"&#x6d;a&#x69;&#108;&#x74;&#111;:&#x66;&#111;&#x65;&#114;d&#x65;&#114;&#x76;&#101;r&#x65;i&#x6e;&#64;&#x67;&#x73;-&#x6c;&#97;&#x6d;&#109;e&#x2e;&#100;&#x65;\">&#102;&#x6f;&#x65;r&#100;&#x65;&#x72;v&#101;&#x72;e&#105;&#x6e;&#x40;g&#115;&#x2d;l&#97;&#x6d;&#x6d;e&#46;&#x64;&#x65;<\/a>.<\/p>\n\n\n","protected":false},"excerpt":{"rendered":"<p>F\u00f6rderverein der Grundschule Lamme e.V. Wer sind wir? Den F\u00f6rderverein der Grundschule Lamme gibt es bereits seit 15 Jahren, seit die Schule ihren Betrieb aufgenommen hat. In ihm haben sich Eltern zusammengetan, die mit ehrenamtlichem Einsatz und finanzieller Unterst\u00fctzung das Schulleben mitgestalten wollen. Wir treten immer in den F\u00e4llen ein, in denen \u00f6ffentliche Mittel nicht &hellip; <a href=\"https:\/\/wordpress.nibis.de\/gslamme\/foerderverein\/\" class=\"more-link\"><span class=\"screen-reader-text\">F\u00f6rderverein<\/span> weiterlesen <span class=\"meta-nav\">&rarr;<\/span><\/a><\/p>\n","protected":false},"author":9192276,"featured_media":0,"parent":0,"menu_order":0,"comment_status":"closed","ping_status":"closed","template":"","meta":{"footnotes":""},"class_list":["post-162","page","type-page","status-publish","hentry"],"_links":{"self":[{"href":"https:\/\/wordpress.nibis.de\/gslamme\/wp-json\/wp\/v2\/pages\/162","targetHints":{"allow":["GET"]}}],"collection":[{"href":"https:\/\/wordpress.nibis.de\/gslamme\/wp-json\/wp\/v2\/pages"}],"about":[{"href":"https:\/\/wordpress.nibis.de\/gslamme\/wp-json\/wp\/v2\/types\/page"}],"author":[{"embeddable":true,"href":"https:\/\/wordpress.nibis.de\/gslamme\/wp-json\/wp\/v2\/users\/9192276"}],"replies":[{"embeddable":true,"href":"https:\/\/wordpress.nibis.de\/gslamme\/wp-json\/wp\/v2\/comments?post=162"}],"version-history":[{"count":15,"href":"https:\/\/wordpress.nibis.de\/gslamme\/wp-json\/wp\/v2\/pages\/162\/revisions"}],"predecessor-version":[{"id":1361,"href":"https:\/\/wordpress.nibis.de\/gslamme\/wp-json\/wp\/v2\/pages\/162\/revisions\/1361"}],"wp:attachment":[{"href":"https:\/\/wordpress.nibis.de\/gslamme\/wp-json\/wp\/v2\/media?parent=162"}],"curies":[{"name":"wp","href":"https:\/\/api.w.org\/{rel}","templated":true}]}}