{"id":1620,"date":"2024-04-17T12:39:37","date_gmt":"2024-04-17T10:39:37","guid":{"rendered":"https:\/\/wordpress.nibis.de\/gslamme\/?page_id=1620"},"modified":"2024-06-12T13:16:29","modified_gmt":"2024-06-12T11:16:29","slug":"schulreporter","status":"publish","type":"page","link":"https:\/\/wordpress.nibis.de\/gslamme\/schulreporter\/","title":{"rendered":"Schulreporter"},"content":{"rendered":"\n<p><img loading=\"lazy\" decoding=\"async\" class=\"aligncenter wp-image-1630 size-full\" src=\"https:\/\/wordpress.nibis.de\/gslamme\/files\/2024\/04\/P1010675-scaled.jpg\" alt=\"\" width=\"2560\" height=\"1707\" \/><\/p>\n<p><span style=\"text-decoration: underline\"><span style=\"color: #000000\"><strong>Entspannungs-AG Reportage<\/strong><\/span><\/span><\/p>\n<p align=\"justify\">Wir haben 4 Kinder interviewt.\u00a0Einige kannten die Arbeitsgemeinschaft bereits, andere haben Stress und Probleme und haben sich\u00a0\u00fcberlegt, die AG k\u00f6nnte sie ein wenig entlasten. Allen Kindern die wir befragt haben, gef\u00e4llt die AG\u00a0gut und sie entspricht ihren Erwartungen und Vorstellungen. Es wird gemalt und Yoga gemacht.\u00a0Den Kindern gef\u00e4llt besonders, das sie \u00f6fter etwas anderes unternehmen.<\/p>\n<p>\u00a0<\/p>\n<p><u><b>Barbara Laban<\/b><\/u><\/p>\n<p>Barbara Laban wurde 1969 geboren und lebt in London mit ihren zwei T\u00f6chtern. Sie schrieb schon viele B\u00fccher\/B\u00e4nde, z.B. Mitternachtskatzen, Londons geheimster Zirkel, Rebecca &#8211; Im Zeichen des Mondfests und im Zeichen der Feuerschlange. Barbara Laban studierte\u00a0Sinologie und Japanologie\u00a0in M\u00fcnchen, London und Taipei. Nach dem Studium arbeitete sie als \u00dcbersetzerin.<\/p>\n<p><img loading=\"lazy\" decoding=\"async\" class=\"aligncenter wp-image-1707 size-full\" src=\"https:\/\/wordpress.nibis.de\/gslamme\/files\/2024\/06\/P1010797-scaled-e1717587449268.jpg\" alt=\"\" width=\"1952\" height=\"1395\" \/><\/p>\n<p><span style=\"text-decoration: underline\"><strong>Die Schulb\u00fccherei<\/strong><\/span><\/p>\n<p>Die B\u00fccherei ist ein Ort wo man B\u00fccher ausleihen und lesen kann.<br \/>Sie ist auch ein kleiner R\u00fcckzugsort f\u00fcr alle Kinder um in Ruhe zu lesen.<br \/>Dort darf man sich aber nicht einfach hinsetzen und nichts tun. Man muss etwas Lesen oder ein Buch ausleihen. Die B\u00fccherei hat so viele B\u00fccher, dass f\u00fcr jeden Geschmack etwas dabei ist.<\/p>\n<p>\u00a0<\/p>\n","protected":false},"excerpt":{"rendered":"<p>Entspannungs-AG Reportage Wir haben 4 Kinder interviewt.\u00a0Einige kannten die Arbeitsgemeinschaft bereits, andere haben Stress und Probleme und haben sich\u00a0\u00fcberlegt, die AG k\u00f6nnte sie ein wenig entlasten. Allen Kindern die wir befragt haben, gef\u00e4llt die AG\u00a0gut und sie entspricht ihren Erwartungen und Vorstellungen. Es wird gemalt und Yoga gemacht.\u00a0Den Kindern gef\u00e4llt besonders, das sie \u00f6fter etwas &hellip; <a href=\"https:\/\/wordpress.nibis.de\/gslamme\/schulreporter\/\" class=\"more-link\"><span class=\"screen-reader-text\">Schulreporter<\/span> weiterlesen <span class=\"meta-nav\">&rarr;<\/span><\/a><\/p>\n","protected":false},"author":9192276,"featured_media":0,"parent":0,"menu_order":0,"comment_status":"closed","ping_status":"closed","template":"","meta":{"footnotes":""},"class_list":["post-1620","page","type-page","status-publish","hentry"],"_links":{"self":[{"href":"https:\/\/wordpress.nibis.de\/gslamme\/wp-json\/wp\/v2\/pages\/1620","targetHints":{"allow":["GET"]}}],"collection":[{"href":"https:\/\/wordpress.nibis.de\/gslamme\/wp-json\/wp\/v2\/pages"}],"about":[{"href":"https:\/\/wordpress.nibis.de\/gslamme\/wp-json\/wp\/v2\/types\/page"}],"author":[{"embeddable":true,"href":"https:\/\/wordpress.nibis.de\/gslamme\/wp-json\/wp\/v2\/users\/9192276"}],"replies":[{"embeddable":true,"href":"https:\/\/wordpress.nibis.de\/gslamme\/wp-json\/wp\/v2\/comments?post=1620"}],"version-history":[{"count":6,"href":"https:\/\/wordpress.nibis.de\/gslamme\/wp-json\/wp\/v2\/pages\/1620\/revisions"}],"predecessor-version":[{"id":1714,"href":"https:\/\/wordpress.nibis.de\/gslamme\/wp-json\/wp\/v2\/pages\/1620\/revisions\/1714"}],"wp:attachment":[{"href":"https:\/\/wordpress.nibis.de\/gslamme\/wp-json\/wp\/v2\/media?parent=1620"}],"curies":[{"name":"wp","href":"https:\/\/api.w.org\/{rel}","templated":true}]}}