{"id":202,"date":"2018-10-30T11:29:11","date_gmt":"2018-10-30T10:29:11","guid":{"rendered":"http:\/\/wordpress.nibis.de\/gslamme\/?page_id=202"},"modified":"2024-09-30T14:52:46","modified_gmt":"2024-09-30T12:52:46","slug":"streitschlichter","status":"publish","type":"page","link":"https:\/\/wordpress.nibis.de\/gslamme\/streitschlichter\/","title":{"rendered":"Streitschlichter"},"content":{"rendered":"\n<p>In den dritten Klassen k\u00f6nnen sich Kinder im Rahmen der Arbeitsgemeinschaft zu einer halbj\u00e4hrlichen Ausbildung zum StreitschlichterIn anmelden.  <\/p>\n\n\n\n<p>Dort lernen sie, wie sie ihre Mitsch\u00fclerInnen in den Pausen und den eigenen Klassen bei Streitigkeiten unterst\u00fctzen k\u00f6nnen. Sie arbeiten immer zu zweit, verhalten sich neutral und versuchen gemeinsam mit den  Streitenden gewaltfreie L\u00f6sungen zu finden, mit denen alle Beteiligten  zufrieden sind. <\/p>\n\n\n\n<p>Die StreitschlichterInnen stehen in den gro\u00dfen Pausen f\u00fcr die Sch\u00fclerInnen als Ansprechpartner zur Verf\u00fcgung. <\/p>\n\n\n\n<p>Auf einer Stellwand in der Pausenhalle stellen sich die Kinder ihren Mitsch\u00fclern vor.<\/p>\n\n\n\n<p>Im 1. Halbjahr 2024\/25 geh\u00f6ren folgende Kinder zum Streitschlichter-Team:<\/p>\n<p><span style=\"font-size: x-large\"><b>Fertig ausgebildet: <\/b><\/span><\/p>\n<p><span style=\"font-size: medium\">4a: Julia, Nico, Rion, Clara, Kerem, David, Juna, Charlotte<\/span><\/p>\n<p><span style=\"font-size: medium\">4b: Luzie, Gleb, Mina, Arij, Larissa, Jolie, Carolin, Marla<\/span><\/p>\n<p><span style=\"font-size: medium\">4c: Lucy, Mira, Erik, Mara, Larissa, Anton, Jara, Clara<\/span><\/p>\n<p><span style=\"font-size: x-large\"><b>In Ausbildung:<\/b><\/span><\/p>\n<p><span style=\"font-size: medium\">3a: Emilia, Amalia, Sara, Anna<\/span><\/p>\n<p><span style=\"font-size: medium\">3b: Annabel, Anton, Elias<\/span><\/p>\n<p><span style=\"font-size: medium\">3c: Elina, Alexa, Eda, Lynn<\/span><\/p>\n","protected":false},"excerpt":{"rendered":"<p>In den dritten Klassen k\u00f6nnen sich Kinder im Rahmen der Arbeitsgemeinschaft zu einer halbj\u00e4hrlichen Ausbildung zum StreitschlichterIn anmelden. Dort lernen sie, wie sie ihre Mitsch\u00fclerInnen in den Pausen und den eigenen Klassen bei Streitigkeiten unterst\u00fctzen k\u00f6nnen. Sie arbeiten immer zu zweit, verhalten sich neutral und versuchen gemeinsam mit den Streitenden gewaltfreie L\u00f6sungen zu finden, mit &hellip; <a href=\"https:\/\/wordpress.nibis.de\/gslamme\/streitschlichter\/\" class=\"more-link\"><span class=\"screen-reader-text\">Streitschlichter<\/span> weiterlesen <span class=\"meta-nav\">&rarr;<\/span><\/a><\/p>\n","protected":false},"author":9192276,"featured_media":0,"parent":0,"menu_order":0,"comment_status":"closed","ping_status":"closed","template":"","meta":{"footnotes":""},"class_list":["post-202","page","type-page","status-publish","hentry"],"_links":{"self":[{"href":"https:\/\/wordpress.nibis.de\/gslamme\/wp-json\/wp\/v2\/pages\/202","targetHints":{"allow":["GET"]}}],"collection":[{"href":"https:\/\/wordpress.nibis.de\/gslamme\/wp-json\/wp\/v2\/pages"}],"about":[{"href":"https:\/\/wordpress.nibis.de\/gslamme\/wp-json\/wp\/v2\/types\/page"}],"author":[{"embeddable":true,"href":"https:\/\/wordpress.nibis.de\/gslamme\/wp-json\/wp\/v2\/users\/9192276"}],"replies":[{"embeddable":true,"href":"https:\/\/wordpress.nibis.de\/gslamme\/wp-json\/wp\/v2\/comments?post=202"}],"version-history":[{"count":8,"href":"https:\/\/wordpress.nibis.de\/gslamme\/wp-json\/wp\/v2\/pages\/202\/revisions"}],"predecessor-version":[{"id":1781,"href":"https:\/\/wordpress.nibis.de\/gslamme\/wp-json\/wp\/v2\/pages\/202\/revisions\/1781"}],"wp:attachment":[{"href":"https:\/\/wordpress.nibis.de\/gslamme\/wp-json\/wp\/v2\/media?parent=202"}],"curies":[{"name":"wp","href":"https:\/\/api.w.org\/{rel}","templated":true}]}}