{"id":208,"date":"2018-10-30T11:29:40","date_gmt":"2018-10-30T10:29:40","guid":{"rendered":"http:\/\/wordpress.nibis.de\/gslamme\/?page_id=208"},"modified":"2024-11-18T14:44:16","modified_gmt":"2024-11-18T13:44:16","slug":"arbeitsgemeinschaften","status":"publish","type":"page","link":"https:\/\/wordpress.nibis.de\/gslamme\/arbeitsgemeinschaften\/","title":{"rendered":"Arbeitsgemeinschaften"},"content":{"rendered":"\n<p>Die Kinder der 3. und 4. Klassen nehmen in jedem Schulhalbjahr an einer Arbeitsgemeinschaft teil.<\/p>\n\n\n\n<p>Die Arbeitsgemeinschaften und festen Angebote finden jahrgangs\u00fcbergreifend in der 6. Stunde oder im Nachmittagsangebot statt.<\/p>\n\n\n\n<p>Dank gro\u00dfartiger Unterst\u00fctzung durch Kooperationspartner (MTV,  Waldforum, KJZ Lamme, USC) und Eltern ist es uns m\u00f6glich, ein  vielf\u00e4ltiges Angebot in kleinen Gruppen anzubieten.<\/p>\n\n\n\n<p>Da wir ein sehr breites AG-Angebot haben, haben die Kinder die M\u00f6glichkeit, \u00fcber die &#8222;Pflicht-AG&#8220; hinaus ein oder zwei weitere Arbeitsgemeinschaften auszuw\u00e4hlen.<\/p>\n\n\n\n<p>Im Schuljahr 2024\/2025 werden folgende Arbeitsgemeinschaften am Freitag bzw. im Rahmen des Ganztags angeboten:<\/p>\n\n\n\n<p><strong>Montag<\/strong><\/p>\n\n\n\n<figure class=\"wp-block-table is-style-stripes\"><table><tbody><tr><td><strong>Zeit<\/strong><\/td><td><strong>Angebot<\/strong><\/td><\/tr><tr><td>15:00-15:45 Uhr<\/td><td>Basketball<\/td><\/tr><tr><td>14:15-15:00 Uhr<\/td><td>Rund um Loomb\u00e4nder<\/td><\/tr><tr><td>14:15-15:00 Uhr<\/td><td>Stopptanz<\/td><\/tr><tr><td>14:15-15:00 Uhr<\/td><td>M\u00e4dchenfu\u00dfball<\/td><\/tr><tr><td>14:15-15:00 Uhr<\/td><td>Schulreporter<\/td><\/tr><\/tbody><\/table><\/figure>\n\n\n\n<p><strong>Dienstag<\/strong><\/p>\n\n\n\n<figure class=\"wp-block-table is-style-stripes\"><table><tbody><tr><td><strong>Zeit<\/strong><\/td><td><strong>Angebot<\/strong><\/td><\/tr><tr><td>14:15-15:45 Uhr<\/td><td>Hockey<\/td><\/tr><tr><td>14:15-15:00 Uhr<\/td><td>Tanzen und singen<\/td><\/tr><tr><td>14:15-15:00 Uhr<\/td><td>Schach AG<\/td><\/tr><tr><td>14:15-15:00 Uhr<\/td><td>Kreatives<\/td><\/tr><\/tbody><\/table><\/figure>\n\n\n\n<p><strong>Mittwoch<\/strong><\/p>\n\n\n\n<figure class=\"wp-block-table is-style-stripes\"><table><tbody><tr><td><strong>Zeit<\/strong><\/td><td><strong> Angebot<\/strong><\/td><\/tr><tr><td>12:45-14:15 (14-t\u00e4gig)<\/td><td>Kochen 1<\/td><\/tr><tr><td>12:45-14:15 Uhr (14-t\u00e4gig)<\/td><td>Kochen 2<\/td><\/tr><tr><td>12:45-14:15 Uhr<\/td><td>Fu\u00dfball<\/td><\/tr><tr><td>12:45-13:30 Uhr<\/td><td>Computer<\/td><\/tr><tr><td>12:45-13:45 Uhr<\/td><td>Streitschlichter<\/td><\/tr><tr><td>12:45-13:30 Uhr<\/td><td>Papierbastelwerkstat<\/td><\/tr><\/tbody><\/table><\/figure>\n\n\n\n<p><strong>Donnerstag<\/strong><\/p>\n\n\n\n<figure class=\"wp-block-table is-style-stripes\"><table><tbody><tr><td><strong>Zeit<\/strong><\/td><td><strong> Angebot<\/strong><\/td><\/tr><tr><td>14.15-15.00 Uhr<\/td><td>Alles rund um Lego<\/td><\/tr><tr><td>14.15-15.00 Uhr<\/td><td>Flagfootball<\/td><\/tr><tr><td>14.15-15.00 Uhr<\/td><td>B\u00fccherei<\/td><\/tr><tr><td>14.15-15.00 Uhr<\/td><td>Book journeling <\/td><\/tr><\/tbody><\/table><\/figure>\n\n\n\n<p><\/p>\n<p><strong>Freitag<\/strong><\/p>\n<p> <\/p>\n<figure class=\"wp-block-table is-style-stripes\">\n<table style=\"width: 100%;height: 205px\">\n<tbody>\n<tr style=\"height: 41px\">\n<td style=\"width: 43.6909%;height: 41px\"><strong>Zeit<\/strong><\/td>\n<td style=\"width: 56.1514%;height: 41px\"><strong>Angebot<\/strong><\/td>\n<\/tr>\n<tr style=\"height: 41px\">\n<td style=\"width: 43.6909%;height: 41px\">12:45-13:30 Uhr<\/td>\n<td style=\"width: 56.1514%;height: 41px\">Sch\u00fclerzeitung<\/td>\n<\/tr>\n<tr style=\"height: 41px\">\n<td style=\"width: 43.6909%;height: 41px\">12:45-13:30 Uhr\u00a0 \u00a0 \u00a0 \u00a0 \u00a0 \u00a0 \u00a0 \u00a0 \u00a0 \u00a0 \u00a0 \u00a0 \u00a0 \u00a0 \u00a0 \u00a0 \u00a0 \u00a0 \u00a0 \u00a0 \u00a0 \u00a0 \u00a0 \u00a0 \u00a0 \u00a0 \u00a0 \u00a0 \u00a0 \u00a0 \u00a0\u00a0<\/td>\n<td style=\"width: 56.1514%;height: 41px\">Ideen aus Stoff und Wolle<\/td>\n<\/tr>\n<\/tbody>\n<\/table>\n<\/figure>\n<p><\/p>\n","protected":false},"excerpt":{"rendered":"<p>Die Kinder der 3. und 4. Klassen nehmen in jedem Schulhalbjahr an einer Arbeitsgemeinschaft teil. Die Arbeitsgemeinschaften und festen Angebote finden jahrgangs\u00fcbergreifend in der 6. Stunde oder im Nachmittagsangebot statt. Dank gro\u00dfartiger Unterst\u00fctzung durch Kooperationspartner (MTV, Waldforum, KJZ Lamme, USC) und Eltern ist es uns m\u00f6glich, ein vielf\u00e4ltiges Angebot in kleinen Gruppen anzubieten. Da wir &hellip; <a href=\"https:\/\/wordpress.nibis.de\/gslamme\/arbeitsgemeinschaften\/\" class=\"more-link\"><span class=\"screen-reader-text\">Arbeitsgemeinschaften<\/span> weiterlesen <span class=\"meta-nav\">&rarr;<\/span><\/a><\/p>\n","protected":false},"author":9192276,"featured_media":0,"parent":0,"menu_order":0,"comment_status":"closed","ping_status":"closed","template":"","meta":{"footnotes":""},"class_list":["post-208","page","type-page","status-publish","hentry"],"_links":{"self":[{"href":"https:\/\/wordpress.nibis.de\/gslamme\/wp-json\/wp\/v2\/pages\/208","targetHints":{"allow":["GET"]}}],"collection":[{"href":"https:\/\/wordpress.nibis.de\/gslamme\/wp-json\/wp\/v2\/pages"}],"about":[{"href":"https:\/\/wordpress.nibis.de\/gslamme\/wp-json\/wp\/v2\/types\/page"}],"author":[{"embeddable":true,"href":"https:\/\/wordpress.nibis.de\/gslamme\/wp-json\/wp\/v2\/users\/9192276"}],"replies":[{"embeddable":true,"href":"https:\/\/wordpress.nibis.de\/gslamme\/wp-json\/wp\/v2\/comments?post=208"}],"version-history":[{"count":18,"href":"https:\/\/wordpress.nibis.de\/gslamme\/wp-json\/wp\/v2\/pages\/208\/revisions"}],"predecessor-version":[{"id":1793,"href":"https:\/\/wordpress.nibis.de\/gslamme\/wp-json\/wp\/v2\/pages\/208\/revisions\/1793"}],"wp:attachment":[{"href":"https:\/\/wordpress.nibis.de\/gslamme\/wp-json\/wp\/v2\/media?parent=208"}],"curies":[{"name":"wp","href":"https:\/\/api.w.org\/{rel}","templated":true}]}}