{"id":211,"date":"2024-03-06T11:29:00","date_gmt":"2024-03-06T10:29:00","guid":{"rendered":"http:\/\/wordpress.nibis.de\/gslamme\/?page_id=211"},"modified":"2024-03-06T13:31:04","modified_gmt":"2024-03-06T12:31:04","slug":"projekte","status":"publish","type":"page","link":"https:\/\/wordpress.nibis.de\/gslamme\/projekte\/","title":{"rendered":"Projekttage 2024 zum Thema &#8222;Zero Waste&#8220;"},"content":{"rendered":"\n<p>Vom 19.02. &#8211; 21.02.24 fanden\u00a0 an unserer Schule die Projekttage zum Thema &#8222;Zero Waste&#8220; statt.<\/p>\n<p>An dieser Stelle gibt es ein paar (Sch\u00fcler-)Berichte aus den Klassen und Jahrg\u00e4ngen:<\/p>\n<p>Am Dienstag den 13.2.2024 war unser erster Projekttag in den <strong>Klassen 3a<\/strong>, <strong>3b <\/strong>und <strong>3c<\/strong>. In der 1. und der 2. Stunde hatten wir eine Vorlesung mit Prof. Dr. Stefan Scholl. In der 3. ,4. und die H\u00e4lfte der 5. Stunde haben wir eine Stationsarbeit gemacht. Die andere H\u00e4lfte der 5. Stunde haben wir eine Utopie als Bilderbuchkino vorgestellt bekommen.\u00a0Am Mittwoch den 14.2.2024 war unser letzte Projekttag. In den ersten beiden Stunden haben wir coole Fantasy aus M\u00fcll gebaut. In der 3. und 4. haben wir unsere Stationsarbeit weiter gemacht.\u00a0In der 5. Stunde haben wir in der Sporthalle Spiele \u00fcber M\u00fcll im Meer gespielt.<\/p>\n<figure id=\"attachment_1486\" aria-describedby=\"caption-attachment-1486\" style=\"width: 2202px\" class=\"wp-caption aligncenter\"><img loading=\"lazy\" decoding=\"async\" class=\"wp-image-1486 size-full\" src=\"https:\/\/wordpress.nibis.de\/gslamme\/files\/2024\/03\/Fantasyautos-1.jpeg\" alt=\"\" width=\"2202\" height=\"1308\" \/><figcaption id=\"caption-attachment-1486\" class=\"wp-caption-text\">Fantasy-Autos aus M\u00fcll<\/figcaption><\/figure>\n<p><img loading=\"lazy\" decoding=\"async\" class=\"aligncenter wp-image-1485 size-full\" src=\"https:\/\/wordpress.nibis.de\/gslamme\/files\/2024\/03\/Fantasautos-2.jpeg\" alt=\"\" width=\"1902\" height=\"1298\" \/><\/p>\n<p>Im <strong>1. Jahrgang<\/strong> haben wir nach der Kinder-Vorlesung verschiedene Projektstationen bearbeitet. An einer Station konnten wir Trommeln aus alten Konservendosen und Kastagnetten aus Kronkorken und einem alten Umzugskarton basteln und damit anschlie\u00dfen das Lied &#8222;Die Saubermacher&#8220; begleiten.\u00a0An einer anderen Station haben wir Mikroplastik aus Duschgelen filtriert und mit Hilfe einer App herausgefunden, in welchen Produkten alles Mikroplastik versteckt ist.\u00a0Au\u00dferdem haben wir in einem &#8222;Klassenzimmer-Einkaufsladen&#8220; gelernt, welche M\u00f6glichkeiten es gibt, um beim Einkaufen Plastikverpackungen zu reduzieren.<\/p>\n<figure id=\"attachment_1438\" aria-describedby=\"caption-attachment-1438\" style=\"width: 604px\" class=\"wp-caption aligncenter\"><img loading=\"lazy\" decoding=\"async\" class=\"wp-image-1438 size-large\" src=\"https:\/\/wordpress.nibis.de\/gslamme\/files\/2024\/02\/IMG_0354-800x600.jpg\" alt=\"\" width=\"604\" height=\"453\" \/><figcaption id=\"caption-attachment-1438\" class=\"wp-caption-text\">Aus alten Konservendosen wurden bunte Trommeln gebastelt.<\/figcaption><\/figure>\n<p><img loading=\"lazy\" decoding=\"async\" class=\"aligncenter wp-image-1437 size-large\" src=\"https:\/\/wordpress.nibis.de\/gslamme\/files\/2024\/02\/IMG_0351-800x600.jpg\" alt=\"\" width=\"604\" height=\"453\" srcset=\"https:\/\/wordpress.nibis.de\/gslamme\/files\/2024\/02\/IMG_0351-800x600.jpg 800w, https:\/\/wordpress.nibis.de\/gslamme\/files\/2024\/02\/IMG_0351-768x576.jpg 768w, https:\/\/wordpress.nibis.de\/gslamme\/files\/2024\/02\/IMG_0351-1536x1152.jpg 1536w, https:\/\/wordpress.nibis.de\/gslamme\/files\/2024\/02\/IMG_0351-2048x1536.jpg 2048w\" sizes=\"auto, (max-width: 604px) 100vw, 604px\" \/><\/p>\n<p>Die <strong>Klasse 4a<\/strong> war bei <strong>Alba<\/strong> in Watenb\u00fcttel. Dort haben sie sehr viel gelernt. Zum Beispiel, dass man Sachen mit Lithium-Ionen-Akku nicht in den M\u00fcll schmei\u00dfen darf.\u00a0 Lithium-Ionen-Akkus k\u00f6nnen n\u00e4mlich richtig lange brennen und man kann sie nicht l\u00f6schen.<\/p>\n<figure id=\"attachment_1412\" aria-describedby=\"caption-attachment-1412\" style=\"width: 1200px\" class=\"wp-caption aligncenter\"><img loading=\"lazy\" decoding=\"async\" class=\"wp-image-1412 size-full\" src=\"https:\/\/wordpress.nibis.de\/gslamme\/files\/2024\/02\/2024-02-12_Alba-Watenbuettel-2.jpg\" alt=\"\" width=\"1200\" height=\"1600\" srcset=\"https:\/\/wordpress.nibis.de\/gslamme\/files\/2024\/02\/2024-02-12_Alba-Watenbuettel-2.jpg 1200w, https:\/\/wordpress.nibis.de\/gslamme\/files\/2024\/02\/2024-02-12_Alba-Watenbuettel-2-768x1024.jpg 768w, https:\/\/wordpress.nibis.de\/gslamme\/files\/2024\/02\/2024-02-12_Alba-Watenbuettel-2-1152x1536.jpg 1152w\" sizes=\"auto, (max-width: 1200px) 100vw, 1200px\" \/><figcaption id=\"caption-attachment-1412\" class=\"wp-caption-text\">\u00a0 Klasse 4a bei ALBA in Watenb\u00fcttel<\/figcaption><\/figure>\n<p><img loading=\"lazy\" decoding=\"async\" class=\"alignnone wp-image-1411 size-full\" src=\"https:\/\/wordpress.nibis.de\/gslamme\/files\/2024\/02\/2024-02-12_Alba-Watenbuettel-6.jpg\" alt=\"\" width=\"1200\" height=\"1600\" srcset=\"https:\/\/wordpress.nibis.de\/gslamme\/files\/2024\/02\/2024-02-12_Alba-Watenbuettel-6.jpg 1200w, https:\/\/wordpress.nibis.de\/gslamme\/files\/2024\/02\/2024-02-12_Alba-Watenbuettel-6-768x1024.jpg 768w, https:\/\/wordpress.nibis.de\/gslamme\/files\/2024\/02\/2024-02-12_Alba-Watenbuettel-6-1152x1536.jpg 1152w\" sizes=\"auto, (max-width: 1200px) 100vw, 1200px\" \/><\/p>\n<p>\u00a0<\/p>\n<figure id=\"attachment_1428\" aria-describedby=\"caption-attachment-1428\" style=\"width: 640px\" class=\"wp-caption aligncenter\"><img loading=\"lazy\" decoding=\"async\" class=\"wp-image-1428 size-full\" src=\"https:\/\/wordpress.nibis.de\/gslamme\/files\/2024\/02\/IMG_6277.jpeg\" alt=\"\" width=\"640\" height=\"490\" \/><figcaption id=\"caption-attachment-1428\" class=\"wp-caption-text\">&#8222;Sammy &#8211; die Reise einer Zahnb\u00fcrste&#8220; in unserer Aula<\/figcaption><\/figure>\n","protected":false},"excerpt":{"rendered":"<p>Vom 19.02. &#8211; 21.02.24 fanden\u00a0 an unserer Schule die Projekttage zum Thema &#8222;Zero Waste&#8220; statt. An dieser Stelle gibt es ein paar (Sch\u00fcler-)Berichte aus den Klassen und Jahrg\u00e4ngen: Am Dienstag den 13.2.2024 war unser erster Projekttag in den Klassen 3a, 3b und 3c. In der 1. und der 2. Stunde hatten wir eine Vorlesung mit &hellip; <a href=\"https:\/\/wordpress.nibis.de\/gslamme\/projekte\/\" class=\"more-link\"><span class=\"screen-reader-text\">Projekttage 2024 zum Thema &#8222;Zero Waste&#8220;<\/span> weiterlesen <span class=\"meta-nav\">&rarr;<\/span><\/a><\/p>\n","protected":false},"author":9192276,"featured_media":1400,"parent":0,"menu_order":0,"comment_status":"closed","ping_status":"closed","template":"","meta":{"footnotes":""},"class_list":["post-211","page","type-page","status-publish","has-post-thumbnail","hentry"],"_links":{"self":[{"href":"https:\/\/wordpress.nibis.de\/gslamme\/wp-json\/wp\/v2\/pages\/211","targetHints":{"allow":["GET"]}}],"collection":[{"href":"https:\/\/wordpress.nibis.de\/gslamme\/wp-json\/wp\/v2\/pages"}],"about":[{"href":"https:\/\/wordpress.nibis.de\/gslamme\/wp-json\/wp\/v2\/types\/page"}],"author":[{"embeddable":true,"href":"https:\/\/wordpress.nibis.de\/gslamme\/wp-json\/wp\/v2\/users\/9192276"}],"replies":[{"embeddable":true,"href":"https:\/\/wordpress.nibis.de\/gslamme\/wp-json\/wp\/v2\/comments?post=211"}],"version-history":[{"count":10,"href":"https:\/\/wordpress.nibis.de\/gslamme\/wp-json\/wp\/v2\/pages\/211\/revisions"}],"predecessor-version":[{"id":1487,"href":"https:\/\/wordpress.nibis.de\/gslamme\/wp-json\/wp\/v2\/pages\/211\/revisions\/1487"}],"wp:featuredmedia":[{"embeddable":true,"href":"https:\/\/wordpress.nibis.de\/gslamme\/wp-json\/wp\/v2\/media\/1400"}],"wp:attachment":[{"href":"https:\/\/wordpress.nibis.de\/gslamme\/wp-json\/wp\/v2\/media?parent=211"}],"curies":[{"name":"wp","href":"https:\/\/api.w.org\/{rel}","templated":true}]}}