{"id":267,"date":"2019-08-08T12:54:53","date_gmt":"2019-08-08T10:54:53","guid":{"rendered":"https:\/\/wordpress.nibis.de\/gslamme\/?page_id=267"},"modified":"2024-04-09T08:12:14","modified_gmt":"2024-04-09T06:12:14","slug":"herzlich-willkommen","status":"publish","type":"page","link":"https:\/\/wordpress.nibis.de\/gslamme\/herzlich-willkommen\/","title":{"rendered":"Herzlich Willkommen auf der Homepage der Grundschule Lamme"},"content":{"rendered":"\n<h2 style=\"text-align: center\"><strong><span style=\"color: #000080\"><span style=\"color: #99cc00\">Kinder-Uni <\/span>und <span style=\"color: #99cc00\">Figurentheater&nbsp; <\/span>zu Besuch in unserer Schule&nbsp;<\/span><\/strong><\/h2>\n<p><img loading=\"lazy\" decoding=\"async\" class=\"wp-image-1429 size-full alignnone\" src=\"https:\/\/wordpress.nibis.de\/gslamme\/files\/2024\/02\/P1010417-scaled.jpg\" alt=\"\" width=\"2560\" height=\"1707\" srcset=\"https:\/\/wordpress.nibis.de\/gslamme\/files\/2024\/02\/P1010417-scaled.jpg 2560w, https:\/\/wordpress.nibis.de\/gslamme\/files\/2024\/02\/P1010417-768x512.jpg 768w, https:\/\/wordpress.nibis.de\/gslamme\/files\/2024\/02\/P1010417-1536x1024.jpg 1536w, https:\/\/wordpress.nibis.de\/gslamme\/files\/2024\/02\/P1010417-2048x1365.jpg 2048w\" sizes=\"auto, (max-width: 2560px) 100vw, 2560px\" \/><\/p>\n<p>Vom 12. &#8211; 14.02. fanden an unserer Schule <strong><span style=\"color: #99cc00\">Projekttage zum Thema<\/span><\/strong> <span style=\"color: #99cc00\"><strong>&#8222;<\/strong><strong>Zero Waste<\/strong><strong>&#8222;<\/strong><\/span> statt.<\/p>\n<p><span style=\"font-size: revert\">Zum Auftakt nahmen alle Klassen an einer spannenden <\/span><strong style=\"font-size: revert\"><span style=\"color: #99cc00\">Kinder-Vorlesung<\/span><\/strong><span style=\"font-size: revert\"> zum Thema<\/span><strong style=\"font-size: revert\"><span style=\"color: #99cc00\"> &#8222;Wie kann man Plastikflaschen wiederverwerten&#8220;<\/span> <\/strong><span style=\"font-size: revert\">teil, die Prof. Dr. Scholl und Frau Brepohl vom Institut f\u00fcr chemische und thermische Verfahrenstechnik der TU Braunschweig an unserer Schule durchf\u00fchrten. Anschlie\u00dfend befassten sich die einzelnen Jahrg\u00e4nge in verschiedenen Projekten mit dem Thema &#8222;M\u00fcllrecycling und -vermeidung&#8220;.&nbsp;<\/span><\/p>\n<p><img loading=\"lazy\" decoding=\"async\" class=\"aligncenter wp-image-1432 size-full\" src=\"https:\/\/wordpress.nibis.de\/gslamme\/files\/2024\/02\/IMG_6246-scaled.jpeg\" alt=\"\" width=\"2560\" height=\"1920\" srcset=\"https:\/\/wordpress.nibis.de\/gslamme\/files\/2024\/02\/IMG_6246-scaled.jpeg 2560w, https:\/\/wordpress.nibis.de\/gslamme\/files\/2024\/02\/IMG_6246-800x600.jpeg 800w, https:\/\/wordpress.nibis.de\/gslamme\/files\/2024\/02\/IMG_6246-768x576.jpeg 768w, https:\/\/wordpress.nibis.de\/gslamme\/files\/2024\/02\/IMG_6246-1536x1152.jpeg 1536w, https:\/\/wordpress.nibis.de\/gslamme\/files\/2024\/02\/IMG_6246-2048x1536.jpeg 2048w\" sizes=\"auto, (max-width: 2560px) 100vw, 2560px\" \/><\/p>\n<p>Zum Abschluss des Projektes kam das <span style=\"color: #99cc00\"><strong>Wolfsburger<\/strong><\/span> <span style=\"color: #99cc00\"><strong>Figurentheater Compagnie<\/strong><\/span> zu uns in die Schule, um f\u00fcr die 1.-3. Jahrg\u00e4nge das Puppentheater <span style=\"color: #99cc00\"><strong>&#8222;Sammy- die ungew\u00f6hnliche Reise einer Zahnb\u00fcrste&#8220;<\/strong><\/span> &#8211; eine aufregende Geschichte \u00fcber den Plastikm\u00fcll in den Weltmeeren nach M.G. Leonard aufzuf\u00fchren.&nbsp;<\/p>\n<p>Mehr Informationen und Bilder zu unseren Projekttagen gibt es <a href=\"https:\/\/wordpress.nibis.de\/gslamme\/projekte\/\">hier.<\/a><\/p>\n<p>&nbsp;<\/p>\n\n\n\n<p>&nbsp;<\/p>\n<p>&nbsp;<\/p>\n<p>&nbsp;<\/p>\n<p><img loading=\"lazy\" decoding=\"async\" class=\"aligncenter\" src=\"https:\/\/wordpress.nibis.de\/gslamme\/files\/2019\/08\/maennchen.jpg\" alt=\"Logo Schule\" width=\"387\" height=\"165\"><\/p>\n\n\n\n<p><\/p>\n\n\n","protected":false},"excerpt":{"rendered":"<p>Kinder-Uni und Figurentheater&nbsp; zu Besuch in unserer Schule&nbsp; Vom 12. &#8211; 14.02. fanden an unserer Schule Projekttage zum Thema &#8222;Zero Waste&#8222; statt. Zum Auftakt nahmen alle Klassen an einer spannenden Kinder-Vorlesung zum Thema &#8222;Wie kann man Plastikflaschen wiederverwerten&#8220; teil, die Prof. Dr. Scholl und Frau Brepohl vom Institut f\u00fcr chemische und thermische Verfahrenstechnik der TU &hellip; <a href=\"https:\/\/wordpress.nibis.de\/gslamme\/herzlich-willkommen\/\" class=\"more-link\"><span class=\"screen-reader-text\">Herzlich Willkommen auf der Homepage der Grundschule Lamme<\/span> weiterlesen <span class=\"meta-nav\">&rarr;<\/span><\/a><\/p>\n","protected":false},"author":9192276,"featured_media":0,"parent":0,"menu_order":0,"comment_status":"closed","ping_status":"closed","template":"","meta":{"footnotes":""},"class_list":["post-267","page","type-page","status-publish","hentry"],"_links":{"self":[{"href":"https:\/\/wordpress.nibis.de\/gslamme\/wp-json\/wp\/v2\/pages\/267","targetHints":{"allow":["GET"]}}],"collection":[{"href":"https:\/\/wordpress.nibis.de\/gslamme\/wp-json\/wp\/v2\/pages"}],"about":[{"href":"https:\/\/wordpress.nibis.de\/gslamme\/wp-json\/wp\/v2\/types\/page"}],"author":[{"embeddable":true,"href":"https:\/\/wordpress.nibis.de\/gslamme\/wp-json\/wp\/v2\/users\/9192276"}],"replies":[{"embeddable":true,"href":"https:\/\/wordpress.nibis.de\/gslamme\/wp-json\/wp\/v2\/comments?post=267"}],"version-history":[{"count":81,"href":"https:\/\/wordpress.nibis.de\/gslamme\/wp-json\/wp\/v2\/pages\/267\/revisions"}],"predecessor-version":[{"id":1525,"href":"https:\/\/wordpress.nibis.de\/gslamme\/wp-json\/wp\/v2\/pages\/267\/revisions\/1525"}],"wp:attachment":[{"href":"https:\/\/wordpress.nibis.de\/gslamme\/wp-json\/wp\/v2\/media?parent=267"}],"curies":[{"name":"wp","href":"https:\/\/api.w.org\/{rel}","templated":true}]}}