{"id":272,"date":"2019-08-08T13:13:32","date_gmt":"2019-08-08T11:13:32","guid":{"rendered":"https:\/\/wordpress.nibis.de\/gslamme\/?page_id=272"},"modified":"2024-04-18T14:46:38","modified_gmt":"2024-04-18T12:46:38","slug":"ueber-uns-3","status":"publish","type":"page","link":"https:\/\/wordpress.nibis.de\/gslamme\/ueber-uns-3\/","title":{"rendered":"\u00dcber uns"},"content":{"rendered":"\n<p class=\"has-text-align-center has-medium-font-size\"><strong>Herzlich willkommen im Internet auf der Homepage der Grundschule Lamme.<\/strong><\/p>\n\n\n\n<p>Die Grundschule Lamme ist eine verl\u00e4ssliche Grundschule am Stadtrand von Braunschweig.<\/p>\n\n\n\n<p>Im Schuljahr 2023\/2024 besuchen ca. 260 Kinder aus Lamme die zw\u00f6lf Klassen unserer Schule.<\/p>\n\n\n\n<p>Die Grundschule Lamme wurde im Jahr 2006 erbaut . Das Geb\u00e4ude wird seit der Fertigstellung st\u00e4ndig erweitert. <\/p>\n\n\n\n<p>Im Sommer 2020 konnten wir im Rahmen der Einf\u00fchrung der Ganztagsgrundschule unseren Erweiterungsbau in die Nutzung nehmen.<\/p>\n\n\n\n<p id=\"https:\/\/wordpress.nibis.de\/gslamme\/unsere-schule\/unsere-schulgebaeude\/\">Unsere Grundschule bietet 12 Klassenr\u00e4ume,  Fachr\u00e4ume wie z. B. den Computerraum, die Sch\u00fclerb\u00fccherei, eine gro\u00dfe Aula, eine Doppelturnhalle, einen Kunstraum, einen Musikraum, einen Bewegungsraum, zwei Ganztagsr\u00e4ume und eine Mensa. (<a href=\"https:\/\/wordpress.nibis.de\/gslamme\/unsere-schule\/unsere-schulgebaeude\/\">Hier <\/a>finden Sie ein paar Impressionen vom Schulgel\u00e4nde und den Geb\u00e4uden.)<\/p>\n\n\n\n<p>Zum Kollegium geh\u00f6ren etwa 25 Lehrkr\u00e4fte, eine <a href=\"https:\/\/wordpress.nibis.de\/gslamme\/schulsozialarbeit\/\">Schulsozialp\u00e4dagogin<\/a> und 11 p\u00e4dagogische Mitarbeiterinnen und Mitarbeiter. Hinzu kommen die Mitarbeiterinnen und Mitarbeiter unserer Kooperationspartner.<\/p>\n\n\n\n<p>Eine Sekret\u00e4rin, einen Schulhauswart und mehrere Reinigungskr\u00e4fte runden das  Team der Mitarbeiterinnen und Mitarbeiter an der Grundschule Lamme ab.<\/p>\n\n\n\n<p>Im Rahmen ihrer Ausbildung bzw. zur  Berufsorientierung haben wir h\u00e4ufig auch Praktikantinnen und  Praktikanten und Studierende des Lehramtes an  unserer Schule, die unser Schulleben bereichern.<\/p>\n\n\n\n<p>Unsere Kooperationspartner in der Schulkindbetreuung sind das Kinder- und Jugenzentrum Lamme sowie die Propstei Braunschweig.<br><\/p>\n","protected":false},"excerpt":{"rendered":"<p>Herzlich willkommen im Internet auf der Homepage der Grundschule Lamme. Die Grundschule Lamme ist eine verl\u00e4ssliche Grundschule am Stadtrand von Braunschweig. Im Schuljahr 2023\/2024 besuchen ca. 260 Kinder aus Lamme die zw\u00f6lf Klassen unserer Schule. Die Grundschule Lamme wurde im Jahr 2006 erbaut . Das Geb\u00e4ude wird seit der Fertigstellung st\u00e4ndig erweitert. Im Sommer 2020 &hellip; <a href=\"https:\/\/wordpress.nibis.de\/gslamme\/ueber-uns-3\/\" class=\"more-link\"><span class=\"screen-reader-text\">\u00dcber uns<\/span> weiterlesen <span class=\"meta-nav\">&rarr;<\/span><\/a><\/p>\n","protected":false},"author":9192276,"featured_media":0,"parent":0,"menu_order":0,"comment_status":"closed","ping_status":"closed","template":"","meta":{"footnotes":""},"class_list":["post-272","page","type-page","status-publish","hentry"],"_links":{"self":[{"href":"https:\/\/wordpress.nibis.de\/gslamme\/wp-json\/wp\/v2\/pages\/272","targetHints":{"allow":["GET"]}}],"collection":[{"href":"https:\/\/wordpress.nibis.de\/gslamme\/wp-json\/wp\/v2\/pages"}],"about":[{"href":"https:\/\/wordpress.nibis.de\/gslamme\/wp-json\/wp\/v2\/types\/page"}],"author":[{"embeddable":true,"href":"https:\/\/wordpress.nibis.de\/gslamme\/wp-json\/wp\/v2\/users\/9192276"}],"replies":[{"embeddable":true,"href":"https:\/\/wordpress.nibis.de\/gslamme\/wp-json\/wp\/v2\/comments?post=272"}],"version-history":[{"count":9,"href":"https:\/\/wordpress.nibis.de\/gslamme\/wp-json\/wp\/v2\/pages\/272\/revisions"}],"predecessor-version":[{"id":1633,"href":"https:\/\/wordpress.nibis.de\/gslamme\/wp-json\/wp\/v2\/pages\/272\/revisions\/1633"}],"wp:attachment":[{"href":"https:\/\/wordpress.nibis.de\/gslamme\/wp-json\/wp\/v2\/media?parent=272"}],"curies":[{"name":"wp","href":"https:\/\/api.w.org\/{rel}","templated":true}]}}