{"id":326,"date":"2019-08-10T10:02:50","date_gmt":"2019-08-10T08:02:50","guid":{"rendered":"https:\/\/wordpress.nibis.de\/gslamme\/?page_id=326"},"modified":"2026-03-19T12:53:14","modified_gmt":"2026-03-19T11:53:14","slug":"elternbriefe","status":"publish","type":"page","link":"https:\/\/wordpress.nibis.de\/gslamme\/elternbriefe\/","title":{"rendered":"Elternbriefe"},"content":{"rendered":"\n<p>Regelm\u00e4\u00dfig vor den Ferien erhalten Sie Elternbriefe mit aktuellen Informationen aus der Schule. An dieser Stelle k\u00f6nnen Sie diese abrufen:<\/p>\n\n\n\n<p><a href=\"https:\/\/wordpress.nibis.de\/gslamme\/files\/2026\/03\/Elternbrief_Ostern_2026.pdf\">Elternbrief Ostern 2026<\/a><\/p>\n\n\n\n<p><\/p>\n\n\n","protected":false},"excerpt":{"rendered":"<p>Regelm\u00e4\u00dfig vor den Ferien erhalten Sie Elternbriefe mit aktuellen Informationen aus der Schule. An dieser Stelle k\u00f6nnen Sie diese abrufen: Elternbrief Ostern 2026<\/p>\n","protected":false},"author":9192276,"featured_media":0,"parent":0,"menu_order":0,"comment_status":"closed","ping_status":"closed","template":"","meta":{"footnotes":""},"class_list":["post-326","page","type-page","status-publish","hentry"],"_links":{"self":[{"href":"https:\/\/wordpress.nibis.de\/gslamme\/wp-json\/wp\/v2\/pages\/326","targetHints":{"allow":["GET"]}}],"collection":[{"href":"https:\/\/wordpress.nibis.de\/gslamme\/wp-json\/wp\/v2\/pages"}],"about":[{"href":"https:\/\/wordpress.nibis.de\/gslamme\/wp-json\/wp\/v2\/types\/page"}],"author":[{"embeddable":true,"href":"https:\/\/wordpress.nibis.de\/gslamme\/wp-json\/wp\/v2\/users\/9192276"}],"replies":[{"embeddable":true,"href":"https:\/\/wordpress.nibis.de\/gslamme\/wp-json\/wp\/v2\/comments?post=326"}],"version-history":[{"count":13,"href":"https:\/\/wordpress.nibis.de\/gslamme\/wp-json\/wp\/v2\/pages\/326\/revisions"}],"predecessor-version":[{"id":1943,"href":"https:\/\/wordpress.nibis.de\/gslamme\/wp-json\/wp\/v2\/pages\/326\/revisions\/1943"}],"wp:attachment":[{"href":"https:\/\/wordpress.nibis.de\/gslamme\/wp-json\/wp\/v2\/media?parent=326"}],"curies":[{"name":"wp","href":"https:\/\/api.w.org\/{rel}","templated":true}]}}