{"id":328,"date":"2019-08-10T10:05:58","date_gmt":"2019-08-10T08:05:58","guid":{"rendered":"https:\/\/wordpress.nibis.de\/gslamme\/?page_id=328"},"modified":"2026-04-14T12:19:18","modified_gmt":"2026-04-14T10:19:18","slug":"formulare-zum-download","status":"publish","type":"page","link":"https:\/\/wordpress.nibis.de\/gslamme\/formulare-zum-download\/","title":{"rendered":"Formulare zum Download"},"content":{"rendered":"\n<p>Folgende Formulare stehen hier <strong>zuk\u00fcnftig <\/strong>zum Download bereit:<\/p>\n\n\n\n<p><a href=\"https:\/\/wordpress.nibis.de\/gslamme\/files\/2025\/08\/Anmeldeformular2025-neu.pdf\">Anmeldeformular f\u00fcr die GS Lamme<\/a><\/p>\n\n\n\n<p><a href=\"https:\/\/wordpress.nibis.de\/gslamme\/files\/2022\/03\/Rueckabschnitt_Email-Adress-Abfrage.pdf\">Abfrage zur Verwendung der E-Mail-Adresse<\/a><\/p>\n\n\n\n<p><a href=\"https:\/\/wordpress.nibis.de\/gslamme\/files\/2023\/04\/Informationsblatt_fr_Erziehungsberechtigte_Einschulungstermin_Stand_Januar_2023.pdf\" target=\"_blank\" rel=\"noopener\">Informationsblatt Flexibilisierung Einschulungstermin<\/a><\/p>\n\n\n\n<p><a href=\"https:\/\/wordpress.nibis.de\/gslamme\/files\/2024\/04\/Schweigepflichtsentbindung_allgemein_NEU-1.pdf\">Schweigepflichtsentbindung<\/a><\/p>\n\n\n\n<p><strong>Ganztagsbetrieb<\/strong><\/p>\n\n\n\n<p><a href=\"https:\/\/wordpress.nibis.de\/gslamme\/files\/2026\/04\/Anmeldeformular_GTS_2026-Jahrgang-2-4.pdf\" target=\"_blank\" rel=\"noopener\">Anmeldeformular Ganztag f\u00fcr das Schuljahr 2026\/2027<\/a><\/p>\n\n\n\n<p><a href=\"https:\/\/wordpress.nibis.de\/gslamme\/files\/2026\/04\/Aenderungsantrag_GTS_2026.pdf\">\u00c4nderungsantrag f\u00fcr den Ganztag f\u00fcr das Schuljahr 2026\/2027<\/a><\/p>\n\n\n\n<p><strong>Informationen und Einverst\u00e4ndniserkl\u00e4rungen<\/strong><\/p>\n\n\n\n<p><a href=\"https:\/\/wordpress.nibis.de\/gslamme\/files\/2020\/07\/Anlage_1.pdf\" target=\"_blank\" rel=\"noreferrer noopener\" aria-label=\"\u00dcbersicht herkunftssprachlicher Unterricht (\u00f6ffnet in neuem Tab)\">\u00dcbersicht herkunftssprachlicher Unterricht<\/a><\/p>\n\n\n\n<p><a href=\"https:\/\/wordpress.nibis.de\/gslamme\/files\/2025\/03\/Materialliste_1.-Klassen_-24_25.pdf\" target=\"_blank\" rel=\"noopener\">Schulbuchliste 2024\/2025 &#8211; 1. Klassen<\/a><\/p>\n\n\n\n<p><a href=\"https:\/\/wordpress.nibis.de\/gslamme\/files\/2025\/03\/Materialliste_1.-Klassen_-24_25.pdf\" target=\"_blank\" rel=\"noopener\">Schulbuchliste 2024\/2025 &#8211; 2. Klassen<\/a><\/p>\n<p><a href=\"https:\/\/wordpress.nibis.de\/gslamme\/files\/2025\/03\/Materialliste_3.-Klassen_-24-25.pdf\" target=\"_blank\" rel=\"noopener\">Schulbuchliste 2024\/2025 &#8211; 3. Klassen<\/a><\/p>\n\n\n\n<p><a href=\"https:\/\/wordpress.nibis.de\/gslamme\/files\/2025\/03\/Materialliste_4.-Klassen_-24_25.pdf\" target=\"_blank\" rel=\"noopener\">Schulbuchliste 2024\/2025 &#8211; 4. Klassen<\/a><\/p>\n","protected":false},"excerpt":{"rendered":"<p>Folgende Formulare stehen hier zuk\u00fcnftig zum Download bereit: Anmeldeformular f\u00fcr die GS Lamme Abfrage zur Verwendung der E-Mail-Adresse Informationsblatt Flexibilisierung Einschulungstermin Schweigepflichtsentbindung Ganztagsbetrieb Anmeldeformular Ganztag f\u00fcr das Schuljahr 2026\/2027 \u00c4nderungsantrag f\u00fcr den Ganztag f\u00fcr das Schuljahr 2026\/2027 Informationen und Einverst\u00e4ndniserkl\u00e4rungen \u00dcbersicht herkunftssprachlicher Unterricht Schulbuchliste 2024\/2025 &#8211; 1. Klassen Schulbuchliste 2024\/2025 &#8211; 2. Klassen Schulbuchliste 2024\/2025 &hellip; <a href=\"https:\/\/wordpress.nibis.de\/gslamme\/formulare-zum-download\/\" class=\"more-link\"><span class=\"screen-reader-text\">Formulare zum Download<\/span> weiterlesen <span class=\"meta-nav\">&rarr;<\/span><\/a><\/p>\n","protected":false},"author":9192276,"featured_media":0,"parent":0,"menu_order":0,"comment_status":"closed","ping_status":"closed","template":"","meta":{"footnotes":""},"class_list":["post-328","page","type-page","status-publish","hentry"],"_links":{"self":[{"href":"https:\/\/wordpress.nibis.de\/gslamme\/wp-json\/wp\/v2\/pages\/328","targetHints":{"allow":["GET"]}}],"collection":[{"href":"https:\/\/wordpress.nibis.de\/gslamme\/wp-json\/wp\/v2\/pages"}],"about":[{"href":"https:\/\/wordpress.nibis.de\/gslamme\/wp-json\/wp\/v2\/types\/page"}],"author":[{"embeddable":true,"href":"https:\/\/wordpress.nibis.de\/gslamme\/wp-json\/wp\/v2\/users\/9192276"}],"replies":[{"embeddable":true,"href":"https:\/\/wordpress.nibis.de\/gslamme\/wp-json\/wp\/v2\/comments?post=328"}],"version-history":[{"count":54,"href":"https:\/\/wordpress.nibis.de\/gslamme\/wp-json\/wp\/v2\/pages\/328\/revisions"}],"predecessor-version":[{"id":1959,"href":"https:\/\/wordpress.nibis.de\/gslamme\/wp-json\/wp\/v2\/pages\/328\/revisions\/1959"}],"wp:attachment":[{"href":"https:\/\/wordpress.nibis.de\/gslamme\/wp-json\/wp\/v2\/media?parent=328"}],"curies":[{"name":"wp","href":"https:\/\/api.w.org\/{rel}","templated":true}]}}