{"id":382,"date":"2019-08-13T16:49:51","date_gmt":"2019-08-13T14:49:51","guid":{"rendered":"https:\/\/wordpress.nibis.de\/gslamme\/?page_id=382"},"modified":"2025-03-11T14:22:46","modified_gmt":"2025-03-11T13:22:46","slug":"medienerziehung","status":"publish","type":"page","link":"https:\/\/wordpress.nibis.de\/gslamme\/medienerziehung\/","title":{"rendered":"Medienerziehung"},"content":{"rendered":"\n<p>Der Umgang mit den Informations- und Kommuniaktionstechnologien spielt an unserer Schule einen wichtigen Aspekt.<br><\/p>\n\n\n\n<h4 class=\"wp-block-heading\">Unsere Ausstattung:<\/h4>\n\n\n\n<p>Wir verf\u00fcgen \u00fcber<\/p>\n\n\n\n<ul class=\"wp-block-list\"><li>einen schuleigenes Serversystem (IServ)<\/li><li>einen Computerraum mit 16 PC-Arbeitspl\u00e4tzen<\/li><li>mehrere Tablet-Koffer zur mobilen Arbeit in den Klassen<\/li><li>je 2 Sch\u00fclercomputer in den angrenzenden Gruppenr\u00e4umen<\/li><li>ein mobiles Set mit Laptop und Beamer<\/li><li>neun Klassenr\u00e4ume mit digitalen Tafeln <\/li><li>vier Notebooks f\u00fcr den mobilen Einsatz<\/li><\/ul>\n\n\n\n<h4 class=\"wp-block-heading\">Unsere Arbeit<\/h4>\n\n\n\n<p>Die Arbeit mit PC&#8217;s findet \u00fcberwiegend im t\u00e4glichen Unterricht und in den Differenzierungsphasen statt. Jede Klasse hat die M\u00f6glichkeit ca. einmal pro Woche (ggf. in Absprache) den Computerraum im Deusch- bzw. Mathematikunterricht zu nutzen.<br><\/p>\n\n\n\n<h4 class=\"wp-block-heading\">Unsere Lernsoftware<\/h4>\n\n\n\n<p>An unserer Schule kommen haupts\u00e4chlich diese Programme zu Einsatz<\/p>\n\n\n\n<ul class=\"wp-block-list\"><li>Budenberg<\/li><li>Lernwerkstatt 9<\/li><li>OpenOffice 4 Kids<\/li><li>Oriolus Mathematik und Deutsch<\/li><li>ANTON-App<\/li><\/ul>\n\n\n\n<p>Ferner arbeiten wir im Internet mit<\/p>\n\n\n\n<ul class=\"wp-block-list\"><li>unterschiedlichen Suchmaschinen f\u00fcr Kinder<\/li><li>und dem Lesef\u00f6rderungsprogramm Antolin<\/li><\/ul>\n\n\n","protected":false},"excerpt":{"rendered":"<p>Der Umgang mit den Informations- und Kommuniaktionstechnologien spielt an unserer Schule einen wichtigen Aspekt. Unsere Ausstattung: Wir verf\u00fcgen \u00fcber einen schuleigenes Serversystem (IServ) einen Computerraum mit 16 PC-Arbeitspl\u00e4tzen mehrere Tablet-Koffer zur mobilen Arbeit in den Klassen je 2 Sch\u00fclercomputer in den angrenzenden Gruppenr\u00e4umen ein mobiles Set mit Laptop und Beamer neun Klassenr\u00e4ume mit digitalen Tafeln &hellip; <a href=\"https:\/\/wordpress.nibis.de\/gslamme\/medienerziehung\/\" class=\"more-link\"><span class=\"screen-reader-text\">Medienerziehung<\/span> weiterlesen <span class=\"meta-nav\">&rarr;<\/span><\/a><\/p>\n","protected":false},"author":9192276,"featured_media":0,"parent":0,"menu_order":0,"comment_status":"closed","ping_status":"closed","template":"","meta":{"footnotes":""},"class_list":["post-382","page","type-page","status-publish","hentry"],"_links":{"self":[{"href":"https:\/\/wordpress.nibis.de\/gslamme\/wp-json\/wp\/v2\/pages\/382","targetHints":{"allow":["GET"]}}],"collection":[{"href":"https:\/\/wordpress.nibis.de\/gslamme\/wp-json\/wp\/v2\/pages"}],"about":[{"href":"https:\/\/wordpress.nibis.de\/gslamme\/wp-json\/wp\/v2\/types\/page"}],"author":[{"embeddable":true,"href":"https:\/\/wordpress.nibis.de\/gslamme\/wp-json\/wp\/v2\/users\/9192276"}],"replies":[{"embeddable":true,"href":"https:\/\/wordpress.nibis.de\/gslamme\/wp-json\/wp\/v2\/comments?post=382"}],"version-history":[{"count":5,"href":"https:\/\/wordpress.nibis.de\/gslamme\/wp-json\/wp\/v2\/pages\/382\/revisions"}],"predecessor-version":[{"id":1875,"href":"https:\/\/wordpress.nibis.de\/gslamme\/wp-json\/wp\/v2\/pages\/382\/revisions\/1875"}],"wp:attachment":[{"href":"https:\/\/wordpress.nibis.de\/gslamme\/wp-json\/wp\/v2\/media?parent=382"}],"curies":[{"name":"wp","href":"https:\/\/api.w.org\/{rel}","templated":true}]}}