{"id":386,"date":"2019-08-13T16:57:33","date_gmt":"2019-08-13T14:57:33","guid":{"rendered":"https:\/\/wordpress.nibis.de\/gslamme\/?page_id=386"},"modified":"2022-06-02T18:36:26","modified_gmt":"2022-06-02T16:36:26","slug":"waldtage","status":"publish","type":"page","link":"https:\/\/wordpress.nibis.de\/gslamme\/waldtage\/","title":{"rendered":"Waldtage"},"content":{"rendered":"\n<p>Mehrmals im Jahr verlassen die Schulklasse f\u00fcr einen Vormittag die Schule um einen Walderlebnistag in Kooperation mit dem Waldforum Riddagshausen zu verbringen.<\/p>\n\n\n\n<p>In der ersten und zweiten Klasse lernen die Kinder den Wald und seine Bewohner im Lauf der Jahreszeiten kennen. Zus\u00e4tzlich k\u00f6nnen in Klasse 1 die Themen Haselmaus, Wildkatze oder Technik gew\u00e4hlt werden. In Klasse 2 kann zum Schluss ein Waldfilm gedreht werden.<\/p>\n\n\n\n<p>F\u00fcr die 3. Klassen stehen der Waldkunsttag, Wetterkunde in der Natur, Energieversteck Wald und T\u00fcmpeln auf dem Programm. Zus\u00e4tzlich k\u00f6nnen eine Nachtf\u00fchrung, der Insektentag, Thema Wolf oder Thema V\u00f6gel erlebt werden.<\/p>\n\n\n\n<p>In den 4. Klassen sind weitere &#8222;Spezialthemen&#8220; vorgesehen. So k\u00f6nnen z.B. ein Baumbuch gestaltet, der M\u00e4rchenwaldtag durchgef\u00fchrt, Laubstreu untersucht, Tierspuren gegossen, \u00f6kologische Zusammenh\u00e4nge vertieft oder andere Projekttage individuell vereinbart werden.<\/p>\n\n\n\n<p><\/p>\n\n\n\n<figure class=\"wp-block-video\"><video height=\"480\" style=\"aspect-ratio: 848 \/ 480;\" width=\"848\" autoplay loop src=\"https:\/\/wordpress.nibis.de\/gslamme\/files\/2022\/06\/VIDEO-2021-09-09-21-25-39-1.mp4\"><\/video><\/figure>\n","protected":false},"excerpt":{"rendered":"<p>Mehrmals im Jahr verlassen die Schulklasse f\u00fcr einen Vormittag die Schule um einen Walderlebnistag in Kooperation mit dem Waldforum Riddagshausen zu verbringen. In der ersten und zweiten Klasse lernen die Kinder den Wald und seine Bewohner im Lauf der Jahreszeiten kennen. Zus\u00e4tzlich k\u00f6nnen in Klasse 1 die Themen Haselmaus, Wildkatze oder Technik gew\u00e4hlt werden. In &hellip; <a href=\"https:\/\/wordpress.nibis.de\/gslamme\/waldtage\/\" class=\"more-link\"><span class=\"screen-reader-text\">Waldtage<\/span> weiterlesen <span class=\"meta-nav\">&rarr;<\/span><\/a><\/p>\n","protected":false},"author":9192276,"featured_media":0,"parent":0,"menu_order":0,"comment_status":"closed","ping_status":"closed","template":"","meta":{"footnotes":""},"class_list":["post-386","page","type-page","status-publish","hentry"],"_links":{"self":[{"href":"https:\/\/wordpress.nibis.de\/gslamme\/wp-json\/wp\/v2\/pages\/386","targetHints":{"allow":["GET"]}}],"collection":[{"href":"https:\/\/wordpress.nibis.de\/gslamme\/wp-json\/wp\/v2\/pages"}],"about":[{"href":"https:\/\/wordpress.nibis.de\/gslamme\/wp-json\/wp\/v2\/types\/page"}],"author":[{"embeddable":true,"href":"https:\/\/wordpress.nibis.de\/gslamme\/wp-json\/wp\/v2\/users\/9192276"}],"replies":[{"embeddable":true,"href":"https:\/\/wordpress.nibis.de\/gslamme\/wp-json\/wp\/v2\/comments?post=386"}],"version-history":[{"count":10,"href":"https:\/\/wordpress.nibis.de\/gslamme\/wp-json\/wp\/v2\/pages\/386\/revisions"}],"predecessor-version":[{"id":1203,"href":"https:\/\/wordpress.nibis.de\/gslamme\/wp-json\/wp\/v2\/pages\/386\/revisions\/1203"}],"wp:attachment":[{"href":"https:\/\/wordpress.nibis.de\/gslamme\/wp-json\/wp\/v2\/media?parent=386"}],"curies":[{"name":"wp","href":"https:\/\/api.w.org\/{rel}","templated":true}]}}