{"id":41,"date":"2018-10-29T13:29:34","date_gmt":"2018-10-29T12:29:34","guid":{"rendered":"http:\/\/wordpress.nibis.de\/gslamme\/?page_id=41"},"modified":"2025-02-25T12:40:03","modified_gmt":"2025-02-25T11:40:03","slug":"schuelerrat","status":"publish","type":"page","link":"https:\/\/wordpress.nibis.de\/gslamme\/schuelerrat\/","title":{"rendered":"Sch\u00fclerrat"},"content":{"rendered":"\n<p>Die Klassen des 2., 3. und 4. Jahrgangs w\u00e4hlen j\u00e4hrlich eine Klassensprecherin und einen Klassensprecher.<\/p>\n\n\n\n<p>Diese 18 Kinder treffen sich regelm\u00e4\u00dfig mit Frau Schulz und Herrn M\u00fcller. <\/p>\n\n\n\n<p>Der Sch\u00fclerrat ist ein Gremium, in dem Kinder das Schulleben in Lamme mitbestimmen und sich einbringen k\u00f6nnen. Dort werden auftretende Probleme rund um den Schulalltag besprochen, Informationen weitergegeben, Feste und Aktionen geplant und Verbesserungen und W\u00fcnsche seitens der Sch\u00fclerInnen eingebracht. Die Themen erwachsen aus dem einmal in der Woche stattfindenden Klassenrat.<\/p>\n\n\n\n<p>Auf einer Stellwand in der Pausenhalle stellen sich die hier gew\u00e4hlten Schulsprecher ihren Mitsch\u00fclern vor.<\/p>\n","protected":false},"excerpt":{"rendered":"<p>Die Klassen des 2., 3. und 4. Jahrgangs w\u00e4hlen j\u00e4hrlich eine Klassensprecherin und einen Klassensprecher. Diese 18 Kinder treffen sich regelm\u00e4\u00dfig mit Frau Schulz und Herrn M\u00fcller. Der Sch\u00fclerrat ist ein Gremium, in dem Kinder das Schulleben in Lamme mitbestimmen und sich einbringen k\u00f6nnen. Dort werden auftretende Probleme rund um den Schulalltag besprochen, Informationen weitergegeben, &hellip; <a href=\"https:\/\/wordpress.nibis.de\/gslamme\/schuelerrat\/\" class=\"more-link\"><span class=\"screen-reader-text\">Sch\u00fclerrat<\/span> weiterlesen <span class=\"meta-nav\">&rarr;<\/span><\/a><\/p>\n","protected":false},"author":9192276,"featured_media":0,"parent":0,"menu_order":0,"comment_status":"closed","ping_status":"closed","template":"","meta":{"footnotes":""},"class_list":["post-41","page","type-page","status-publish","hentry"],"_links":{"self":[{"href":"https:\/\/wordpress.nibis.de\/gslamme\/wp-json\/wp\/v2\/pages\/41","targetHints":{"allow":["GET"]}}],"collection":[{"href":"https:\/\/wordpress.nibis.de\/gslamme\/wp-json\/wp\/v2\/pages"}],"about":[{"href":"https:\/\/wordpress.nibis.de\/gslamme\/wp-json\/wp\/v2\/types\/page"}],"author":[{"embeddable":true,"href":"https:\/\/wordpress.nibis.de\/gslamme\/wp-json\/wp\/v2\/users\/9192276"}],"replies":[{"embeddable":true,"href":"https:\/\/wordpress.nibis.de\/gslamme\/wp-json\/wp\/v2\/comments?post=41"}],"version-history":[{"count":5,"href":"https:\/\/wordpress.nibis.de\/gslamme\/wp-json\/wp\/v2\/pages\/41\/revisions"}],"predecessor-version":[{"id":1836,"href":"https:\/\/wordpress.nibis.de\/gslamme\/wp-json\/wp\/v2\/pages\/41\/revisions\/1836"}],"wp:attachment":[{"href":"https:\/\/wordpress.nibis.de\/gslamme\/wp-json\/wp\/v2\/media?parent=41"}],"curies":[{"name":"wp","href":"https:\/\/api.w.org\/{rel}","templated":true}]}}