{"id":455,"date":"2019-12-10T09:58:16","date_gmt":"2019-12-10T08:58:16","guid":{"rendered":"https:\/\/wordpress.nibis.de\/gslamme\/?page_id=455"},"modified":"2025-03-11T14:03:58","modified_gmt":"2025-03-11T13:03:58","slug":"ganztagsgrundschule","status":"publish","type":"page","link":"https:\/\/wordpress.nibis.de\/gslamme\/ganztagsgrundschule\/","title":{"rendered":"Ganztagsgrundschule"},"content":{"rendered":"\n<p>Die Grundschule Lamme ist zum Schuljahr 2020\/2021 in eine offene Ganztagsgrundschule umgewandelt worden.  Die offene Ganztagschule bietet au\u00dferhalb und erg\u00e4nzend zu den regul\u00e4ren Unterrichtszeiten montags bis freitags Angebote bis 15.00 Uhr an. <\/p>\n\n\n\n<p>An dieser Stelle m\u00f6chten wir Sie \u00fcber den aktuellen Planungsstand regelm\u00e4\u00dfig informieren:<\/p>\n\n\n\n<p><a href=\"https:\/\/wordpress.nibis.de\/gslamme\/files\/2023\/03\/Flyer_Ganztag_2023_2024.pdf\">Flyer &#8222;Ganztag an der GS Lamme&#8220; (2023\/2024)<\/a><\/p>\n\n\n\n<p><a href=\"https:\/\/wordpress.nibis.de\/gslamme\/files\/2019\/12\/Elternbrief_Ganztag_FAQ.pdf\">FAQ&#8217;s (Dez 2020)<\/a><\/p>\n\n\n\n<p><a href=\"https:\/\/wordpress.nibis.de\/gslamme\/files\/2020\/02\/Elternabend_Ganztag_11.2.2020.pdf\">Pr\u00e4sentation Elterninformationsabend Ganztag vom 19.2.2020<\/a><\/p>\n\n\n\n<p><a href=\"https:\/\/wordpress.nibis.de\/gslamme\/files\/2025\/03\/Anmeldeformular_GTS_2025-2.pdf\">Anmeldeformular Ganztag Schuljahr 2025\/26<\/a><\/p>\n\n\n\n<p><a href=\"https:\/\/wordpress.nibis.de\/gslamme\/files\/2021\/06\/Konzept_Ganztag_2019.pdf\">Konzept Ganztagsgrundschule 2019<\/a><\/p>\n\n\n\n<p class=\"has-small-font-size\">(Hinweis: Aufgrund der Corona-Pandemie wird die Evaluation zum Ganztagsbetrieb im Schuljahr 2021\/2022 geplant)<\/p>\n\n\n\n<p>Folgende Punkte sind uns f\u00fcr die Gestaltung unseres Ganztagsangebotes ab dem 1.8.2020 wichtig:<\/p>\n\n\n\n<ul class=\"wp-block-list\"><li>Der Ganztagsbetrieb findet von Montag bis Freitag bis 15:00 Uhr in  Zusammenarbeit mit unseren Kooperationspartnern (Kinder- und  Jugendzentrum Lamme sowie Ev.-luth. Propstei Braunschweig) statt.<\/li><li>Die Anmeldung zum Ganztagsbetrieb ist auch an einzelnen Tagen (Montag, Dienstag, Donnerstag) m\u00f6glich.<\/li><li>Eine kostenpflichtige Betreuung bis 16:00 Uhr oder 17:00 Uhr ist m\u00f6glich.<\/li><li>Die Sch\u00fclerinnen und Sch\u00fcler wechseln um 13:00 Uhr in ihre Jahrgangsgruppen.<\/li><li>Sie erhalten ein warmes Mittagessen.<\/li><li>Die Lehrkr\u00e4fte unterst\u00fctzen die Kinder w\u00e4hrend der Lernzeiten bei den Wochen-Lernaufgaben &#8211; diese ersetzen zuk\u00fcnftig die Hausaufgaben.<\/li><li>Freiwillige Arbeitsgemeinschaften erg\u00e4nzen das Bildungsangebot am Nachmittag.<\/li><li>Die Ferienbetreuung wird von den Kooperationspartnern durchgef\u00fchrt. Eine gesonderte Anmeldung ist erforderlich.<\/li><\/ul>\n\n\n\n<p><\/p>\n\n\n\n<p><a href=\"https:\/\/wordpress.nibis.de\/gslamme\/files\/2022\/07\/GS_Lamme_GTS-Eva_Erzb_ohne-oF.pdf\">Evaluation Ganztag 2022 &#8211; Ergebnisse der Elternbefragung<\/a><\/p>\n\n\n\n<p><a href=\"https:\/\/wordpress.nibis.de\/gslamme\/files\/2022\/07\/GS_Lamme_GTS-Eva_SuS_Ergebnisse_ohne-oF.pdf\">Evaluation Ganztag 2022 &#8211; Ergebnisse der Sch\u00fclerInnenbefragung<\/a><\/p>\n\n\n\n<p><a href=\"https:\/\/wordpress.nibis.de\/gslamme\/files\/2022\/07\/GS_Lamme_GTS-Eva_Lk_Ergebnisse_ohne-oF.pdf\">Evaluation Ganztag 2022 &#8211; Ergebnisse der MitarbeiterInnenbefragung<\/a><\/p>\n\n\n\n<p><\/p>\n\n\n\n<p><\/p>\n\n\n","protected":false},"excerpt":{"rendered":"<p>Die Grundschule Lamme ist zum Schuljahr 2020\/2021 in eine offene Ganztagsgrundschule umgewandelt worden. Die offene Ganztagschule bietet au\u00dferhalb und erg\u00e4nzend zu den regul\u00e4ren Unterrichtszeiten montags bis freitags Angebote bis 15.00 Uhr an. An dieser Stelle m\u00f6chten wir Sie \u00fcber den aktuellen Planungsstand regelm\u00e4\u00dfig informieren: Flyer &#8222;Ganztag an der GS Lamme&#8220; (2023\/2024) FAQ&#8217;s (Dez 2020) Pr\u00e4sentation &hellip; <a href=\"https:\/\/wordpress.nibis.de\/gslamme\/ganztagsgrundschule\/\" class=\"more-link\"><span class=\"screen-reader-text\">Ganztagsgrundschule<\/span> weiterlesen <span class=\"meta-nav\">&rarr;<\/span><\/a><\/p>\n","protected":false},"author":9192276,"featured_media":0,"parent":0,"menu_order":0,"comment_status":"closed","ping_status":"closed","template":"","meta":{"footnotes":""},"class_list":["post-455","page","type-page","status-publish","hentry"],"_links":{"self":[{"href":"https:\/\/wordpress.nibis.de\/gslamme\/wp-json\/wp\/v2\/pages\/455","targetHints":{"allow":["GET"]}}],"collection":[{"href":"https:\/\/wordpress.nibis.de\/gslamme\/wp-json\/wp\/v2\/pages"}],"about":[{"href":"https:\/\/wordpress.nibis.de\/gslamme\/wp-json\/wp\/v2\/types\/page"}],"author":[{"embeddable":true,"href":"https:\/\/wordpress.nibis.de\/gslamme\/wp-json\/wp\/v2\/users\/9192276"}],"replies":[{"embeddable":true,"href":"https:\/\/wordpress.nibis.de\/gslamme\/wp-json\/wp\/v2\/comments?post=455"}],"version-history":[{"count":36,"href":"https:\/\/wordpress.nibis.de\/gslamme\/wp-json\/wp\/v2\/pages\/455\/revisions"}],"predecessor-version":[{"id":1870,"href":"https:\/\/wordpress.nibis.de\/gslamme\/wp-json\/wp\/v2\/pages\/455\/revisions\/1870"}],"wp:attachment":[{"href":"https:\/\/wordpress.nibis.de\/gslamme\/wp-json\/wp\/v2\/media?parent=455"}],"curies":[{"name":"wp","href":"https:\/\/api.w.org\/{rel}","templated":true}]}}