{"id":511,"date":"2020-03-13T14:33:41","date_gmt":"2020-03-13T13:33:41","guid":{"rendered":"https:\/\/wordpress.nibis.de\/gslamme\/?page_id=511"},"modified":"2022-02-18T09:24:48","modified_gmt":"2022-02-18T08:24:48","slug":"infos-zum-thema-corona-virus","status":"publish","type":"page","link":"https:\/\/wordpress.nibis.de\/gslamme\/infos-zum-thema-corona-virus\/","title":{"rendered":"Infos zum Thema CORONA &#8211; Virus"},"content":{"rendered":"\n<p class=\"has-background has-medium-font-size\" style=\"background-color:#b8e1ef\"><strong>Die neuesten Mitteilungen<\/strong> &#8211; aus Schule und Ministerium:<\/p>\n\n\n\n<p><strong><a href=\"https:\/\/wordpress.nibis.de\/gslamme\/files\/2022\/02\/Elternbrief_17.2.2022.pdf\">Elternbrief der Schule vom 17.2.2022<\/a><\/strong><\/p>\n\n\n\n<p><a href=\"https:\/\/wordpress.nibis.de\/gslamme\/files\/2022\/02\/2022-02-17_Brief_an_Eltern.pdf\">Brief des Ministers vom 17.2.2022 an die Eltern<\/a><\/p>\n\n\n\n<p><a href=\"https:\/\/wordpress.nibis.de\/gslamme\/files\/2022\/02\/2022-02-17_Brief_an_SuS_GS_F_S.pdf\">Brief des Ministers vom 17.2.2022 an die Sch\u00fclerinnen und Sch\u00fcler<\/a><\/p>\n\n\n\n<p><a href=\"https:\/\/wordpress.nibis.de\/gslamme\/files\/2022\/02\/2022-02-17_Exit-Plan.pdf\">Exit-Plan vom 17.2.2022<\/a><\/p>\n\n\n\n<p><a href=\"https:\/\/wordpress.nibis.de\/gslamme\/files\/2022\/02\/012_Anlage_3_Handreichung_Quarant_ne.pdf\">Handreichung Quarant\u00e4ne vom 2.2.2022<\/a><\/p>\n\n\n\n<p><a href=\"https:\/\/wordpress.nibis.de\/gslamme\/files\/2022\/02\/2022-01-26_Brief_an_Eltern.pdf\">Brief des Ministers vom 26.1.2022 an die Eltern<\/a><\/p>\n\n\n\n<p><a href=\"https:\/\/wordpress.nibis.de\/gslamme\/files\/2022\/02\/2022-01-26_Brief_an_SuS_GS_F_S.pdf\">Brief des Ministers vom 26.1.2022 an die Sch\u00fcler<\/a><\/p>\n\n\n\n<p><strong><a href=\"https:\/\/wordpress.nibis.de\/gslamme\/files\/2022\/02\/Elternbrief_13.1.2022.pdf\">Elternbrief der Schule vom 13.1.2022<\/a><\/strong><\/p>\n\n\n\n<p>Brief des Ministers vom 13.1.2022 an die Eltern<\/p>\n\n\n\n<p> Brief des Ministers vom 13.1.2022 an die Sch\u00fcler<\/p>\n\n\n\n<p><a href=\"https:\/\/wordpress.nibis.de\/gslamme\/files\/2022\/01\/Elternbrief_7.1.2022.pdf\">Elternbrief der Schule vom 7.1.2022<\/a><\/p>\n\n\n\n<p>Brief des Ministers vom 17.12.2021 an die Eltern<\/p>\n\n\n\n<p>Brief des Ministers vom 17.12.2021 an die Sch\u00fcler<\/p>\n\n\n\n<p>Informationen zum Impfen von Kindern<\/p>\n\n\n\n<p><a href=\"https:\/\/wordpress.nibis.de\/gslamme\/files\/2021\/11\/Startklar-Umfrage_Auswertung_Lamme.pdf\">Ergebnisse der Startklar-Umfrage<\/a><\/p>\n\n\n\n<p class=\"has-small-font-size\">Bitte beachten Sie, dass die Ergebnisse nicht repr\u00e4sentativ sind, da nur 1\/5 der SuS an der Umfrage teilgenommen hat.<\/p>\n\n\n\n<p><\/p>\n\n\n\n<p><strong><a href=\"https:\/\/wordpress.nibis.de\/gslamme\/files\/2021\/04\/Testpflicht_Elterninfo.pdf\">Elterninformationen zur Selbsttestung<\/a><\/strong><\/p>\n\n\n\n<p><a href=\"https:\/\/wordpress.nibis.de\/gslamme\/files\/2021\/04\/Testpflicht_Elterninfo_einfach.pdf\">Elterninformationen zur Selbsttestung &#8211; einfache Sprache<\/a><\/p>\n\n\n\n<p><strong><a href=\"https:\/\/wordpress.nibis.de\/gslamme\/files\/2021\/04\/Best\u00e4tigung_Selbsttest.pdf\">Formblatt: Best\u00e4tigung der Durchf\u00fchrung eines Selbsttests<\/a><\/strong><\/p>\n\n\n\n<p><\/p>\n\n\n\n<p>.<\/p>\n\n\n\n<p class=\"has-background has-medium-font-size\" style=\"background-color:#f38066\"><strong>Zutrittsbeschr\u00e4nkungen<\/strong><\/p>\n\n\n\n<p><strong>Nieders\u00e4chsischer Rahmen-Hygieneplan Corona Schule<\/strong><\/p>\n\n\n\n<p>Allen Personen ist w\u00e4hrend des Schulbetriebes der Zutritt zum Gel\u00e4nde von Schulen untersagt, wenn sie nicht durch einen Test auf das Coronavirus SARS-CoV-2 mit negativem Testergebnis nachweisen, dass keine Infektion mit dem Coronavirus SARS-CoV-2 vorliegt. Das Zutrittsverbot gilt auch f\u00fcr die Notbetreuung. Das Zutrittsverbot gilt nicht, wenn unmittelbar nach dem Betreten des Gel\u00e4ndes der Schule ein Test auf das Coronavirus SARS-CoV-2 durchgef\u00fchrt wird.<\/p>\n\n\n\n<p>Die Kontaktdaten von Besucherinnen und Besuchern und der Zeitpunkt des Betretens\/Verlassens sind zu dokumentieren.<br><br><strong>Der Zutritt von Personen, die nicht in der Schule unterrichtet werden oder dort nicht regelm\u00e4\u00dfig t\u00e4tig sind, ist w\u00e4hrend des Schulbetriebs m\u00f6glichst zu beschr\u00e4nken und soll nur nach Anmeldung erfolgen.<\/strong><\/p>\n\n\n\n<p>Wir bitten Sie, dies zu beachten und hoffen auf Ihre Mitarbeit!<\/p>\n\n\n\n<p class=\"has-background has-medium-font-size\" style=\"background-color:#c3455c\"><strong>Weitere Informationen finden Sie hier:<\/strong><\/p>\n\n\n\n<p><a href=\"http:\/\/www.rlsb.de\">www.rlsb.de<\/a><\/p>\n\n\n\n<p><\/p>\n\n\n\n<p class=\"has-text-align-left has-background has-medium-font-size\" style=\"background-color:#a3cd7f\"><strong>Tipps f\u00fcr die Zeit ohne Schule:<\/strong><\/p>\n\n\n\n<p><a href=\"https:\/\/nibis.de\/lernen-zu-hause---eine-ideensammlung_13560\">Nieders\u00e4chsischer Bildungsserver &#8211; Lernen zuhause<\/a><\/p>\n\n\n\n<p><a href=\"https:\/\/www.hamsterkiste.de\/corona-1\">Hamsterkiste &#8211; CORONA 1<\/a><\/p>\n\n\n\n<p><a href=\"https:\/\/www.hamsterkiste.de\/corona-2\">Hamsterkiste &#8211; CORONA 2<\/a><\/p>\n\n\n\n<p><a href=\"https:\/\/www.hamsterkiste.de\/corona-3\">Hamsterkiste &#8211; CORONA 3<\/a><\/p>\n\n\n\n<p><a href=\"https:\/\/www.hamsterkiste.de\/corona-4\">Hamsterkiste &#8211; CORONA 4<\/a><\/p>\n\n\n\n<p><a href=\"http:\/\/newsletter.werbewind.com\/view\/?id2=6336&amp;c2=464\">Akademie f\u00fcr Lesef\u00f6rderung<\/a><\/p>\n\n\n\n<p><a href=\"https:\/\/www.youtube.com\/albaberlin\">ALBA&#8217;s t\u00e4gliche Sportstunde<\/a><\/p>\n\n\n\n<p><a href=\"https:\/\/www.schlaukopf.de\/grundschule\/\">Schlaukopf<\/a><\/p>\n\n\n\n<p class=\"has-background has-medium-font-size\" style=\"background-color:#90e264\"><strong>Projekt LernR\u00e4ume<\/strong><\/p>\n\n\n\n<p><a href=\"https:\/\/www.mk.niedersachsen.de\/startseite\/aktuelles\/covid_19_corona_informationen_fur_schulen_kitas_eltern_sowie_schuler_und_schulerinnen\/fragen_und_antworten_zur_aktuellen_unterrichtsorganisation_in_schulen\/lernraume_in_den_ferien\/ausbau-der-lernraume-zusatzliche-angebote-in-den-sommerferien-durch-etablierte-partner-kultusministerium-stellt-3-5-millionen-euro-zusatzlich-bereit-190258.html\">Hier <\/a>finden Sie aktuelle Informationen zum Projekt LernR\u00e4ume.<\/p>\n\n\n\n<p><a href=\"http:\/\/www.kirche-schafft-lernraum.de\" target=\"_blank\" rel=\"noreferrer noopener\" aria-label=\"www.kirche-schafft-lernraum.de (\u00f6ffnet in neuem Tab)\">www.kirche-schafft-lernraum.de<\/a><\/p>\n\n\n\n<p><a href=\"https:\/\/wordpress.nibis.de\/gslamme\/files\/2020\/07\/Ministerbrief_Eltern___LernRume.pdf\">Elternbrief LernR\u00e4ume<\/a><\/p>\n\n\n\n<p class=\"has-background has-medium-font-size\" style=\"background-color:#e7dd5f\"><strong>Informationen &amp; Wichtige Elternbriefe<\/strong><\/p>\n\n\n\n<p><a href=\"https:\/\/wordpress.nibis.de\/gslamme\/files\/2020\/04\/2020-03-27-StarterKit_Eltern.pdf\">Informationen f\u00fcr Erziehungsberechtigte w\u00e4hrend der CORONA-Krise<\/a> (Info der Landesschulbeh\u00f6rde)<\/p>\n\n\n\n<p><a href=\"https:\/\/www.niedersachsen.de\/Coronavirus\/informationen-in-fremdsprachen-186959.html\">Infos der Landesschulbeh\u00f6rde zu CORONA in verschiedenen Sprachen ( Englisch, T\u00fcrkisch, Russisch, Farsi und Arabisch)<\/a><\/p>\n\n\n","protected":false},"excerpt":{"rendered":"<p>Die neuesten Mitteilungen &#8211; aus Schule und Ministerium: Elternbrief der Schule vom 17.2.2022 Brief des Ministers vom 17.2.2022 an die Eltern Brief des Ministers vom 17.2.2022 an die Sch\u00fclerinnen und Sch\u00fcler Exit-Plan vom 17.2.2022 Handreichung Quarant\u00e4ne vom 2.2.2022 Brief des Ministers vom 26.1.2022 an die Eltern Brief des Ministers vom 26.1.2022 an die Sch\u00fcler Elternbrief &hellip; <a href=\"https:\/\/wordpress.nibis.de\/gslamme\/infos-zum-thema-corona-virus\/\" class=\"more-link\"><span class=\"screen-reader-text\">Infos zum Thema CORONA &#8211; Virus<\/span> weiterlesen <span class=\"meta-nav\">&rarr;<\/span><\/a><\/p>\n","protected":false},"author":9192276,"featured_media":0,"parent":0,"menu_order":0,"comment_status":"closed","ping_status":"closed","template":"","meta":{"footnotes":""},"class_list":["post-511","page","type-page","status-publish","hentry"],"_links":{"self":[{"href":"https:\/\/wordpress.nibis.de\/gslamme\/wp-json\/wp\/v2\/pages\/511","targetHints":{"allow":["GET"]}}],"collection":[{"href":"https:\/\/wordpress.nibis.de\/gslamme\/wp-json\/wp\/v2\/pages"}],"about":[{"href":"https:\/\/wordpress.nibis.de\/gslamme\/wp-json\/wp\/v2\/types\/page"}],"author":[{"embeddable":true,"href":"https:\/\/wordpress.nibis.de\/gslamme\/wp-json\/wp\/v2\/users\/9192276"}],"replies":[{"embeddable":true,"href":"https:\/\/wordpress.nibis.de\/gslamme\/wp-json\/wp\/v2\/comments?post=511"}],"version-history":[{"count":71,"href":"https:\/\/wordpress.nibis.de\/gslamme\/wp-json\/wp\/v2\/pages\/511\/revisions"}],"predecessor-version":[{"id":1120,"href":"https:\/\/wordpress.nibis.de\/gslamme\/wp-json\/wp\/v2\/pages\/511\/revisions\/1120"}],"wp:attachment":[{"href":"https:\/\/wordpress.nibis.de\/gslamme\/wp-json\/wp\/v2\/media?parent=511"}],"curies":[{"name":"wp","href":"https:\/\/api.w.org\/{rel}","templated":true}]}}