{"id":521,"date":"2020-03-19T08:26:13","date_gmt":"2020-03-19T07:26:13","guid":{"rendered":"https:\/\/wordpress.nibis.de\/gslamme\/?page_id=521"},"modified":"2024-10-02T11:21:59","modified_gmt":"2024-10-02T09:21:59","slug":"datenschutz","status":"publish","type":"page","link":"https:\/\/wordpress.nibis.de\/gslamme\/datenschutz\/","title":{"rendered":"Datenschutz"},"content":{"rendered":"\n<p><strong>Informationsblatt gem\u00e4\u00df Art. 13ff. Datenschutzgrundverordnung<\/strong><\/p>\n\n\n\n<p>Im Rahmen der Datenschutzgrundverordnung (DSGVO) muss die Schule \u00fcber die Verarbeitung personenbezogener Daten informieren. Unter u.a. Link finden Sie das  \u201eInformationsblatt gem\u00e4\u00df Art. 13ff. Datenschutzgrundverordnung\u201c.<\/p>\n\n\n\n<p>&nbsp;<a href=\"https:\/\/wordpress.nibis.de\/gslamme\/files\/2024\/04\/Informationsblatt-DSVGO-Stand-Maerz-2024.pdf\">Informationsblatt DGSVO<\/a> <\/p>\n\n\n\n<p><a href=\"https:\/\/wordpress.nibis.de\/gslamme\/files\/2024\/10\/Datenschutzblatt-Annahme-und-Vermittlung-von-Zuwendungen-1.pdf\">Datenschutzblatt &#8211; Annahme und Vermittlung von Zuwendungen<\/a><\/p>\n\n\n\n<p>Bei Fragen sprechen Sie uns bitte an.<\/p>\n\n\n","protected":false},"excerpt":{"rendered":"<p>Informationsblatt gem\u00e4\u00df Art. 13ff. Datenschutzgrundverordnung Im Rahmen der Datenschutzgrundverordnung (DSGVO) muss die Schule \u00fcber die Verarbeitung personenbezogener Daten informieren. Unter u.a. Link finden Sie das \u201eInformationsblatt gem\u00e4\u00df Art. 13ff. Datenschutzgrundverordnung\u201c. &nbsp;Informationsblatt DGSVO Datenschutzblatt &#8211; Annahme und Vermittlung von Zuwendungen Bei Fragen sprechen Sie uns bitte an.<\/p>\n","protected":false},"author":9192276,"featured_media":0,"parent":0,"menu_order":0,"comment_status":"closed","ping_status":"closed","template":"","meta":{"footnotes":""},"class_list":["post-521","page","type-page","status-publish","hentry"],"_links":{"self":[{"href":"https:\/\/wordpress.nibis.de\/gslamme\/wp-json\/wp\/v2\/pages\/521","targetHints":{"allow":["GET"]}}],"collection":[{"href":"https:\/\/wordpress.nibis.de\/gslamme\/wp-json\/wp\/v2\/pages"}],"about":[{"href":"https:\/\/wordpress.nibis.de\/gslamme\/wp-json\/wp\/v2\/types\/page"}],"author":[{"embeddable":true,"href":"https:\/\/wordpress.nibis.de\/gslamme\/wp-json\/wp\/v2\/users\/9192276"}],"replies":[{"embeddable":true,"href":"https:\/\/wordpress.nibis.de\/gslamme\/wp-json\/wp\/v2\/comments?post=521"}],"version-history":[{"count":4,"href":"https:\/\/wordpress.nibis.de\/gslamme\/wp-json\/wp\/v2\/pages\/521\/revisions"}],"predecessor-version":[{"id":1788,"href":"https:\/\/wordpress.nibis.de\/gslamme\/wp-json\/wp\/v2\/pages\/521\/revisions\/1788"}],"wp:attachment":[{"href":"https:\/\/wordpress.nibis.de\/gslamme\/wp-json\/wp\/v2\/media?parent=521"}],"curies":[{"name":"wp","href":"https:\/\/api.w.org\/{rel}","templated":true}]}}