{"id":53,"date":"2018-10-29T13:32:55","date_gmt":"2018-10-29T12:32:55","guid":{"rendered":"http:\/\/wordpress.nibis.de\/gslamme\/?page_id=53"},"modified":"2025-07-03T11:26:04","modified_gmt":"2025-07-03T09:26:04","slug":"unser-leitbild","status":"publish","type":"page","link":"https:\/\/wordpress.nibis.de\/gslamme\/unser-leitbild\/","title":{"rendered":"Unser Leitbild"},"content":{"rendered":"\n<figure class=\"wp-block-image size-full\"><img loading=\"lazy\" decoding=\"async\" width=\"480\" height=\"60\" src=\"https:\/\/wordpress.nibis.de\/gslamme\/files\/2025\/07\/image-1.png\" alt=\"\" class=\"wp-image-1895\" \/><\/figure>\n\n\n\n<p><strong>Wir legen an unserer Schule Wert darauf, dass sich alle wohl f\u00fchlen. Das zeigt sich daran, dass\u2026<\/strong> <\/p>\n\n\n\n<ul class=\"wp-block-list\"><li>wir besonderen Wert auf wertsch\u00e4tzenden Umgang miteinander legen und wir f\u00fcr unsere gemeinsamen Werte einstehen. <\/li><li>wir gemeinschaftlich mit und f\u00fcr die Kinder arbeiten. <\/li><li>wir vertrauensvolle und stabile Beziehungen zu unseren Sch\u00fclerinnen und Sch\u00fclern und untereinander pflegen. <\/li><li> wir unsere R\u00e4ume so gestalten, dass sie flexibel an unterschiedliche Bed\u00fcrfnisse angepasst werden k\u00f6nnen.<\/li><\/ul>\n\n\n\n<p class=\"has-text-color\" style=\"color:#a92f27\"><strong>In unserer Schulgemeinschaft ist jeder wichtig und tr\u00e4gt Verantwortung. Das zeigt sich daran, dass\u2026<\/strong> <\/p>\n\n\n\n<ul class=\"wp-block-list\"><li>Sch\u00fclerinnen und Sch\u00fcler, Eltern, Lehrkr\u00e4fte und Mitarbeitende Entscheidungen \u00fcberall dort gemeinschaftlich treffen, wo dies m\u00f6glich ist. <\/li><li>alle bereit sind, Aufgaben zu \u00fcbernehmen und diese verl\u00e4sslich zu erledigen, weil allen bewusst ist, dass unsere Gemeinschaft nur dann gut funktionieren kann, wenn alle einen Beitrag leisten.<\/li><\/ul>\n\n\n\n<p class=\"has-text-color\" style=\"color:#1d7639\"><strong>An unserer Schule legen wir besonderen Wert auf demokratisches Denken und Handeln. Das zeigt sich daran, dass\u2026<\/strong> <\/p>\n\n\n\n<ul class=\"wp-block-list\"><li>Wahlen zu Klassensprecherinnen und Klassensprechern durchgef\u00fchrt werden. <\/li><li>demokratische Handlungsweisen in unseren Alltag eingebunden werden. <\/li><li>wir die Partizipation der Sch\u00fclerinnen und Sch\u00fcler f\u00f6rdern, indem regelm\u00e4\u00dfig Klassen- und Sch\u00fclerr\u00e4te stattfinden. Dadurch werden die Kinder ermutigt, sich aktiv an der Gestaltung des Schullebens zu beteiligen.<\/li><\/ul>\n\n\n\n<p class=\"has-text-color\" style=\"color:#3f35a7\"><strong>Wir sind eine Schule, die Vielfalt wertsch\u00e4tzt und lebt. Das zeigt sich daran, dass\u2026<\/strong> <\/p>\n\n\n\n<ul class=\"wp-block-list\"><li>wir konstruktiv und kooperativ miteinander arbeiten und voneinander lernen. Wir nutzen unsere vielf\u00e4ltigen Interessen und F\u00e4higkeiten, um eine anregende und inspirierende Lern- und Freizeitumgebung zu schaffen. <\/li><li>wir vielf\u00e4ltige kreative und sportliche Erfahrungen erm\u00f6glichen.<\/li><li> gemeinschaftliche Aktionen wie beispielsweise Schulfeste, Feste mit unseren Kooperationspartnern, Theaterbesuche, Sponsorenl\u00e4ufe, Autorenlesungen und Waldtage unser Schuleben bereichern. <\/li><li>wir inklusiv arbeiten. Nach unseren M\u00f6glichkeiten f\u00f6rdern und fordern wir, um individuelle Lernerfolge zu erzielen und die Pers\u00f6nlichkeitsentwicklung zu unterst\u00fctzen. <\/li><li>wir kulturelle, sprachliche und religi\u00f6se Vielfalt als gro\u00dfen Gewinn f\u00fcr unsere Gemeinschaft wahrnehmen.<\/li><\/ul>\n\n\n\n<p class=\"has-text-color\" style=\"color:#db9824\"><strong>Wir legen an unserer Schule gro\u00dfen Wert auf nachhaltiges Handeln. Dass zeigt sich daran, dass\u2026<\/strong><\/p>\n\n\n\n<ul class=\"wp-block-list\"><li>Demokratieerziehung und nachhaltiges Handeln in unseren schuleigenen Arbeitspl\u00e4nen verbindlich verankert sind. <\/li><li>aktives Erleben der Natur in unserem Schulgarten und bei regelm\u00e4\u00dfigen Waldtagen entsteht. <\/li><li>die Kinder im Bereich Mobilit\u00e4t den Fu\u00dfg\u00e4ngerf\u00fchrerschein erwerben und die Radfahrpr\u00fcfung absolvieren. <\/li><li>wir Projekttage mit dem Schwerpunkt \u201eBildung f\u00fcr nachhaltige Entwicklung\u201c durchf\u00fchren.<\/li><\/ul>\n\n\n\n<p><\/p>\n","protected":false},"excerpt":{"rendered":"<p>Wir legen an unserer Schule Wert darauf, dass sich alle wohl f\u00fchlen. Das zeigt sich daran, dass\u2026 wir besonderen Wert auf wertsch\u00e4tzenden Umgang miteinander legen und wir f\u00fcr unsere gemeinsamen Werte einstehen. wir gemeinschaftlich mit und f\u00fcr die Kinder arbeiten. wir vertrauensvolle und stabile Beziehungen zu unseren Sch\u00fclerinnen und Sch\u00fclern und untereinander pflegen. wir unsere &hellip; <a href=\"https:\/\/wordpress.nibis.de\/gslamme\/unser-leitbild\/\" class=\"more-link\"><span class=\"screen-reader-text\">Unser Leitbild<\/span> weiterlesen <span class=\"meta-nav\">&rarr;<\/span><\/a><\/p>\n","protected":false},"author":9192276,"featured_media":0,"parent":0,"menu_order":0,"comment_status":"closed","ping_status":"closed","template":"","meta":{"footnotes":""},"class_list":["post-53","page","type-page","status-publish","hentry"],"_links":{"self":[{"href":"https:\/\/wordpress.nibis.de\/gslamme\/wp-json\/wp\/v2\/pages\/53","targetHints":{"allow":["GET"]}}],"collection":[{"href":"https:\/\/wordpress.nibis.de\/gslamme\/wp-json\/wp\/v2\/pages"}],"about":[{"href":"https:\/\/wordpress.nibis.de\/gslamme\/wp-json\/wp\/v2\/types\/page"}],"author":[{"embeddable":true,"href":"https:\/\/wordpress.nibis.de\/gslamme\/wp-json\/wp\/v2\/users\/9192276"}],"replies":[{"embeddable":true,"href":"https:\/\/wordpress.nibis.de\/gslamme\/wp-json\/wp\/v2\/comments?post=53"}],"version-history":[{"count":5,"href":"https:\/\/wordpress.nibis.de\/gslamme\/wp-json\/wp\/v2\/pages\/53\/revisions"}],"predecessor-version":[{"id":1897,"href":"https:\/\/wordpress.nibis.de\/gslamme\/wp-json\/wp\/v2\/pages\/53\/revisions\/1897"}],"wp:attachment":[{"href":"https:\/\/wordpress.nibis.de\/gslamme\/wp-json\/wp\/v2\/media?parent=53"}],"curies":[{"name":"wp","href":"https:\/\/api.w.org\/{rel}","templated":true}]}}