{"id":543,"date":"2020-03-31T18:41:47","date_gmt":"2020-03-31T16:41:47","guid":{"rendered":"https:\/\/wordpress.nibis.de\/gslamme\/?page_id=543"},"modified":"2023-01-27T09:59:38","modified_gmt":"2023-01-27T08:59:38","slug":"uebergang-in-klasse-5","status":"publish","type":"page","link":"https:\/\/wordpress.nibis.de\/gslamme\/uebergang-in-klasse-5\/","title":{"rendered":"\u00dcbergang in Klasse 5"},"content":{"rendered":"\n<p class=\"has-background has-medium-font-size\" style=\"background-color:#4da300\"><strong>Informationselternabend &#8222;weiterf\u00fchrende Schulen&#8220;<\/strong><\/p>\n\n\n\n<p>Der Informationselternabend \u00fcber die M\u00f6glichkeiten der Schullaufbahngestaltung hat bereits am 12. Oktober 2022 stattgefunden, in dessen Rahmen Vertreterinnen der weiterf\u00fchrenden Schulen \u00fcber den Bildungsauftrag, die Leistungsanforderungen und die Arbeitsweisen ihrer Schulformen informiert haben und Sie f\u00fcr Ihr Kind die ersten Hilfen zur Wahl der geeigneten Schule erhalten haben.<\/p>\n\n\n\n<p>An dieser Stelle steht Ihnen die <strong><a rel=\"noreferrer noopener\" href=\"https:\/\/wordpress.nibis.de\/gslamme\/files\/2021\/09\/20201007_Netzwerk_Uebergang-weiterf-Schulen-nach-Klasse-4.pdf\" target=\"_blank\">Brosch\u00fcre <\/a><\/strong>als Zusammenfassung dieses Informationselternabends zur Verf\u00fcgung. <\/p>\n\n\n\n<p class=\"has-background has-medium-font-size\" style=\"background-color:#4da300\"><strong>Schulbrosch\u00fcre<\/strong><\/p>\n\n\n\n<p>Die <strong><a href=\"http:\/\/www.braunschweig.de\/leben\/schule_bildung\/bildungsbuero\/schulbroschuere.php\">Schulbrosch\u00fcre<\/a><\/strong> \u00fcber  die weiterf\u00fchrenden Schulen f\u00fcr das Schuljahr 2022\/2023  ist auf  der Homepage der Stadt  Braunschweig abrufbar.  Die Informationen zum Schulsystem gibt es dort auch in  sechs weiteren  Fremdsprachen (Englisch, Franz\u00f6sisch, Polnisch, T\u00fcrkisch,  Arabisch,  Farsi).  <\/p>\n\n\n\n<p>Die Sch\u00fclerinnen und Sch\u00fcler der 4. Klassen haben Ende Januar die Brosch\u00fcren der einzelnen Schulformen der Stadt Braunschweig erhalten.<\/p>\n\n\n\n<p class=\"has-background has-medium-font-size\" style=\"background-color:#4da300\"><strong>Anmeldezeitraum<\/strong><\/p>\n\n\n\n<p>Die Stadt Braunschweig hat vom Recht der Staffelung des  Anmeldeverfahrens beim \u00dcbergang von Grundschulen auf weiterf\u00fchrende  allgemein bildende Schulen f\u00fcr das Schuljahr 2023\/2024 Gebrauch gemacht.  Nachfolgende Anmeldetage sind festgelegt:<\/p>\n\n\n\n<p><strong>Anmeldungen an den Gesamtschulen\u00a0\u00a0\u00a0\u00a0\u00a0\u00a0\u00a0\u00a0\u00a0\u00a0\u00a0\u00a0\u00a0\u00a0\u00a0\u00a02. Mai &#8211; 4. Mai 2023 (vormittags)<\/strong><\/p>\n\n\n\n<p><strong>Anmeldungen an den \u00fcbrigen weiterf\u00fchrenden  Schulen \u2013 Hauptschulen, Realschulen und\u00a0\u00a0 Gymnasien\u00a0\u00a0\u00a0\u00a0\u00a0\u00a0                                                         11. bis 15. Mai 2023<\/strong><\/p>\n\n\n\n<p>Die genauen Anmeldezeiten der einzelnen Schulen k\u00f6nnen Sie dem Merkblatt zum \u00dcbergang an die weiterf\u00fchrenden Schulen entnehmen. (ACHTUNG:  neue Version folgt)<\/p>\n\n\n","protected":false},"excerpt":{"rendered":"<p>Informationselternabend &#8222;weiterf\u00fchrende Schulen&#8220; Der Informationselternabend \u00fcber die M\u00f6glichkeiten der Schullaufbahngestaltung hat bereits am 12. Oktober 2022 stattgefunden, in dessen Rahmen Vertreterinnen der weiterf\u00fchrenden Schulen \u00fcber den Bildungsauftrag, die Leistungsanforderungen und die Arbeitsweisen ihrer Schulformen informiert haben und Sie f\u00fcr Ihr Kind die ersten Hilfen zur Wahl der geeigneten Schule erhalten haben. An dieser Stelle steht &hellip; <a href=\"https:\/\/wordpress.nibis.de\/gslamme\/uebergang-in-klasse-5\/\" class=\"more-link\"><span class=\"screen-reader-text\">\u00dcbergang in Klasse 5<\/span> weiterlesen <span class=\"meta-nav\">&rarr;<\/span><\/a><\/p>\n","protected":false},"author":9192276,"featured_media":0,"parent":0,"menu_order":0,"comment_status":"closed","ping_status":"closed","template":"","meta":{"footnotes":""},"class_list":["post-543","page","type-page","status-publish","hentry"],"_links":{"self":[{"href":"https:\/\/wordpress.nibis.de\/gslamme\/wp-json\/wp\/v2\/pages\/543","targetHints":{"allow":["GET"]}}],"collection":[{"href":"https:\/\/wordpress.nibis.de\/gslamme\/wp-json\/wp\/v2\/pages"}],"about":[{"href":"https:\/\/wordpress.nibis.de\/gslamme\/wp-json\/wp\/v2\/types\/page"}],"author":[{"embeddable":true,"href":"https:\/\/wordpress.nibis.de\/gslamme\/wp-json\/wp\/v2\/users\/9192276"}],"replies":[{"embeddable":true,"href":"https:\/\/wordpress.nibis.de\/gslamme\/wp-json\/wp\/v2\/comments?post=543"}],"version-history":[{"count":9,"href":"https:\/\/wordpress.nibis.de\/gslamme\/wp-json\/wp\/v2\/pages\/543\/revisions"}],"predecessor-version":[{"id":1273,"href":"https:\/\/wordpress.nibis.de\/gslamme\/wp-json\/wp\/v2\/pages\/543\/revisions\/1273"}],"wp:attachment":[{"href":"https:\/\/wordpress.nibis.de\/gslamme\/wp-json\/wp\/v2\/media?parent=543"}],"curies":[{"name":"wp","href":"https:\/\/api.w.org\/{rel}","templated":true}]}}