{"id":93,"date":"2018-10-29T14:31:59","date_gmt":"2018-10-29T13:31:59","guid":{"rendered":"http:\/\/wordpress.nibis.de\/gslamme\/?page_id=93"},"modified":"2025-03-11T13:50:56","modified_gmt":"2025-03-11T12:50:56","slug":"schulprogramm-2","status":"publish","type":"page","link":"https:\/\/wordpress.nibis.de\/gslamme\/schulprogramm-2\/","title":{"rendered":"Schulprogramm"},"content":{"rendered":"\n<p>Das Schulprogramm der Grundschule Lamme wird regelm\u00e4\u00dfig fortgeschrieben.<\/p>\n\n\n\n<p>Durch zahlreiche \u00c4nderungen im Schulprogramm findet momentan eine \u00dcberarbeitung statt, die nach Fertigstellung dem Schulvorstand vorgelegt werden wird.<\/p>\n\n\n\n<p>Danach wird es an dieser Stelle ver\u00f6ffentlicht werden.<\/p>\n","protected":false},"excerpt":{"rendered":"<p>Das Schulprogramm der Grundschule Lamme wird regelm\u00e4\u00dfig fortgeschrieben. Durch zahlreiche \u00c4nderungen im Schulprogramm findet momentan eine \u00dcberarbeitung statt, die nach Fertigstellung dem Schulvorstand vorgelegt werden wird. Danach wird es an dieser Stelle ver\u00f6ffentlicht werden.<\/p>\n","protected":false},"author":9192276,"featured_media":0,"parent":0,"menu_order":0,"comment_status":"closed","ping_status":"closed","template":"","meta":{"footnotes":""},"class_list":["post-93","page","type-page","status-publish","hentry"],"_links":{"self":[{"href":"https:\/\/wordpress.nibis.de\/gslamme\/wp-json\/wp\/v2\/pages\/93","targetHints":{"allow":["GET"]}}],"collection":[{"href":"https:\/\/wordpress.nibis.de\/gslamme\/wp-json\/wp\/v2\/pages"}],"about":[{"href":"https:\/\/wordpress.nibis.de\/gslamme\/wp-json\/wp\/v2\/types\/page"}],"author":[{"embeddable":true,"href":"https:\/\/wordpress.nibis.de\/gslamme\/wp-json\/wp\/v2\/users\/9192276"}],"replies":[{"embeddable":true,"href":"https:\/\/wordpress.nibis.de\/gslamme\/wp-json\/wp\/v2\/comments?post=93"}],"version-history":[{"count":4,"href":"https:\/\/wordpress.nibis.de\/gslamme\/wp-json\/wp\/v2\/pages\/93\/revisions"}],"predecessor-version":[{"id":1865,"href":"https:\/\/wordpress.nibis.de\/gslamme\/wp-json\/wp\/v2\/pages\/93\/revisions\/1865"}],"wp:attachment":[{"href":"https:\/\/wordpress.nibis.de\/gslamme\/wp-json\/wp\/v2\/media?parent=93"}],"curies":[{"name":"wp","href":"https:\/\/api.w.org\/{rel}","templated":true}]}}