{"id":96,"date":"2018-10-29T14:32:11","date_gmt":"2018-10-29T13:32:11","guid":{"rendered":"http:\/\/wordpress.nibis.de\/gslamme\/?page_id=96"},"modified":"2025-03-11T13:56:41","modified_gmt":"2025-03-11T12:56:41","slug":"konzepte","status":"publish","type":"page","link":"https:\/\/wordpress.nibis.de\/gslamme\/konzepte\/","title":{"rendered":"Konzepte"},"content":{"rendered":"\n<p>Das Kollegium der Grundschule Lamme hat seit Beginn des  Schuljahres 2016\/ 2017 die nachfolgenden Konzepte erstellt bzw.  \u00fcberarbeitet.<\/p>\n\n\n\n<p>Diese lassen sich in verschiedene Bereiche einteilen:<\/p>\n\n\n\n<p>Unterrichtsspezifische Konzepte<\/p>\n\n\n\n<ul class=\"wp-block-list\"><li>Medienkonzept<\/li><li>Mappenf\u00fchrung<\/li><\/ul>\n\n\n\n<p>Konzepte zur Qualit\u00e4tsentwicklung und -sicherung<\/p>\n\n\n\n<p>Konzepte zur Zusammenarbeit im Kollegium<\/p>\n\n\n\n<ul class=\"wp-block-list\"><li>Konzept Mitarbeitergespr\u00e4che und Personalentwicklung <\/li><li>Eingliederung neuer KollegInnen&nbsp;<\/li><li>Konzept Klassenbildung und Unterrichtseinsatz <\/li><\/ul>\n\n\n\n<p>Konzepte zur Zusammenarbeit mit den Eltern<\/p>\n\n\n\n<ul class=\"wp-block-list\"><li>Neuorganisation der Elternsprechtage\/ Selbsteinsch\u00e4tzungsb\u00f6gen<\/li><\/ul>\n\n\n\n<p>Konzepte zur Zusammenarbeit aller an Schule Beteiligten<\/p>\n\n\n\n<ul class=\"wp-block-list\"><li>Beschwerdekonzept <\/li><li>Beratungskonzept an unserer Schule<\/li><li>Abfallvermeidung und Energieeinsparung <\/li><li>Verteilung der Haushaltsmittel<\/li><li>Konzept zur Sicherheit und Gewaltpr\u00e4vention<\/li><li>Ganztagskonzept<\/li><\/ul>\n\n\n\n<p>Die Arbeitsschwerpunkte in diesem Schuljahr 2024\/2025 liegen auf der Erstellung bzw. \u00dcberarbeitung der Konzepte<\/p>\n\n\n\n<ul class=\"wp-block-list\"><li>zum Vertretungsunterricht<\/li><li>zum Ablauf im Ganztag<\/li><li>zum Anfertigen von Zeugnissen<\/li><\/ul>\n","protected":false},"excerpt":{"rendered":"<p>Das Kollegium der Grundschule Lamme hat seit Beginn des Schuljahres 2016\/ 2017 die nachfolgenden Konzepte erstellt bzw. \u00fcberarbeitet. Diese lassen sich in verschiedene Bereiche einteilen: Unterrichtsspezifische Konzepte Medienkonzept Mappenf\u00fchrung Konzepte zur Qualit\u00e4tsentwicklung und -sicherung Konzepte zur Zusammenarbeit im Kollegium Konzept Mitarbeitergespr\u00e4che und Personalentwicklung Eingliederung neuer KollegInnen&nbsp; Konzept Klassenbildung und Unterrichtseinsatz Konzepte zur Zusammenarbeit mit den &hellip; <a href=\"https:\/\/wordpress.nibis.de\/gslamme\/konzepte\/\" class=\"more-link\"><span class=\"screen-reader-text\">Konzepte<\/span> weiterlesen <span class=\"meta-nav\">&rarr;<\/span><\/a><\/p>\n","protected":false},"author":9192276,"featured_media":0,"parent":0,"menu_order":0,"comment_status":"closed","ping_status":"closed","template":"","meta":{"footnotes":""},"class_list":["post-96","page","type-page","status-publish","hentry"],"_links":{"self":[{"href":"https:\/\/wordpress.nibis.de\/gslamme\/wp-json\/wp\/v2\/pages\/96","targetHints":{"allow":["GET"]}}],"collection":[{"href":"https:\/\/wordpress.nibis.de\/gslamme\/wp-json\/wp\/v2\/pages"}],"about":[{"href":"https:\/\/wordpress.nibis.de\/gslamme\/wp-json\/wp\/v2\/types\/page"}],"author":[{"embeddable":true,"href":"https:\/\/wordpress.nibis.de\/gslamme\/wp-json\/wp\/v2\/users\/9192276"}],"replies":[{"embeddable":true,"href":"https:\/\/wordpress.nibis.de\/gslamme\/wp-json\/wp\/v2\/comments?post=96"}],"version-history":[{"count":7,"href":"https:\/\/wordpress.nibis.de\/gslamme\/wp-json\/wp\/v2\/pages\/96\/revisions"}],"predecessor-version":[{"id":1867,"href":"https:\/\/wordpress.nibis.de\/gslamme\/wp-json\/wp\/v2\/pages\/96\/revisions\/1867"}],"wp:attachment":[{"href":"https:\/\/wordpress.nibis.de\/gslamme\/wp-json\/wp\/v2\/media?parent=96"}],"curies":[{"name":"wp","href":"https:\/\/api.w.org\/{rel}","templated":true}]}}