{"id":185,"date":"2024-08-19T17:11:23","date_gmt":"2024-08-19T15:11:23","guid":{"rendered":"https:\/\/wordpress.nibis.de\/gslehrte\/?page_id=185"},"modified":"2024-10-27T12:46:34","modified_gmt":"2024-10-27T11:46:34","slug":"realisierte-projekte","status":"publish","type":"page","link":"https:\/\/wordpress.nibis.de\/gslehrte\/realisierte-projekte\/","title":{"rendered":"Realisierte Projekte"},"content":{"rendered":"\n<figure class=\"wp-block-image size-large is-resized is-style-rounded\"><img loading=\"lazy\" decoding=\"async\" src=\"https:\/\/wordpress.nibis.de\/gslehrte\/files\/2024\/08\/20230703_120611-1024x768.jpg\" alt=\"\" class=\"wp-image-308\" width=\"525\" height=\"394\" srcset=\"https:\/\/wordpress.nibis.de\/gslehrte\/files\/2024\/08\/20230703_120611-1024x768.jpg 1024w, https:\/\/wordpress.nibis.de\/gslehrte\/files\/2024\/08\/20230703_120611-300x225.jpg 300w, https:\/\/wordpress.nibis.de\/gslehrte\/files\/2024\/08\/20230703_120611-768x576.jpg 768w, https:\/\/wordpress.nibis.de\/gslehrte\/files\/2024\/08\/20230703_120611-1536x1152.jpg 1536w, https:\/\/wordpress.nibis.de\/gslehrte\/files\/2024\/08\/20230703_120611-2048x1536.jpg 2048w\" sizes=\"auto, (max-width: 525px) 100vw, 525px\" \/><figcaption>Die Grundschule hatte in diesem ersten Schulhalbjahr den gro\u00dfen Wunsch nach neuem Spielzeug f\u00fcr die Pausen.<br>Deswegen gab es von uns 2 vollgepackte Kisten mit allem m\u00f6glichen Spielzeug f\u00fcr die Pausenzeiten, aber auch f\u00fcr den Sportunterricht. Enthalten sind u.a. verschiedene B\u00e4lle, Springseile in verschiedenen L\u00e4ngen, Gummitwist, Schaufeln, Eimer, Federballspiele, Schwungei-Spiele, Lochkegel und Stangen, Flugzeuge, Jonglierteller, Springkreisel uvm.<br>Vielen Dank an das Schuh- und Sporthaus Langen, die uns einen Fu\u00dfball gesponsert haben!<br>Wir w\u00fcnschen allen Schulkindern eine abwechslungsreiche Pausenzeit mit dem neuen Spielmaterial!<\/figcaption><\/figure>\n\n\n\n<figure class=\"wp-block-image size-large is-resized is-style-tw-rounded-corners\"><img loading=\"lazy\" decoding=\"async\" src=\"https:\/\/wordpress.nibis.de\/gslehrte\/files\/2024\/08\/20210709_205818-1-694x1024.jpg\" alt=\"\" class=\"wp-image-205\" width=\"363\" height=\"536\" srcset=\"https:\/\/wordpress.nibis.de\/gslehrte\/files\/2024\/08\/20210709_205818-1-694x1024.jpg 694w, https:\/\/wordpress.nibis.de\/gslehrte\/files\/2024\/08\/20210709_205818-1-203x300.jpg 203w, https:\/\/wordpress.nibis.de\/gslehrte\/files\/2024\/08\/20210709_205818-1-768x1134.jpg 768w, https:\/\/wordpress.nibis.de\/gslehrte\/files\/2024\/08\/20210709_205818-1-1041x1536.jpg 1041w, https:\/\/wordpress.nibis.de\/gslehrte\/files\/2024\/08\/20210709_205818-1-1388x2048.jpg 1388w, https:\/\/wordpress.nibis.de\/gslehrte\/files\/2024\/08\/20210709_205818-1-scaled.jpg 1735w\" sizes=\"auto, (max-width: 363px) 100vw, 363px\" \/><figcaption>P\u00fcnktlich zum Schulstart haben die neuen Erstkl\u00e4ssler von uns ihre Schult\u00fcten \u00fcberreicht bekommen. Die Kinder freuten sich \u00fcber ihr erstes Schulshirt sowie ein paar n\u00fctzliche Schulutensilien.<br>Wir danken ganz herzlich dem Landgasthof Redeker, der es uns durch eine Spende erm\u00f6glicht hat, ein paar neue Shirts f\u00fcr die Erstkl\u00e4ssler zu kaufen.<br>Wir w\u00fcnschen allen Schulkindern einen gelungenen Start in dieses Schuljahr!<\/figcaption><\/figure>\n\n\n\n<figure class=\"wp-block-image size-large is-style-tw-rounded-corners\"><img loading=\"lazy\" decoding=\"async\" width=\"1024\" height=\"599\" src=\"https:\/\/wordpress.nibis.de\/gslehrte\/files\/2024\/08\/20240405_122528-1024x599.jpg\" alt=\"\" class=\"wp-image-202\" srcset=\"https:\/\/wordpress.nibis.de\/gslehrte\/files\/2024\/08\/20240405_122528-1024x599.jpg 1024w, https:\/\/wordpress.nibis.de\/gslehrte\/files\/2024\/08\/20240405_122528-300x175.jpg 300w, https:\/\/wordpress.nibis.de\/gslehrte\/files\/2024\/08\/20240405_122528-768x449.jpg 768w, https:\/\/wordpress.nibis.de\/gslehrte\/files\/2024\/08\/20240405_122528-1536x898.jpg 1536w, https:\/\/wordpress.nibis.de\/gslehrte\/files\/2024\/08\/20240405_122528-2048x1197.jpg 2048w\" sizes=\"auto, (max-width: 1024px) 100vw, 1024px\" \/><figcaption>In diesem Jahr konnten wir den Wunsch der Schule nach Schildern f\u00fcr die Verkehrserziehung erf\u00fcllen.<br>Mit diesen Schildern k\u00f6nnen Verkehrssituationen nachgespielt und ge\u00fcbt werden, um den Kindern mehr Sicherheit im Stra\u00dfenverkehr zu vermitteln.&nbsp;<\/figcaption><\/figure>\n\n\n\n<figure class=\"wp-block-image size-large is-style-tw-rounded-corners\"><img loading=\"lazy\" decoding=\"async\" width=\"1024\" height=\"512\" src=\"https:\/\/wordpress.nibis.de\/gslehrte\/files\/2024\/08\/Trommelapplaus-3-1024x512.jpg\" alt=\"\" class=\"wp-image-201\" srcset=\"https:\/\/wordpress.nibis.de\/gslehrte\/files\/2024\/08\/Trommelapplaus-3-1024x512.jpg 1024w, https:\/\/wordpress.nibis.de\/gslehrte\/files\/2024\/08\/Trommelapplaus-3-300x150.jpg 300w, https:\/\/wordpress.nibis.de\/gslehrte\/files\/2024\/08\/Trommelapplaus-3-768x384.jpg 768w, https:\/\/wordpress.nibis.de\/gslehrte\/files\/2024\/08\/Trommelapplaus-3-1536x769.jpg 1536w, https:\/\/wordpress.nibis.de\/gslehrte\/files\/2024\/08\/Trommelapplaus-3-2048x1025.jpg 2048w\" sizes=\"auto, (max-width: 1024px) 100vw, 1024px\" \/><figcaption>4 Tage lang wurde in der Kindertagesst\u00e4tte Kunterbunt sowie in der Grundschule Lehrte getrommelt, gesungen und getanzt.<br>Fallou Sy als Projektleiter begeisterte die Kinder von der ersten Sekunde an. Alle Kinder wurden am ersten Projekttag mit einer afrikanischen Trommel ausgestattet und dann ging es auch schon los. Die Kinder lernten viele verschiedene Lieder und T\u00e4nze. Sie trafen auf die kleine Trommel Djembi, die ihnen ihre Geschichte erz\u00e4hlte und sie bastelten gemeinsam Zebra-, Vogel-, Elefanten- und Krokodilmasken, die sie am Donnerstagnachmittag bei ihrem Auftritt f\u00fcr die Eltern und Gro\u00dfeltern trugen. In vielen Familien wurden noch Tage sp\u00e4ter die Rhythmen mit den Fingern auf den Tisch getrommelt und die Lieder der kleinen Trommel Djembi gesungen. Dieses tolle Projekt wird noch lange bei allen Beteiligten positiv nachwirken.<\/figcaption><\/figure>\n\n\n\n<figure class=\"wp-block-image size-full is-style-tw-rounded-corners\"><img loading=\"lazy\" decoding=\"async\" width=\"800\" height=\"600\" src=\"https:\/\/wordpress.nibis.de\/gslehrte\/files\/2024\/08\/Zirkusprojekt.jpg\" alt=\"\" class=\"wp-image-199\" srcset=\"https:\/\/wordpress.nibis.de\/gslehrte\/files\/2024\/08\/Zirkusprojekt.jpg 800w, https:\/\/wordpress.nibis.de\/gslehrte\/files\/2024\/08\/Zirkusprojekt-300x225.jpg 300w, https:\/\/wordpress.nibis.de\/gslehrte\/files\/2024\/08\/Zirkusprojekt-768x576.jpg 768w\" sizes=\"auto, (max-width: 800px) 100vw, 800px\" \/><\/figure>\n\n\n\n<p>Die Kinder der GS Lehrte durften am Zirkusprojekt der Fam. Sperlich in Ahmsen teilnehmen. Dieses Zirkusprojekt wurde vom Rotary Club L\u00f6ningen-Hasetal-Hasel\u00fcnne gesponsert. Unser F\u00f6rderverein hat die Buskosten nach Ahmsen \u00fcbernommen und somit war der komplette Projekttag f\u00fcr die Kinder kostenlos.<\/p>\n\n\n\n<p><\/p>\n\n\n\n<p><span style=\"background-color:#abb8c3\" class=\"tadv-background-color\">Dies ist eine Auswahl an den vom F\u00f6rderverein unterst\u00fctzten Projekten. Im <strong><em>Flyer<\/em><\/strong> (unter Punkt <em>F\u00f6rderverein\/ \u00dcber uns<\/em>) finden sie weitere Infos \u00fcber die Arbeit des <strong><em>F\u00f6rDe Kinner e.V.<\/em><\/strong><\/span><\/p>\n\n\n\n<p><a href=\"https:\/\/wordpress.nibis.de\/gslehrte\/foerderverein\/\" data-type=\"page\" data-id=\"180\">zur\u00fcck<\/a><\/p>\n","protected":false},"excerpt":{"rendered":"<p>Die Kinder der GS Lehrte durften am Zirkusprojekt der Fam. Sperlich in Ahmsen teilnehmen. Dieses Zirkusprojekt wurde vom Rotary Club L\u00f6ningen-Hasetal-Hasel\u00fcnne gesponsert. Unser F\u00f6rderverein hat die Buskosten nach Ahmsen \u00fcbernommen und somit war der komplette Projekttag f\u00fcr die Kinder kostenlos. Dies ist eine Auswahl an den vom F\u00f6rderverein unterst\u00fctzten Projekten. Im Flyer (unter Punkt F\u00f6rderverein\/ [&hellip;]<\/p>\n","protected":false},"author":9194368,"featured_media":0,"parent":0,"menu_order":0,"comment_status":"closed","ping_status":"closed","template":"","meta":{"footnotes":""},"class_list":["post-185","page","type-page","status-publish","hentry"],"_links":{"self":[{"href":"https:\/\/wordpress.nibis.de\/gslehrte\/wp-json\/wp\/v2\/pages\/185","targetHints":{"allow":["GET"]}}],"collection":[{"href":"https:\/\/wordpress.nibis.de\/gslehrte\/wp-json\/wp\/v2\/pages"}],"about":[{"href":"https:\/\/wordpress.nibis.de\/gslehrte\/wp-json\/wp\/v2\/types\/page"}],"author":[{"embeddable":true,"href":"https:\/\/wordpress.nibis.de\/gslehrte\/wp-json\/wp\/v2\/users\/9194368"}],"replies":[{"embeddable":true,"href":"https:\/\/wordpress.nibis.de\/gslehrte\/wp-json\/wp\/v2\/comments?post=185"}],"version-history":[{"count":8,"href":"https:\/\/wordpress.nibis.de\/gslehrte\/wp-json\/wp\/v2\/pages\/185\/revisions"}],"predecessor-version":[{"id":476,"href":"https:\/\/wordpress.nibis.de\/gslehrte\/wp-json\/wp\/v2\/pages\/185\/revisions\/476"}],"wp:attachment":[{"href":"https:\/\/wordpress.nibis.de\/gslehrte\/wp-json\/wp\/v2\/media?parent=185"}],"curies":[{"name":"wp","href":"https:\/\/api.w.org\/{rel}","templated":true}]}}