{"id":186,"date":"2024-08-19T17:11:23","date_gmt":"2024-08-19T15:11:23","guid":{"rendered":"https:\/\/wordpress.nibis.de\/gslehrte\/?page_id=186"},"modified":"2024-09-03T17:34:03","modified_gmt":"2024-09-03T15:34:03","slug":"kontakt-2","status":"publish","type":"page","link":"https:\/\/wordpress.nibis.de\/gslehrte\/kontakt-2\/","title":{"rendered":"Kontakt"},"content":{"rendered":"\n<p><strong>F\u00f6rderverein F\u00f6rDe Kinner e.V.<\/strong><\/p>\n\n\n\n<p>An der Beeke 7<\/p>\n\n\n\n<p>49740 Hasel\u00fcnne-B\u00fcckelte<\/p>\n\n\n\n<p>info&#64;&#102;&#111;&#101;&#114;&#100;&#101;&#x6b;&#x69;&#x6e;&#x6e;&#x65;&#x72;&#x2e;&#x64;&#x65;<\/p>\n\n\n\n<p>www.foerdekinner.de<\/p>\n\n\n\n<p><\/p>\n\n\n\n<figure class=\"wp-block-image size-full is-resized\"><img loading=\"lazy\" decoding=\"async\" src=\"https:\/\/wordpress.nibis.de\/gslehrte\/files\/2024\/08\/Mitgliedsantrag.png\" alt=\"\" class=\"wp-image-216\" width=\"170\" height=\"171\" srcset=\"https:\/\/wordpress.nibis.de\/gslehrte\/files\/2024\/08\/Mitgliedsantrag.png 300w, https:\/\/wordpress.nibis.de\/gslehrte\/files\/2024\/08\/Mitgliedsantrag-150x150.png 150w\" sizes=\"auto, (max-width: 170px) 100vw, 170px\" \/><figcaption>  F\u00fcr Mitgliedsantrag einfach scannen!<\/figcaption><\/figure>\n\n\n\n<p><a href=\"https:\/\/wordpress.nibis.de\/gslehrte\/foerderverein\/\" data-type=\"page\" data-id=\"180\">zur\u00fcck<\/a><\/p>\n","protected":false},"excerpt":{"rendered":"<p>F\u00f6rderverein F\u00f6rDe Kinner e.V. An der Beeke 7 49740 Hasel\u00fcnne-B\u00fcckelte &#105;n&#x66;o&#x40;f&#x6f;&#101;&#x72;&#100;&#x65;&#107;i&#x6e;n&#x65;r&#x2e;&#100;&#x65; www.foerdekinner.de zur\u00fcck<\/p>\n","protected":false},"author":9194368,"featured_media":0,"parent":0,"menu_order":0,"comment_status":"closed","ping_status":"closed","template":"","meta":{"footnotes":""},"class_list":["post-186","page","type-page","status-publish","hentry"],"_links":{"self":[{"href":"https:\/\/wordpress.nibis.de\/gslehrte\/wp-json\/wp\/v2\/pages\/186","targetHints":{"allow":["GET"]}}],"collection":[{"href":"https:\/\/wordpress.nibis.de\/gslehrte\/wp-json\/wp\/v2\/pages"}],"about":[{"href":"https:\/\/wordpress.nibis.de\/gslehrte\/wp-json\/wp\/v2\/types\/page"}],"author":[{"embeddable":true,"href":"https:\/\/wordpress.nibis.de\/gslehrte\/wp-json\/wp\/v2\/users\/9194368"}],"replies":[{"embeddable":true,"href":"https:\/\/wordpress.nibis.de\/gslehrte\/wp-json\/wp\/v2\/comments?post=186"}],"version-history":[{"count":11,"href":"https:\/\/wordpress.nibis.de\/gslehrte\/wp-json\/wp\/v2\/pages\/186\/revisions"}],"predecessor-version":[{"id":382,"href":"https:\/\/wordpress.nibis.de\/gslehrte\/wp-json\/wp\/v2\/pages\/186\/revisions\/382"}],"wp:attachment":[{"href":"https:\/\/wordpress.nibis.de\/gslehrte\/wp-json\/wp\/v2\/media?parent=186"}],"curies":[{"name":"wp","href":"https:\/\/api.w.org\/{rel}","templated":true}]}}