{"id":1280,"date":"2024-04-25T11:19:15","date_gmt":"2024-04-25T09:19:15","guid":{"rendered":"https:\/\/wordpress.nibis.de\/gsleiferde\/?page_id=1280"},"modified":"2025-09-09T11:00:09","modified_gmt":"2025-09-09T09:00:09","slug":"ganztag","status":"publish","type":"page","link":"https:\/\/wordpress.nibis.de\/gsleiferde\/ganztag\/","title":{"rendered":"Ganztag"},"content":{"rendered":"\n<p><\/p>\n\n\n\n<figure class=\"wp-block-image size-large\"><img loading=\"lazy\" decoding=\"async\" width=\"1024\" height=\"255\" src=\"https:\/\/wordpress.nibis.de\/gsleiferde\/files\/2024\/04\/FotoGanztag-1-1024x255.jpg\" alt=\"\" class=\"wp-image-1283\" srcset=\"https:\/\/wordpress.nibis.de\/gsleiferde\/files\/2024\/04\/FotoGanztag-1-1024x255.jpg 1024w, https:\/\/wordpress.nibis.de\/gsleiferde\/files\/2024\/04\/FotoGanztag-1-300x75.jpg 300w, https:\/\/wordpress.nibis.de\/gsleiferde\/files\/2024\/04\/FotoGanztag-1-768x191.jpg 768w, https:\/\/wordpress.nibis.de\/gsleiferde\/files\/2024\/04\/FotoGanztag-1-500x125.jpg 500w, https:\/\/wordpress.nibis.de\/gsleiferde\/files\/2024\/04\/FotoGanztag-1.jpg 1385w\" sizes=\"auto, (max-width: 1024px) 100vw, 1024px\" \/><\/figure>\n\n\n\n<p><strong>DAS KOSTENLOSE GANZTAGSANGEBOT<\/strong><\/p>\n\n\n\n<p>Seit 2011 haben die Kinder unserer Schule die M\u00f6glichkeit, an vier Wochentagen (Montag bis Donnerstag) in der Zeit von 13 Uhr bis 15:30 Uhr kostenlos am Ganztagsangebot teilzunehmen (Anmeldung der Eltern erforderlich).<\/p>\n\n\n\n<p>Die Kinder k\u00f6nnen sich auch f\u00fcr einzelne Tage entscheiden. Freitags ist um 12:45 Uhr bzw. 13:00 Uhr Schulschluss.<\/p>\n\n\n\n<p>Die Ganztagsanmeldung ist f\u00fcr ein ganzes Schuljahr verbindlich. Eine Ver\u00e4nderung der Anmeldetage (aus triftigem Grund) ist schriftlich bzw. telefonisch zu melden!<\/p>\n\n\n\n<p>Das Ganztagsangebot besteht aus drei Bereichen: Mittagessen, Hausaufgabenbetreuung und Arbeitsgemeinschaften.<\/p>\n\n\n\n<figure class=\"wp-block-table\"><table><tbody><tr><td>Uhrzeit<\/td><td>                                Ablauf<\/td><\/tr><tr><td>13:00  \u2013 14:30 Uhr<\/td><td>                                Mittagessen und Hausaufgaben<\/td><\/tr><tr><td>14:30  \u2013 15:30 Uhr<\/td><td>                                AGs bzw. Projekte<\/td><\/tr><\/tbody><\/table><\/figure>\n\n\n\n<p><\/p>\n\n\n\n<p><strong>ZUS\u00c4TZLICHE KOSTENPFLICHTIGE \u201eAU\u00dfERSCHULISCHE SP\u00c4TBETREUUNG\u201c<\/strong><\/p>\n\n\n\n<p>Es besteht die M\u00f6glichkeit, \u00fcber die Ganztagsbetreuung hinaus Ihr Kind kostenpflichtig anzumelden.<\/p>\n\n\n\n<p>F\u00fcr die au\u00dfenschulische Sp\u00e4tbetreuung (Montag bis Donnerstag von 15:30 bis 17:00 Uhr) schlie\u00dfen die Eltern einen Vertrag mit der Samtgemeinde Meinersen ab. Dazu m\u00fcssen die Bescheinigungen \u00fcber die Berufst\u00e4tigkeit der Eltern vorgelegt werden. Die Vertr\u00e4ge laufen bis zur schriftlichen K\u00fcndigung durch die Eltern.<\/p>\n\n\n\n<p>Die Mindestzahl der angemeldeten Kinder legt die Samtgemeinde Meinersen fest.<\/p>\n\n\n\n<p>Bei der Sp\u00e4tbetreuung k\u00f6nnen die Kinder je nach Anmeldung flexibel abgeholt werden.<\/p>\n\n\n\n<p>Eine Sch\u00fclerbef\u00f6rderung mit einem Schulbus im Anschluss findet nicht statt.<\/p>\n","protected":false},"excerpt":{"rendered":"<p>DAS KOSTENLOSE GANZTAGSANGEBOT Seit 2011 haben die Kinder unserer Schule die M\u00f6glichkeit, an vier Wochentagen (Montag bis Donnerstag) in der Zeit von 13 Uhr bis 15:30 Uhr kostenlos am Ganztagsangebot teilzunehmen (Anmeldung der Eltern erforderlich). Die Kinder k\u00f6nnen sich auch &hellip; <a href=\"https:\/\/wordpress.nibis.de\/gsleiferde\/ganztag\/\">Weiterlesen <span class=\"meta-nav\">&rarr;<\/span><\/a><\/p>\n","protected":false},"author":9192874,"featured_media":0,"parent":0,"menu_order":0,"comment_status":"closed","ping_status":"closed","template":"","meta":{"footnotes":""},"class_list":["post-1280","page","type-page","status-publish","hentry"],"_links":{"self":[{"href":"https:\/\/wordpress.nibis.de\/gsleiferde\/wp-json\/wp\/v2\/pages\/1280","targetHints":{"allow":["GET"]}}],"collection":[{"href":"https:\/\/wordpress.nibis.de\/gsleiferde\/wp-json\/wp\/v2\/pages"}],"about":[{"href":"https:\/\/wordpress.nibis.de\/gsleiferde\/wp-json\/wp\/v2\/types\/page"}],"author":[{"embeddable":true,"href":"https:\/\/wordpress.nibis.de\/gsleiferde\/wp-json\/wp\/v2\/users\/9192874"}],"replies":[{"embeddable":true,"href":"https:\/\/wordpress.nibis.de\/gsleiferde\/wp-json\/wp\/v2\/comments?post=1280"}],"version-history":[{"count":9,"href":"https:\/\/wordpress.nibis.de\/gsleiferde\/wp-json\/wp\/v2\/pages\/1280\/revisions"}],"predecessor-version":[{"id":1614,"href":"https:\/\/wordpress.nibis.de\/gsleiferde\/wp-json\/wp\/v2\/pages\/1280\/revisions\/1614"}],"wp:attachment":[{"href":"https:\/\/wordpress.nibis.de\/gsleiferde\/wp-json\/wp\/v2\/media?parent=1280"}],"curies":[{"name":"wp","href":"https:\/\/api.w.org\/{rel}","templated":true}]}}