{"id":1301,"date":"2024-04-26T09:50:25","date_gmt":"2024-04-26T07:50:25","guid":{"rendered":"https:\/\/wordpress.nibis.de\/gsleiferde\/?page_id=1301"},"modified":"2025-09-09T12:56:47","modified_gmt":"2025-09-09T10:56:47","slug":"mittagessen","status":"publish","type":"page","link":"https:\/\/wordpress.nibis.de\/gsleiferde\/ganztag\/mittagessen\/","title":{"rendered":"Mittagessen"},"content":{"rendered":"\n<p>Wir bieten den Kindern ein kindgerechtes und abwechslungsreiches Mittagessen an. Das Mittagessen wird von der Mensa der Samtgemeinde Meinersen UG (haftungsbeschr\u00e4nkt) &amp; Co. KG frisch zubereitet und in die Schule geliefert.<\/p>\n\n\n\n<p>Die Kinder werden w\u00e4hrend des Mittagessens begleitet und beaufsichtigt.<\/p>\n\n\n\n<p>Die Information zur Mittagessenszeit wird zum Anfang des Schuljahres ins Logbuch eingetragen.<\/p>\n\n\n\n<p>Um die Subventionen f\u00fcr das Mittagessen zu bekommen, m\u00fcssen die Eltern einen Antrag auf ein Bildungs- und Teilhabepaket in der zust\u00e4ndigen Beh\u00f6rde stellen.<\/p>\n\n\n\n<p>Die Bestellung und das Stornieren des Essens erfolgen durch die Eltern unter der Internet-Adresse <a href=\"https:\/\/gs-leiferde.giro-web.de\/\">https:\/\/mensa-meinersen.giro-web.de<\/a> (Tel. Mensa: 05372 9719010).<\/p>\n\n\n\n<p class=\"has-text-align-center\"><strong><a href=\"https:\/\/wordpress.nibis.de\/gsleiferde\/files\/2025\/09\/InfoMensa.pdf\">Mensa Info-Brief<\/a><\/strong><\/p>\n\n\n\n<p><\/p>\n\n\n\n<figure class=\"wp-block-image size-full\"><img loading=\"lazy\" decoding=\"async\" width=\"662\" height=\"586\" src=\"https:\/\/wordpress.nibis.de\/gsleiferde\/files\/2024\/04\/FotoMensa.jpg\" alt=\"\" class=\"wp-image-1302\" srcset=\"https:\/\/wordpress.nibis.de\/gsleiferde\/files\/2024\/04\/FotoMensa.jpg 662w, https:\/\/wordpress.nibis.de\/gsleiferde\/files\/2024\/04\/FotoMensa-300x266.jpg 300w, https:\/\/wordpress.nibis.de\/gsleiferde\/files\/2024\/04\/FotoMensa-339x300.jpg 339w\" sizes=\"auto, (max-width: 662px) 100vw, 662px\" \/><\/figure>\n","protected":false},"excerpt":{"rendered":"<p>Wir bieten den Kindern ein kindgerechtes und abwechslungsreiches Mittagessen an. Das Mittagessen wird von der Mensa der Samtgemeinde Meinersen UG (haftungsbeschr\u00e4nkt) &amp; Co. KG frisch zubereitet und in die Schule geliefert. Die Kinder werden w\u00e4hrend des Mittagessens begleitet und beaufsichtigt. &hellip; <a href=\"https:\/\/wordpress.nibis.de\/gsleiferde\/ganztag\/mittagessen\/\">Weiterlesen <span class=\"meta-nav\">&rarr;<\/span><\/a><\/p>\n","protected":false},"author":9192874,"featured_media":0,"parent":1280,"menu_order":2,"comment_status":"closed","ping_status":"closed","template":"","meta":{"footnotes":""},"class_list":["post-1301","page","type-page","status-publish","hentry"],"_links":{"self":[{"href":"https:\/\/wordpress.nibis.de\/gsleiferde\/wp-json\/wp\/v2\/pages\/1301","targetHints":{"allow":["GET"]}}],"collection":[{"href":"https:\/\/wordpress.nibis.de\/gsleiferde\/wp-json\/wp\/v2\/pages"}],"about":[{"href":"https:\/\/wordpress.nibis.de\/gsleiferde\/wp-json\/wp\/v2\/types\/page"}],"author":[{"embeddable":true,"href":"https:\/\/wordpress.nibis.de\/gsleiferde\/wp-json\/wp\/v2\/users\/9192874"}],"replies":[{"embeddable":true,"href":"https:\/\/wordpress.nibis.de\/gsleiferde\/wp-json\/wp\/v2\/comments?post=1301"}],"version-history":[{"count":12,"href":"https:\/\/wordpress.nibis.de\/gsleiferde\/wp-json\/wp\/v2\/pages\/1301\/revisions"}],"predecessor-version":[{"id":1628,"href":"https:\/\/wordpress.nibis.de\/gsleiferde\/wp-json\/wp\/v2\/pages\/1301\/revisions\/1628"}],"up":[{"embeddable":true,"href":"https:\/\/wordpress.nibis.de\/gsleiferde\/wp-json\/wp\/v2\/pages\/1280"}],"wp:attachment":[{"href":"https:\/\/wordpress.nibis.de\/gsleiferde\/wp-json\/wp\/v2\/media?parent=1301"}],"curies":[{"name":"wp","href":"https:\/\/api.w.org\/{rel}","templated":true}]}}