{"id":1307,"date":"2024-04-26T09:57:54","date_gmt":"2024-04-26T07:57:54","guid":{"rendered":"https:\/\/wordpress.nibis.de\/gsleiferde\/?page_id=1307"},"modified":"2024-04-26T09:58:24","modified_gmt":"2024-04-26T07:58:24","slug":"hausaufgaben","status":"publish","type":"page","link":"https:\/\/wordpress.nibis.de\/gsleiferde\/ganztag\/hausaufgaben\/","title":{"rendered":"Hausaufgaben"},"content":{"rendered":"\n<p>In der Zeit bis 14:30 Uhr k\u00f6nnen die Kinder ihre Hausaufgaben in den Gruppen erledigen. Sie werden dabei beaufsichtigt und unterst\u00fctzt (siehe Hausaufgabenkonzept).<\/p>\n\n\n\n<p>F\u00fcr die Hausaufgaben haben die Kinder ca. 45 Minuten Zeit.<\/p>\n\n\n\n<p>In den AGs werden keine Hausaufgaben zu Ende gemacht.<\/p>\n\n\n\n<figure class=\"wp-block-image size-full\"><img loading=\"lazy\" decoding=\"async\" width=\"542\" height=\"723\" src=\"https:\/\/wordpress.nibis.de\/gsleiferde\/files\/2024\/04\/FotoHausaufgaben-1-rotated.jpg\" alt=\"\" class=\"wp-image-1309\" srcset=\"https:\/\/wordpress.nibis.de\/gsleiferde\/files\/2024\/04\/FotoHausaufgaben-1-rotated.jpg 542w, https:\/\/wordpress.nibis.de\/gsleiferde\/files\/2024\/04\/FotoHausaufgaben-1-225x300.jpg 225w\" sizes=\"auto, (max-width: 542px) 100vw, 542px\" \/><\/figure>\n","protected":false},"excerpt":{"rendered":"<p>In der Zeit bis 14:30 Uhr k\u00f6nnen die Kinder ihre Hausaufgaben in den Gruppen erledigen. Sie werden dabei beaufsichtigt und unterst\u00fctzt (siehe Hausaufgabenkonzept). F\u00fcr die Hausaufgaben haben die Kinder ca. 45 Minuten Zeit. In den AGs werden keine Hausaufgaben zu &hellip; <a href=\"https:\/\/wordpress.nibis.de\/gsleiferde\/ganztag\/hausaufgaben\/\">Weiterlesen <span class=\"meta-nav\">&rarr;<\/span><\/a><\/p>\n","protected":false},"author":9192874,"featured_media":0,"parent":1280,"menu_order":3,"comment_status":"closed","ping_status":"closed","template":"","meta":{"footnotes":""},"class_list":["post-1307","page","type-page","status-publish","hentry"],"_links":{"self":[{"href":"https:\/\/wordpress.nibis.de\/gsleiferde\/wp-json\/wp\/v2\/pages\/1307","targetHints":{"allow":["GET"]}}],"collection":[{"href":"https:\/\/wordpress.nibis.de\/gsleiferde\/wp-json\/wp\/v2\/pages"}],"about":[{"href":"https:\/\/wordpress.nibis.de\/gsleiferde\/wp-json\/wp\/v2\/types\/page"}],"author":[{"embeddable":true,"href":"https:\/\/wordpress.nibis.de\/gsleiferde\/wp-json\/wp\/v2\/users\/9192874"}],"replies":[{"embeddable":true,"href":"https:\/\/wordpress.nibis.de\/gsleiferde\/wp-json\/wp\/v2\/comments?post=1307"}],"version-history":[{"count":1,"href":"https:\/\/wordpress.nibis.de\/gsleiferde\/wp-json\/wp\/v2\/pages\/1307\/revisions"}],"predecessor-version":[{"id":1311,"href":"https:\/\/wordpress.nibis.de\/gsleiferde\/wp-json\/wp\/v2\/pages\/1307\/revisions\/1311"}],"up":[{"embeddable":true,"href":"https:\/\/wordpress.nibis.de\/gsleiferde\/wp-json\/wp\/v2\/pages\/1280"}],"wp:attachment":[{"href":"https:\/\/wordpress.nibis.de\/gsleiferde\/wp-json\/wp\/v2\/media?parent=1307"}],"curies":[{"name":"wp","href":"https:\/\/api.w.org\/{rel}","templated":true}]}}