{"id":390,"date":"2021-02-23T11:08:25","date_gmt":"2021-02-23T10:08:25","guid":{"rendered":"https:\/\/wordpress.nibis.de\/gsleiferde\/?page_id=390"},"modified":"2026-01-27T10:48:39","modified_gmt":"2026-01-27T09:48:39","slug":"downloads-2","status":"publish","type":"page","link":"https:\/\/wordpress.nibis.de\/gsleiferde\/downloads-2\/","title":{"rendered":"Downloads"},"content":{"rendered":"<ul style=\"list-style-type: circle\">\n<li>\n<h5><strong>Folgende Dokumente stehen f\u00fcr Sie zum Download bereit:<\/strong><\/h5>\n<\/li>\n<li>Datenschutz: <a href=\"https:\/\/wordpress.nibis.de\/gsleiferde\/files\/2025\/04\/DatenschutzGS-Leiferde_2025.pdf\">Datenschutzerkl\u00e4rung<\/a> der Grundschule Leiferde, <a href=\"https:\/\/wordpress.nibis.de\/gsleiferde\/files\/2025\/04\/Uebersicht-zur-Verarbeitung-personenbezogener-Daten-GS-Leiferde.pdf\">\u00dcbersicht<\/a> zur Verarbeitung personenbezogener Daten<\/li>\n<li><a href=\"https:\/\/wordpress.nibis.de\/gsleiferde\/files\/2025\/02\/Aufnahmeformular.pdf\">Schulanmeldung<\/a> f\u00fcr die Grundschule Leiferde<\/li>\n<li><a href=\"https:\/\/wordpress.nibis.de\/gsleiferde\/files\/2024\/05\/EinwilligungNutzungIServ.pdf\">Nutzungsbedingungen<\/a> der Kommunikations- Austauschplattform IServ<\/li>\n<li>\n<h4>Information zur Verarbeitung personenbezogener Daten im Zusammenhang mit der Kommunikationsplattform<strong><a href=\"https:\/\/wordpress.nibis.de\/gsleiferde\/files\/2020\/11\/Info_VerarbeitungPersonenbezogenerDaten_2020-11-19.pdf\"> IServ<\/a><\/strong><\/h4>\n<\/li>\n<li>Erkl\u00e4rung \u00fcber die Verschiebung der Einschulung f\u00fcr Kinder, die im Zeitraum vom 01.07.2020 bis 30.09.2020 geboren wurden: <a href=\"https:\/\/wordpress.nibis.de\/gsleiferde\/files\/2026\/01\/Erklaerung-ueber-die-Verschiebung_-Flexi-Kinder.pdf\">Erkl\u00e4rung<\/a><\/li>\n<li><a href=\"https:\/\/wordpress.nibis.de\/gsleiferde\/files\/2022\/05\/Beurlaubung-Antrag.pdf\">Beurlaubung<\/a><\/li>\n<li>Schulbuchausleihe SJ 2025\/26 Klasse 1:\u00a0 <a href=\"https:\/\/wordpress.nibis.de\/gsleiferde\/files\/2025\/06\/LernmittelausleiheKlasse1.pdf\">Anmeldung<\/a><\/li>\n<li>Schulbuchausleihe SJ 2025\/26 Klasse 2: <a href=\"https:\/\/wordpress.nibis.de\/gsleiferde\/files\/2025\/06\/LernmittelausleiheKlasse2.pdf\">Anmeldung<\/a><\/li>\n<li>Schulbuchausleihe SJ 2025\/26 Klasse 3: <a href=\"https:\/\/wordpress.nibis.de\/gsleiferde\/files\/2025\/06\/LernmittelausleiheKlasse3.pdf\">Anmeldung<\/a><\/li>\n<li>Schulbuchausleihe SJ 2025\/26 Klasse 4: <a href=\"https:\/\/wordpress.nibis.de\/gsleiferde\/files\/2025\/07\/LernmittelausleiheJG4SJ25_26.pdf\">Anmeldung<\/a><\/li>\n<li>Formular Problem bei der Sch\u00fclerbef\u00f6rderung: <a href=\"https:\/\/wordpress.nibis.de\/gsleiferde\/files\/2023\/08\/019942.pdf\">Formular<\/a><\/li>\n<li>Materiallisten SJ 20<strong>25\/26<\/strong>:<\/li>\n<li><a href=\"https:\/\/wordpress.nibis.de\/gsleiferde\/files\/2025\/06\/Materialliste-Schuki-2025_26.pdf\">Materialliste_SKG_25_26<\/a><\/li>\n<li><a href=\"https:\/\/wordpress.nibis.de\/gsleiferde\/files\/2025\/06\/Materialliste_2025_26_4a.pdf\">Materialliste_4a_25_26<\/a><\/li>\n<li><a href=\"https:\/\/wordpress.nibis.de\/gsleiferde\/files\/2025\/08\/Materialliste_2025_26_4c.pdf\">Materialliste_4c_25_26<\/a><\/li>\n<li><a href=\"https:\/\/wordpress.nibis.de\/gsleiferde\/files\/2025\/07\/Materialliste_2025_26_4b.pdf\">Materialliste_4b_25_26<\/a><\/li>\n<li><a href=\"https:\/\/wordpress.nibis.de\/gsleiferde\/files\/2025\/06\/Materialliste_25_26_3c.pdf\">Materialliste_3c_25_26<\/a><\/li>\n<li><a href=\"https:\/\/wordpress.nibis.de\/gsleiferde\/files\/2025\/06\/Materialliste_25_26_3b.pdf\">Materialliste_3b_25_26<\/a><\/li>\n<li><a href=\"https:\/\/wordpress.nibis.de\/gsleiferde\/files\/2025\/06\/Materialliste_25_26_3a.pdf\">Materialliste_3a_25_26<\/a><\/li>\n<li><a href=\"https:\/\/wordpress.nibis.de\/gsleiferde\/files\/2025\/07\/Materialliste-2abc-2025_26.pdf\">Materialliste_2c_25_26<\/a><\/li>\n<li><a href=\"https:\/\/wordpress.nibis.de\/gsleiferde\/files\/2025\/07\/Materialliste-2abc-2025_26.pdf\">Materialliste_2b_25_26<\/a><\/li>\n<li><a href=\"https:\/\/wordpress.nibis.de\/gsleiferde\/files\/2025\/07\/Materialliste-2abc-2025_26.pdf\">Materialliste_2a_25_26<\/a><\/li>\n<li><a href=\"https:\/\/wordpress.nibis.de\/gsleiferde\/files\/2025\/06\/Materialliste_25_26_1b.pdf\">Materialliste_1b_25_26<\/a><\/li>\n<li><a href=\"https:\/\/wordpress.nibis.de\/gsleiferde\/files\/2025\/06\/Materialliste_25_26_1c.pdf\">Materialliste_1c_25_26<\/a><\/li>\n<li><a href=\"https:\/\/wordpress.nibis.de\/gsleiferde\/files\/2025\/06\/Materialliste_25_26_1a.pdf\">Materialliste_1a_25_26<\/a><\/li>\n<li><a href=\"https:\/\/wordpress.nibis.de\/gsleiferde\/files\/2025\/09\/Anleitung_Registrierung_Eltern.pdf\">Anleitung Registrierung WebUntis<\/a><\/li>\n<\/ul>\n\n\n\n\n<p><\/p>\n","protected":false},"excerpt":{"rendered":"<p>Folgende Dokumente stehen f\u00fcr Sie zum Download bereit: Datenschutz: Datenschutzerkl\u00e4rung der Grundschule Leiferde, \u00dcbersicht zur Verarbeitung personenbezogener Daten Schulanmeldung f\u00fcr die Grundschule Leiferde Nutzungsbedingungen der Kommunikations- Austauschplattform IServ Information zur Verarbeitung personenbezogener Daten im Zusammenhang mit der Kommunikationsplattform IServ Erkl\u00e4rung &hellip; <a href=\"https:\/\/wordpress.nibis.de\/gsleiferde\/downloads-2\/\">Weiterlesen <span class=\"meta-nav\">&rarr;<\/span><\/a><\/p>\n","protected":false},"author":9192874,"featured_media":0,"parent":0,"menu_order":0,"comment_status":"closed","ping_status":"closed","template":"","meta":{"footnotes":""},"class_list":["post-390","page","type-page","status-publish","hentry"],"_links":{"self":[{"href":"https:\/\/wordpress.nibis.de\/gsleiferde\/wp-json\/wp\/v2\/pages\/390","targetHints":{"allow":["GET"]}}],"collection":[{"href":"https:\/\/wordpress.nibis.de\/gsleiferde\/wp-json\/wp\/v2\/pages"}],"about":[{"href":"https:\/\/wordpress.nibis.de\/gsleiferde\/wp-json\/wp\/v2\/types\/page"}],"author":[{"embeddable":true,"href":"https:\/\/wordpress.nibis.de\/gsleiferde\/wp-json\/wp\/v2\/users\/9192874"}],"replies":[{"embeddable":true,"href":"https:\/\/wordpress.nibis.de\/gsleiferde\/wp-json\/wp\/v2\/comments?post=390"}],"version-history":[{"count":89,"href":"https:\/\/wordpress.nibis.de\/gsleiferde\/wp-json\/wp\/v2\/pages\/390\/revisions"}],"predecessor-version":[{"id":1696,"href":"https:\/\/wordpress.nibis.de\/gsleiferde\/wp-json\/wp\/v2\/pages\/390\/revisions\/1696"}],"wp:attachment":[{"href":"https:\/\/wordpress.nibis.de\/gsleiferde\/wp-json\/wp\/v2\/media?parent=390"}],"curies":[{"name":"wp","href":"https:\/\/api.w.org\/{rel}","templated":true}]}}