{"id":40,"date":"2019-01-10T12:30:21","date_gmt":"2019-01-10T11:30:21","guid":{"rendered":"https:\/\/wordpress.nibis.de\/gsleiferde\/?page_id=40"},"modified":"2019-01-24T10:27:57","modified_gmt":"2019-01-24T09:27:57","slug":"kontakte-impressum-und-datenschutzerklaerung","status":"publish","type":"page","link":"https:\/\/wordpress.nibis.de\/gsleiferde\/neuigkeiten\/kontakte-impressum-und-datenschutzerklaerung\/","title":{"rendered":"Impressum und Datenschutzerkl\u00e4rung"},"content":{"rendered":"<p><strong>Kontakt<\/strong><\/p>\n<p>Grundschule Leiferde<br \/>\nKarberg 2<br \/>\n38542 Leiferde<br \/>\nTelefon 05373 \/ 1583<br \/>\neMail:\u00a0\u00a0<a href=\"&#x6d;a&#x69;l&#x74;&#111;&#x3a;&#115;e&#x6b;r&#x65;&#116;&#x61;&#114;&#x69;&#97;t&#x40;g&#x73;&#45;&#x6c;&#101;&#x69;&#x66;e&#x72;d&#x65;&#46;&#x64;&#101;\">&#x73;e&#x6b;&#114;&#x65;&#x74;a&#x72;&#105;&#x61;&#x74;&#64;&#x67;&#115;&#x2d;&#x6c;e&#x69;&#102;&#x65;&#x72;d&#x65;&#46;&#x64;&#x65;<\/a><\/p>\n<p>Die Grundschule Leiferde ist eine Anstalt des \u00f6ffentlichen Rechts.\u00a0Sie wird vertreten durch die Schulleiterin S. Comme\u00dfmann.<\/p>\n<p><strong>Haftungshinweis<\/strong><\/p>\n<p>Bei dem Inhalt unserer Internetseiten handelt es sich um urheberrechtlich gesch\u00fctzte Werke. Die Grundschule Leiferde\u00a0gestattet die \u00dcbernahme von Texten in Datenbest\u00e4nde, die ausschlie\u00dflich f\u00fcr den privaten Gebrauch eines Nutzers bestimmt sind. Die \u00dcbernahme und Nutzung der Daten zu anderen Zwecken bedarf der schriftlichen Zustimmung der Schule.<\/p>\n<p>Wir sind bem\u00fcht die Ver\u00f6ffentlichungsrechte zu ber\u00fccksichtigen. Falls uns dennoch ein diesbez\u00fcglicher Fehler unterlaufen sein sollte, bitten wir um Benachrichtigung. Forderungen und Abmahnungen ohne vorherigen Hinweis lehnen wir ab.<\/p>\n<p>Haftungshinweis: Im Rahmen unseres Dienstes werden auch Links zu Internetinhalten anderer Anbieter bereitgestellt. Auf den Inhalt dieser Seiten haben wir keinen Einfluss; f\u00fcr den Inhalt ist ausschlie\u00dflich der Betreiber der anderen Website verantwortlich. Trotz der \u00dcberpr\u00fcfung der Inhalte im gesetzlich gebotenen Rahmen m\u00fcssen wir daher jede Verantwortung f\u00fcr den Inhalt dieser Links bzw. der verlinkten Seite ablehnen.<\/p>\n<div>\n<p><strong>Datenschutzerkl\u00e4rung<\/strong><\/p>\n<\/div>\n<p>Diese Datenschutzerkl\u00e4rung kl\u00e4rt Sie \u00fcber die Art, den Umfang und Zweck der Verarbeitung von personenbezogenen Daten (nachfolgend kurz \u201eDaten\u201c) innerhalb unseres Onlineangebotes und der mit ihm verbundenen Webseiten, Funktionen und Inhalte auf (nachfolgend gemeinsam bezeichnet als \u201eOnlineangebot\u201c). Im Hinblick auf die verwendeten Begrifflichkeiten, wie z.B. \u201eVerarbeitung\u201c oder \u201eVerantwortlicher\u201c verweisen wir auf die Definitionen im Art. 4 der Datenschutzgrundverordnung (DSGVO).<\/p>\n<p>Verantwortlicher:<\/p>\n<p>Grundschule Leiferde<br \/>\nKarberg 2<br \/>\n38542 Leiferde<br \/>\nTelefon 05373 \/ 1583<br \/>\neMail:\u00a0\u00a0<a href=\"&#x6d;&#97;i&#x6c;&#116;&#111;&#x3a;&#x73;&#101;k&#x72;&#101;t&#x61;&#x72;&#105;a&#x74;&#64;g&#x73;&#x2d;&#108;e&#x69;&#102;e&#x72;&#x64;&#101;&#46;&#x64;&#101;\">&#115;&#101;&#x6b;&#x72;&#101;&#116;&#x61;&#x72;&#105;&#97;&#x74;&#x40;&#103;&#115;&#x2d;&#x6c;&#101;&#105;&#x66;&#x65;&#114;&#100;&#x65;&#x2e;&#100;&#101;<\/a><\/p>\n<p>Arten der verarbeiteten Daten:<\/p>\n<ul>\n<li>Bestandsdaten (z.B. Namen, Adressen).<\/li>\n<li>Kontaktdaten (z.B. E-Mail, Telefonnummern).<\/li>\n<li>Inhaltsdaten (z.B. Texteingaben).<\/li>\n<li>Nutzungsdaten (z.B. besuchte Webseiten, Interesse an Inhalten, Zugriffszeiten).<\/li>\n<li>Meta-\/Kommunikationsdaten (z.B. Ger\u00e4te-Informationen, IP-Adressen).<\/li>\n<\/ul>\n<p>Kategorien betroffener Personen:<\/p>\n<p>Besucher und Nutzer des Onlineangebotes (Nachfolgend bezeichnen wir die betroffenen Personen zusammenfassend auch als \u201eNutzer\u201c).<\/p>\n<p>Zweck der Verarbeitung:<\/p>\n<ul>\n<li>Beantwortung von Kontaktanfragen und Kommunikation mit Nutzern.<\/li>\n<li>Technische Optimierung unseres Onlineangebotes.<\/li>\n<li>Statistische Auswertung.<\/li>\n<\/ul>\n<p>Verwendete Begrifflichkeiten<\/p>\n<ul>\n<li>Personenbezogene Daten:<br \/>\nHierbei handelt es sich um alle Informationen, die sich auf eine identifizierte oder identifizierbare nat\u00fcrliche Person (im Folgenden \u201ebetroffene Person\u201c) beziehen; als identifizierbar wird eine nat\u00fcrliche Person angesehen, die direkt oder indirekt, insbesondere mittels Zuordnung zu einer Kennung wie einem Namen, zu einer Kennnummer, zu Standortdaten, zu einer Online-Kennung oder zu einem oder mehreren besonderen Merkmalen identifiziert werden kann, die Ausdruck der physischen, physiologischen, genetischen, psychischen, wirtschaftlichen, kulturellen oder sozialen Identit\u00e4t dieser nat\u00fcrlichen Person sind.<\/li>\n<li>Verarbeitung<br \/>\nVerarbeitung ist jeder mit oder ohne Hilfe automatisierter Verfahren ausgef\u00fchrten Vorgang oder jede solche Vorgangsreihe im Zusammenhang mit personenbezogenen Daten. Der Begriff reicht weit und umfasst praktisch jeden Umgang mit Daten.<\/li>\n<li>Verantwortlicher<br \/>\nAls Verantwortlicher wird die nat\u00fcrliche oder juristische Person, Beh\u00f6rde, Einrichtung oder andere Stelle, die allein oder gemeinsam mit anderen \u00fcber die Zwecke und Mittel der Verarbeitung von personenbezogenen Daten entscheidet, bezeichnet.<\/li>\n<\/ul>\n<p>Ma\u00dfgebliche Rechtsgrundlagen<\/p>\n<p>Nach Ma\u00dfgabe des Art. 13 DSGVO teilen wir Ihnen die Rechtsgrundlagen unserer Datenverarbeitungen mit. Sofern die Rechtsgrundlage in der Datenschutzerkl\u00e4rung nicht genannt wird, gilt Folgendes: Die Rechtsgrundlage f\u00fcr die Einholung von Einwilligungen ist Art. 6 Abs. 1 lit. a und Art. 7 DSGVO.<\/p>\n<p>Rechte der betroffenen Personen<\/p>\n<ul>\n<li>Auskunftsrecht<br \/>\nSie haben das Recht, eine Best\u00e4tigung dar\u00fcber zu verlangen, ob betreffende Daten verarbeitet werden und auf Auskunft \u00fcber diese Daten sowie auf weitere Informationen und Kopie der Daten entsprechend Art. 15 DSGVO.<\/li>\n<li>Recht auf Berichtigung<br \/>\nSie haben entsprechend. Art. 16 DSGVO das Recht, die Vervollst\u00e4ndigung der Sie betreffenden Daten oder die Berichtigung der Sie betreffenden unrichtigen Daten zu verlangen.<\/li>\n<li>Recht auf L\u00f6schung und Einschr\u00e4nkung<br \/>\nSie haben nach Ma\u00dfgabe des Art. 17 DSGVO das Recht zu verlangen, dass betreffende Daten unverz\u00fcglich gel\u00f6scht werden, bzw. alternativ nach Ma\u00dfgabe des Art. 18 DSGVO eine Einschr\u00e4nkung der Verarbeitung der Daten zu verlangen.<\/li>\n<li>Recht auf Daten\u00fcbertragbarkeit<br \/>\nSie haben das Recht zu verlangen, dass die Sie betreffenden Daten, die Sie uns bereitgestellt haben nach Ma\u00dfgabe des Art. 20 DSGVO zu erhalten und deren \u00dcbermittlung an andere Verantwortliche zu fordern.<\/li>\n<li>Widerrufsrecht<br \/>\nSie haben das Recht, erteilte Einwilligungen gem. Art. 7 Abs. 3 DSGVO mit Wirkung f\u00fcr die Zukunft zu widerrufen.<\/li>\n<li>Widerspruchsrecht<br \/>\nSie k\u00f6nnen bei Gr\u00fcnden, die sich aus Ihrer besonderen Situation ergeben, ein Widerspruchsrecht geltend machen. Gem. Art. 21 DSGVO ist jedoch zu ber\u00fccksichtigten, ob schutzw\u00fcrdige Gr\u00fcnde f\u00fcr die Verarbeitung vorliegen oder die Verarbeitung der Geltendmachung, Aus\u00fcbung oder Verteidigung von Rechtsanspr\u00fcchen dient.<\/li>\n<li>Recht auf Beschwerde<br \/>\nSie haben ferner gem. Art. 77 DSGVO das Recht, eine Beschwerde bei der zust\u00e4ndigen Aufsichtsbeh\u00f6rde einzureichen. Die f\u00fcr uns zust\u00e4ndige Aufsichtsbeh\u00f6rde ist die Landesbeauftragte f\u00fcr den Datenschutz Niedersachsen, Prinzenstra\u00dfe 5, 30159 Hannover. E-Mail:\u00a0<a href=\"&#x6d;&#97;i&#x6c;&#x74;&#111;:&#x70;&#x6f;&#115;t&#x73;&#116;e&#x6c;&#x6c;&#101;&#64;&#x6c;&#x66;&#100;&#46;&#x6e;&#105;&#101;&#x64;&#x65;&#114;s&#x61;&#x63;&#104;s&#x65;&#110;&#46;d&#x65;\">&#112;&#x6f;&#x73;&#116;&#x73;&#x74;e&#x6c;&#x6c;e&#64;&#x6c;f&#100;&#x2e;n&#105;&#x65;d&#101;&#x72;s&#97;&#x63;&#x68;&#115;&#x65;&#x6e;&#46;&#x64;&#x65;<\/a><\/li>\n<\/ul>\n<p>Kontaktaufnahme<br \/>\nBei der Kontaktaufnahme mit uns (z.B. per E-Mail) werden die von Ihnen \u00fcbermittelten personenbezogenen Daten automatisch gespeichert. Diese Daten werden f\u00fcr Zwecke der Bearbeitung Ihres Anliegens und der Kontaktaufnahme mit Ihnen gespeichert. Die L\u00f6schung der Daten erfolgt, sobald deren Speicherung f\u00fcr die Bearbeitung Ihres Anliegens nicht mehr erforderlich ist.<\/p>\n<p>Hosting und E-Mail-Versand<br \/>\nDie von uns in Anspruch genommenen Hosting-Leistungen dienen der Zurverf\u00fcgungstellung der folgenden Leistungen: Infrastruktur- und Plattformdienstleistungen, Rechenkapazit\u00e4t, Speicherplatz und Datenbankdienste, E-Mail-Versand, Sicherheitsleistungen sowie technische Wartungsleistungen, die wir zum Zwecke des Betriebs dieses Onlineangebotes einsetzen. Hierbei verarbeiten wir, bzw. unser Hostinganbieter Bestandsdaten, Kontaktdaten, Inhaltsdaten, Nutzungsdaten, Meta- und Kommunikationsdaten von Nutzer dieses Onlineangebotes auf Grundlage unserer berechtigten Interessen an einer effizienten und sicheren Zurverf\u00fcgungstellung dieses Onlineangebotes gem. Art. 6 Abs. 1 lit. f DSGVO i.V.m. Art. 28 DSGVO (Abschluss Auftragsverarbeitungsvertrag).<\/p>\n<p>Erhebung von Zugriffsdaten und Logfiles<br \/>\nWir, bzw. unser Hostinganbieter, erhebt auf Grundlage unserer berechtigten Interessen im Sinne des Art. 6 Abs. 1 lit. f. DSGVO Daten \u00fcber jeden Zugriff auf den Server, auf dem sich dieser Dienst befindet (sogenannte Serverlogfiles). Zu den Zugriffsdaten geh\u00f6ren Name der abgerufenen Webseite, Datei, Datum und Uhrzeit des Abrufs, \u00fcbertragene Datenmenge, Meldung \u00fcber erfolgreichen Abruf, Browsertyp nebst Version, das Betriebssystem des Nutzers, Referrer URL (die zuvor besuchte Seite), IP-Adresse und der anfragende Provider. Logfile-Informationen werden aus Sicherheitsgr\u00fcnden (z.B. zur Aufkl\u00e4rung von Missbrauchs- oder Betrugshandlungen) f\u00fcr die Dauer von maximal 7 Tagen gespeichert und danach gel\u00f6scht. Daten, deren weitere Aufbewahrung zu Beweiszwecken erforderlich ist, sind bis zur endg\u00fcltigen Kl\u00e4rung des jeweiligen Vorfalls von der L\u00f6schung ausgenommen.<\/p>\n<p>L\u00f6schung von Daten<br \/>\nDie von uns verarbeiteten Daten werden nach Ma\u00dfgabe der Art. 17 und 18 DSGVO gel\u00f6scht oder in ihrer Verarbeitung eingeschr\u00e4nkt. Sofern nicht im Rahmen dieser Datenschutzerkl\u00e4rung ausdr\u00fccklich angegeben, werden die bei uns gespeicherten Daten gel\u00f6scht, sobald sie f\u00fcr ihre Zweckbestimmung nicht mehr erforderlich sind und der L\u00f6schung keine gesetzlichen Aufbewahrungspflichten entgegenstehen.<\/p>\n","protected":false},"excerpt":{"rendered":"<p>Kontakt Grundschule Leiferde Karberg 2 38542 Leiferde Telefon 05373 \/ 1583 eMail:\u00a0\u00a0s&#101;&#x6b;&#x72;&#x65;t&#97;&#x72;&#x69;&#x61;t&#64;&#x67;&#x73;&#x2d;l&#101;&#x69;&#x66;&#x65;r&#100;&#x65;&#x2e;&#x64;e Die Grundschule Leiferde ist eine Anstalt des \u00f6ffentlichen Rechts.\u00a0Sie wird vertreten durch die Schulleiterin S. Comme\u00dfmann. Haftungshinweis Bei dem Inhalt unserer Internetseiten handelt es sich um urheberrechtlich gesch\u00fctzte &hellip; <a href=\"https:\/\/wordpress.nibis.de\/gsleiferde\/neuigkeiten\/kontakte-impressum-und-datenschutzerklaerung\/\">Weiterlesen <span class=\"meta-nav\">&rarr;<\/span><\/a><\/p>\n","protected":false},"author":9192874,"featured_media":0,"parent":22,"menu_order":0,"comment_status":"closed","ping_status":"closed","template":"","meta":{"footnotes":""},"class_list":["post-40","page","type-page","status-publish","hentry"],"_links":{"self":[{"href":"https:\/\/wordpress.nibis.de\/gsleiferde\/wp-json\/wp\/v2\/pages\/40","targetHints":{"allow":["GET"]}}],"collection":[{"href":"https:\/\/wordpress.nibis.de\/gsleiferde\/wp-json\/wp\/v2\/pages"}],"about":[{"href":"https:\/\/wordpress.nibis.de\/gsleiferde\/wp-json\/wp\/v2\/types\/page"}],"author":[{"embeddable":true,"href":"https:\/\/wordpress.nibis.de\/gsleiferde\/wp-json\/wp\/v2\/users\/9192874"}],"replies":[{"embeddable":true,"href":"https:\/\/wordpress.nibis.de\/gsleiferde\/wp-json\/wp\/v2\/comments?post=40"}],"version-history":[{"count":2,"href":"https:\/\/wordpress.nibis.de\/gsleiferde\/wp-json\/wp\/v2\/pages\/40\/revisions"}],"predecessor-version":[{"id":53,"href":"https:\/\/wordpress.nibis.de\/gsleiferde\/wp-json\/wp\/v2\/pages\/40\/revisions\/53"}],"up":[{"embeddable":true,"href":"https:\/\/wordpress.nibis.de\/gsleiferde\/wp-json\/wp\/v2\/pages\/22"}],"wp:attachment":[{"href":"https:\/\/wordpress.nibis.de\/gsleiferde\/wp-json\/wp\/v2\/media?parent=40"}],"curies":[{"name":"wp","href":"https:\/\/api.w.org\/{rel}","templated":true}]}}