{"id":49,"date":"2019-01-10T12:36:45","date_gmt":"2019-01-10T11:36:45","guid":{"rendered":"https:\/\/wordpress.nibis.de\/gsleiferde\/?page_id=49"},"modified":"2026-02-18T09:17:58","modified_gmt":"2026-02-18T08:17:58","slug":"termine","status":"publish","type":"page","link":"https:\/\/wordpress.nibis.de\/gsleiferde\/neuigkeiten\/termine\/","title":{"rendered":"Termine"},"content":{"rendered":"<div>\n<p style=\"text-align: left\"><span style=\"font-size: inherit\">Nachfolgend finden Sie eine Termin\u00fcbersicht f\u00fcr das laufende Schuljahr<\/span><span style=\"font-size: inherit\">:\u00a0<\/span><\/p>\n<\/div>\n<p><strong>Vorl\u00e4ufige Termin\u00fcbersicht f\u00fcr das 2. Halbjahr 2025\/2025<\/strong><\/p>\n<p>Unsere Termine sind ab sofort auf WebUntis verf\u00fcgbar.<\/p>\n\n","protected":false},"excerpt":{"rendered":"<p>Nachfolgend finden Sie eine Termin\u00fcbersicht f\u00fcr das laufende Schuljahr:\u00a0 Vorl\u00e4ufige Termin\u00fcbersicht f\u00fcr das 2. Halbjahr 2025\/2025 Unsere Termine sind ab sofort auf WebUntis verf\u00fcgbar.<\/p>\n","protected":false},"author":9192874,"featured_media":0,"parent":22,"menu_order":0,"comment_status":"closed","ping_status":"closed","template":"","meta":{"footnotes":""},"class_list":["post-49","page","type-page","status-publish","hentry"],"_links":{"self":[{"href":"https:\/\/wordpress.nibis.de\/gsleiferde\/wp-json\/wp\/v2\/pages\/49","targetHints":{"allow":["GET"]}}],"collection":[{"href":"https:\/\/wordpress.nibis.de\/gsleiferde\/wp-json\/wp\/v2\/pages"}],"about":[{"href":"https:\/\/wordpress.nibis.de\/gsleiferde\/wp-json\/wp\/v2\/types\/page"}],"author":[{"embeddable":true,"href":"https:\/\/wordpress.nibis.de\/gsleiferde\/wp-json\/wp\/v2\/users\/9192874"}],"replies":[{"embeddable":true,"href":"https:\/\/wordpress.nibis.de\/gsleiferde\/wp-json\/wp\/v2\/comments?post=49"}],"version-history":[{"count":227,"href":"https:\/\/wordpress.nibis.de\/gsleiferde\/wp-json\/wp\/v2\/pages\/49\/revisions"}],"predecessor-version":[{"id":1698,"href":"https:\/\/wordpress.nibis.de\/gsleiferde\/wp-json\/wp\/v2\/pages\/49\/revisions\/1698"}],"up":[{"embeddable":true,"href":"https:\/\/wordpress.nibis.de\/gsleiferde\/wp-json\/wp\/v2\/pages\/22"}],"wp:attachment":[{"href":"https:\/\/wordpress.nibis.de\/gsleiferde\/wp-json\/wp\/v2\/media?parent=49"}],"curies":[{"name":"wp","href":"https:\/\/api.w.org\/{rel}","templated":true}]}}