{"id":68,"date":"2019-01-10T18:20:25","date_gmt":"2019-01-10T17:20:25","guid":{"rendered":"https:\/\/wordpress.nibis.de\/gsleiferde\/?page_id=68"},"modified":"2024-04-03T10:28:04","modified_gmt":"2024-04-03T08:28:04","slug":"bibliothek","status":"publish","type":"page","link":"https:\/\/wordpress.nibis.de\/gsleiferde\/unsere-angebote\/bibliothek\/","title":{"rendered":"Bibliothek"},"content":{"rendered":"<p><strong><u>B\u00fcchereikonzept<\/u><\/strong><\/p>\n<p>Im Folgenden wird der Begriff Sch\u00fcler als Oberbegriff f\u00fcr Sch\u00fcler\/in verwendet<\/p>\n<ol>\n<li><strong> P\u00e4dagogische Ziele und ihre Umsetzung in der Praxis<\/strong><\/li>\n<\/ol>\n<p>Alle Kinder der Schule sollen die B\u00fccherei als Ort der Ruhe und Entspannung erleben d\u00fcrfen. Hierzu wird im Raum der B\u00fccherei durch ausreichende Sitzgelegenheiten und Dekoration eine angenehme Atmosph\u00e4re geschaffen.<\/p>\n<p>Die Sch\u00fcler sollen ein ruhiges und r\u00fccksichtsvolles, aber auch hilfsbereites Verhalten zeigen. B\u00fccher gemeinsam zu erleben, indem man sie gemeinsam betrachtet, miteinander ins Gespr\u00e4ch kommt, ist ein wichtiges Ziel.<\/p>\n<p>Es ist durchaus erw\u00fcnscht, dass Kinder sich in der B\u00fccherei zun\u00e4chst nur am bereitgestellten \u201e Maltisch \u201c aufhalten. Dies wird als erster Schritt, B\u00fccherei zu erleben, gesehen.<\/p>\n<p>Der sorgf\u00e4ltige Umgang mit B\u00fcchern und die Einhaltung \u00a0einer B\u00fcchereiordnung soll erlernt werden. (\u2026 wir stellen B\u00fccher an die richtige Stelle im Regal zur\u00fcck, \u2026wir stellen das Buch richtig herum in das Regal, \u2026B\u00fccher werden pfleglich behandelt, \u2026)<\/p>\n<ol start=\"2\">\n<li><strong> Didaktische Ziele und ihre Umsetzung in der Praxis<\/strong><\/li>\n<\/ol>\n<p>Die Sch\u00fcler sollen durch die Bereitstellung von altersgem\u00e4\u00dfen B\u00fcchern die M\u00f6glichkeit erhalten, ihre Lesekompetenz zu verbessern. Eine Beratung bei der Buchauswahl ist w\u00fcnschenswert. Dies kann durch die B\u00fcchereikraft oder durch lesekundige Sch\u00fcler geschehen. Alle sollen zum Lesen ermutigt werden.<\/p>\n<p>Der Erwerb von Allgemeinwissen soll gef\u00f6rdert werden. Die B\u00fccherei hat die Aufgabe, Sch\u00fcler in der Beschaffung und dem Finden von Informationen bei Referaten zu unterst\u00fctzen. Hier soll idealerweise auch der Umgang mit Inhaltsverzeichnissen und Registern ge\u00fcbt werden.<\/p>\n<p>Jahreszeitlich bzw. Themenbezogen abgestimmte Buchpr\u00e4sentationen haben Aufforderungscharakter und sollen die Kinder anregen, sich B\u00fccher anzuschauen, die sonst eher unsichtbar im Regal stehen.<\/p>\n<p>Eine \u201eoffizielle Einf\u00fchrung\u201c in die B\u00fccherei ist ab der zweiten H\u00e4lfte des 1.Schuljahrs sinnvoll und kann nach Absprache mit dem Klassenlehrer erfolgen.<\/p>\n<p>Das Lesevorbild der B\u00fcchereikraft ist von entscheidender Bedeutung. Nicht nur die gezeigte eigene Freude am Vorlesen, sondern auch der Gedankenaustausch mit den Kindern \u00fcber gelesene B\u00fccher ist wichtig und f\u00f6rdert die Begeisterung weitere, vielleicht auch anspruchsvollere B\u00fccher zu lesen.<\/p>\n<p>Sch\u00fcler sollen in die B\u00fcchereiarbeit integriert werden, um den Wert der B\u00fccherei besser erkennen zu k\u00f6nnen und ihren Erfahrungshorizont erweitern zu d\u00fcrfen.<\/p>\n<ol start=\"3\">\n<li><strong> Organisation der Schulb\u00fccherei <\/strong><\/li>\n<\/ol>\n<p>Die Schulb\u00fccherei hat t\u00e4glich in der zweiten gro\u00dfen Pause ge\u00f6ffnet. In dieser Zeit d\u00fcrfen sich die Kinder in der B\u00fccherei aufhalten, B\u00fccher zur\u00fcckbringen oder ausleihen. Die B\u00fcchereiordnung h\u00e4ngt im Raum aus.<\/p>\n<p>Die Ausleihe f\u00fcr Lehrer kann in dem daf\u00fcr bereitstehenden Ordner erfolgen. Alle B\u00fccher werden bei R\u00fcckgabe in die daf\u00fcr bereitstehende B\u00fccherr\u00fcckgabekiste gelegt.<\/p>\n<p>Klassenkisten k\u00f6nnen \u00fcber die Lehrerausleihe erstellt werden. Der Lehrer ist f\u00fcr die R\u00fcckgabe aller in der Kiste enthaltenen B\u00fccher verantwortlich. Die Kiste wird im Ganzen zur\u00fcckgegeben und nur auf dem B\u00fcchereipult abgestellt (nicht selber in die Regale zur\u00fcckstellen!!!!).<\/p>\n<p>Die Schulb\u00fccherei ist von Montag bis Freitag in der zweiten gro\u00dfen Pause ge\u00f6ffnet. Die Ausleihfrist betr\u00e4gt zwei Wochen. Schulkindergarten und erste Klassen d\u00fcrfen ein Buch ausleihen. Ab der zweiten Klasse d\u00fcrfen zwei B\u00fccher ausgeliehen werden. \u00dcber Ferienzeiten d\u00fcrfen entsprechend der B\u00fcchereiordnung mehr B\u00fccher ausgeliehen werden.<\/p>\n<table border=\"0\">\n<tbody>\n<tr>\n<td style=\"text-align: center\"><img loading=\"lazy\" decoding=\"async\" class=\"alignnone size-medium wp-image-946\" src=\"https:\/\/wordpress.nibis.de\/gsleiferde\/files\/2022\/09\/Bibliothek-300x225.jpg\" alt=\"\" width=\"300\" height=\"225\" srcset=\"https:\/\/wordpress.nibis.de\/gsleiferde\/files\/2022\/09\/Bibliothek-300x225.jpg 300w, https:\/\/wordpress.nibis.de\/gsleiferde\/files\/2022\/09\/Bibliothek-400x300.jpg 400w, https:\/\/wordpress.nibis.de\/gsleiferde\/files\/2022\/09\/Bibliothek.jpg 591w\" sizes=\"auto, (max-width: 300px) 100vw, 300px\" \/><\/td>\n<td><\/td>\n<\/tr>\n<tr>\n<td><\/td>\n<td><\/td>\n<\/tr>\n<\/tbody>\n<\/table>\n<p class=\"NoSpacing\">\n","protected":false},"excerpt":{"rendered":"<p>B\u00fcchereikonzept Im Folgenden wird der Begriff Sch\u00fcler als Oberbegriff f\u00fcr Sch\u00fcler\/in verwendet P\u00e4dagogische Ziele und ihre Umsetzung in der Praxis Alle Kinder der Schule sollen die B\u00fccherei als Ort der Ruhe und Entspannung erleben d\u00fcrfen. Hierzu wird im Raum der &hellip; <a href=\"https:\/\/wordpress.nibis.de\/gsleiferde\/unsere-angebote\/bibliothek\/\">Weiterlesen <span class=\"meta-nav\">&rarr;<\/span><\/a><\/p>\n","protected":false},"author":9192874,"featured_media":0,"parent":25,"menu_order":1,"comment_status":"closed","ping_status":"closed","template":"","meta":{"footnotes":""},"class_list":["post-68","page","type-page","status-publish","hentry"],"_links":{"self":[{"href":"https:\/\/wordpress.nibis.de\/gsleiferde\/wp-json\/wp\/v2\/pages\/68","targetHints":{"allow":["GET"]}}],"collection":[{"href":"https:\/\/wordpress.nibis.de\/gsleiferde\/wp-json\/wp\/v2\/pages"}],"about":[{"href":"https:\/\/wordpress.nibis.de\/gsleiferde\/wp-json\/wp\/v2\/types\/page"}],"author":[{"embeddable":true,"href":"https:\/\/wordpress.nibis.de\/gsleiferde\/wp-json\/wp\/v2\/users\/9192874"}],"replies":[{"embeddable":true,"href":"https:\/\/wordpress.nibis.de\/gsleiferde\/wp-json\/wp\/v2\/comments?post=68"}],"version-history":[{"count":5,"href":"https:\/\/wordpress.nibis.de\/gsleiferde\/wp-json\/wp\/v2\/pages\/68\/revisions"}],"predecessor-version":[{"id":1266,"href":"https:\/\/wordpress.nibis.de\/gsleiferde\/wp-json\/wp\/v2\/pages\/68\/revisions\/1266"}],"up":[{"embeddable":true,"href":"https:\/\/wordpress.nibis.de\/gsleiferde\/wp-json\/wp\/v2\/pages\/25"}],"wp:attachment":[{"href":"https:\/\/wordpress.nibis.de\/gsleiferde\/wp-json\/wp\/v2\/media?parent=68"}],"curies":[{"name":"wp","href":"https:\/\/api.w.org\/{rel}","templated":true}]}}