{"id":80,"date":"2019-01-10T18:32:58","date_gmt":"2019-01-10T17:32:58","guid":{"rendered":"https:\/\/wordpress.nibis.de\/gsleiferde\/?page_id=80"},"modified":"2023-12-20T08:55:56","modified_gmt":"2023-12-20T07:55:56","slug":"ganztagsbetrieb-ogs","status":"publish","type":"page","link":"https:\/\/wordpress.nibis.de\/gsleiferde\/neuigkeiten\/unsere-schule\/ganztagsbetrieb-ogs\/","title":{"rendered":"Ganztagsbetrieb (OGS)"},"content":{"rendered":"<p class=\"ListParagraphCxSpMittel\">Die Grundschule Leiferde wurde zum Schuljahr 2011\/12 in eine Offene Ganztagsschule (OGS) umgewandelt.<\/p>\n<p class=\"ListParagraphCxSpMittel\"><strong>Offene Ganztagsschule an der Grundschule Leiferde bedeutet:<\/strong><\/p>\n<ul>\n<li class=\"ListParagraphCxSpMittel\">Wie bisher haben alle Sch\u00fclerinnen und Sch\u00fcler der 1. und 2. Klassen bis 11:40 Uhr, die Kinder der 3. und 4. Klassen bis 13:00 Uhr Unterricht.<\/li>\n<li class=\"ListParagraphCxSpMittel\">F\u00fcr die Kinder der 1. und 2. Klassen findet weiterhin die Betreuung bis 13:00 Uhr statt, wenn die Eltern sie anmelden.<\/li>\n<\/ul>\n<ul>\n<li class=\"ListParagraphCxSpMittel\">Das Ganztagsangebot gilt f\u00fcr 4 Tage (Montag bis Donnerstag). Bis 15:30 Uhr ist die Betreuung kostenlos. Die Kinder k\u00f6nnen sich auch f\u00fcr einzelne Tage entscheiden.<\/li>\n<\/ul>\n<ul>\n<li>Eine zus\u00e4tzliche &#8222;au\u00dferschulische Sp\u00e4tbetreuung&#8220; (15:30 bis 17:00 Uhr) ist kostenpflichtig.<\/li>\n<\/ul>\n<ul>\n<li class=\"ListParagraphCxSpMittel\">Die Teilnahme an den gew\u00e4hlten Tagen ist f\u00fcr ein Schuljahr verpflichtend.<\/li>\n<\/ul>\n<ul>\n<li class=\"ListParagraphCxSpMittel\">Die Kinder werden in den Stammgruppen betreut.<\/li>\n<\/ul>\n<ul>\n<li class=\"ListParagraphCxSpMittel\">Die Ganztagsbetreuung besteht aus drei Bl\u00f6cken: dem Mittagessen, der Hausaufgabenbetreuung und den AG-Angeboten bzw. Projekten.<\/li>\n<\/ul>\n<p align=\"left\"><strong>Mittagessen<\/strong><\/p>\n<ul>\n<li class=\"ListParagraphCxSpMittel\">Wir bieten den Kindern ein kindgerechtes und abwechslungsreiches Mittagessen an. Das Mittagessen wird von der Mensa Samtgemeinde Meinersen UG (haftungsbeschr\u00e4nkt) &amp; Co. KG frisch zubereitet und in die Schule geliefert.<\/li>\n<\/ul>\n<ul>\n<li class=\"ListParagraphCxSpMittel\">Um die Subventionen f\u00fcr das Mittagessen zu bekommen, m\u00fcssen die Eltern einen Antrag auf ein Bildungs- und Teilhabepaket in der zust\u00e4ndigen Beh\u00f6rde stellen.<\/li>\n<\/ul>\n<ul>\n<li class=\"ListParagraphCxSpMittel\">Die Kinder werden von den Mitarbeiterinnen w\u00e4hrend des Mittagessens begleitet und beaufsichtigt.<\/li>\n<\/ul>\n<ul>\n<li class=\"ListParagraphCxSpMittel\">Jedes Kind kann zwischen drei Men\u00fcs w\u00e4hlen.<\/li>\n<\/ul>\n<ul>\n<li class=\"ListParagraphCxSpMittel\">Die Bestellung und das Stornieren des Essens erfolgt durch die Eltern zu Hause.<\/li>\n<\/ul>\n<p class=\"ListParagraphCxSpMittel\">Unter der Internet-Adresse\u00a0<a href=\"https:\/\/gs-leiferde.giro-web.de\/\">https:\/\/gs-leiferde.giro-web.de<\/a>\u00a0wird der Benutzername und das Kennwort eingegeben und das bestellte Essen storniert (Tel. Mensa: 05372-95 86 72).<\/p>\n<p><strong>Hausaufgaben<\/strong><\/p>\n<ul>\n<li>In der Zeit bis 14:30 Uhr k\u00f6nnen die Kinder die Hausaufgaben in ihren Gruppen erledigen. Sie werden dabei von Mitarbeiterinnen beaufsichtigt und unterst\u00fctzt.<\/li>\n<\/ul>\n<p><strong>Arbeitsgemeinschaften bzw. Projekte<\/strong><\/p>\n<ul>\n<li class=\"ListParagraphCxSpMittel\">Es finden verschiedene AGs bzw. Projekte im Ganztag statt.\u00a0 \u00a0 \u00a0 \u00a0 \u00a0 <span style=\"font-size: inherit;text-align: center\">\u00a0 \u00a0 \u00a0 \u00a0 \u00a0\u00a0<\/span><span style=\"font-size: inherit;text-align: center\">\u00a0 \u00a0 \u00a0 \u00a0 \u00a0\u00a0<\/span><\/li>\n<\/ul>\n<p><strong>Verantwortlich f\u00fcr den Ganztagsbereich:<\/strong><\/p>\n<p>Tanja Brand (Dipl. Sozialp\u00e4dagogin, master of social management)<br \/><strong>Tel.: 05373 \/ 33288917\u00a0 \u00a0 <\/strong><strong>Email: &#x54;a&#x6e;&#106;a&#x2e;&#66;&#x72;&#x61;n&#x64;&#64;s&#x67;&#45;&#x6d;&#101;i&#x6e;&#101;r&#x73;&#101;&#x6e;&#46;d&#x65;<\/strong><\/p>\n\n\n<p><\/p>\n","protected":false},"excerpt":{"rendered":"<p>Die Grundschule Leiferde wurde zum Schuljahr 2011\/12 in eine Offene Ganztagsschule (OGS) umgewandelt. Offene Ganztagsschule an der Grundschule Leiferde bedeutet: Wie bisher haben alle Sch\u00fclerinnen und Sch\u00fcler der 1. und 2. Klassen bis 11:40 Uhr, die Kinder der 3. und &hellip; <a href=\"https:\/\/wordpress.nibis.de\/gsleiferde\/neuigkeiten\/unsere-schule\/ganztagsbetrieb-ogs\/\">Weiterlesen <span class=\"meta-nav\">&rarr;<\/span><\/a><\/p>\n","protected":false},"author":9192874,"featured_media":0,"parent":43,"menu_order":2,"comment_status":"closed","ping_status":"closed","template":"","meta":{"footnotes":""},"class_list":["post-80","page","type-page","status-publish","hentry"],"_links":{"self":[{"href":"https:\/\/wordpress.nibis.de\/gsleiferde\/wp-json\/wp\/v2\/pages\/80","targetHints":{"allow":["GET"]}}],"collection":[{"href":"https:\/\/wordpress.nibis.de\/gsleiferde\/wp-json\/wp\/v2\/pages"}],"about":[{"href":"https:\/\/wordpress.nibis.de\/gsleiferde\/wp-json\/wp\/v2\/types\/page"}],"author":[{"embeddable":true,"href":"https:\/\/wordpress.nibis.de\/gsleiferde\/wp-json\/wp\/v2\/users\/9192874"}],"replies":[{"embeddable":true,"href":"https:\/\/wordpress.nibis.de\/gsleiferde\/wp-json\/wp\/v2\/comments?post=80"}],"version-history":[{"count":13,"href":"https:\/\/wordpress.nibis.de\/gsleiferde\/wp-json\/wp\/v2\/pages\/80\/revisions"}],"predecessor-version":[{"id":1199,"href":"https:\/\/wordpress.nibis.de\/gsleiferde\/wp-json\/wp\/v2\/pages\/80\/revisions\/1199"}],"up":[{"embeddable":true,"href":"https:\/\/wordpress.nibis.de\/gsleiferde\/wp-json\/wp\/v2\/pages\/43"}],"wp:attachment":[{"href":"https:\/\/wordpress.nibis.de\/gsleiferde\/wp-json\/wp\/v2\/media?parent=80"}],"curies":[{"name":"wp","href":"https:\/\/api.w.org\/{rel}","templated":true}]}}