{"id":2026,"date":"2025-05-09T13:34:11","date_gmt":"2025-05-09T11:34:11","guid":{"rendered":"https:\/\/wordpress.nibis.de\/gsleng\/?page_id=2026"},"modified":"2025-05-10T20:50:37","modified_gmt":"2025-05-10T18:50:37","slug":"foerderverein","status":"publish","type":"page","link":"https:\/\/wordpress.nibis.de\/gsleng\/foerderverein\/","title":{"rendered":"F\u00f6rderverein"},"content":{"rendered":"\n<p>Seit 1997 existiert an der Grundschule Lengerich ein F\u00f6rderverein.<br>Dieser unterst\u00fctzt die Schule durch gro\u00dfes Engagement f\u00fcr die Interessen der Kinder.<\/p>\n\n\n\n<p>Zu den regelm\u00e4\u00dfigen Aktionen des F\u00f6rdervereins geh\u00f6ren:<br>\u2013 Kaffeeausschank auf der Einschulungsfeier<br>\u2013 Organisation eines Brotverkaufsstandes auf dem Nikolausmark und dem Fr\u00fchlingsmarkt<br>\u2013 Unterst\u00fctzung bei Schulfesten<br>\u2013 Einkauf von Pausenspielzeug<br><br>Aber auch zahlreiche gr\u00f6\u00dfere Projekte nahm der F\u00f6rderverein seit seiner Gr\u00fcndung in Angriff. Dazu z\u00e4hlen die finanzielle Unterst\u00fctzung der Realisierung des Computerraumes und der Anschaffung der Smartboards. Ebenso beteiligte sich der F\u00f6rderverein sowohl finanziell als auch mit Arbeitseins\u00e4tzen an der Spielplatzerweiterung und der Schulhofgestaltung. Zudem unterst\u00fctzt unser F\u00f6rderverein das Projekt \u201cMein K\u00f6rper geh\u00f6rt mir\u201d.<br><br>Wenn auch Sie unseren F\u00f6rderverein durch Ihre Mitgliedschaft unterst\u00fctzen m\u00f6chten, so wenden Sie sich bitte an den Vorstand.<br>Auch Spenden sind jederzeit willkommen.<br><br><strong>Bankverbindung:<\/strong><\/p>\n\n\n\n<p>F\u00f6rderverein der Grundschule Lengerich e.V.<br>Volksbank S\u00fcd-Emsland eG<br>IBAN: DE87 2806 9994 0577 3920 00<\/p>\n","protected":false},"excerpt":{"rendered":"<p>Seit 1997 existiert an der Grundschule Lengerich ein F\u00f6rderverein.Dieser unterst\u00fctzt die Schule durch gro\u00dfes Engagement f\u00fcr die Interessen der Kinder.<\/p>\n","protected":false},"author":9193462,"featured_media":0,"parent":0,"menu_order":0,"comment_status":"closed","ping_status":"closed","template":"","meta":{"footnotes":""},"class_list":["post-2026","page","type-page","status-publish","hentry"],"_links":{"self":[{"href":"https:\/\/wordpress.nibis.de\/gsleng\/wp-json\/wp\/v2\/pages\/2026","targetHints":{"allow":["GET"]}}],"collection":[{"href":"https:\/\/wordpress.nibis.de\/gsleng\/wp-json\/wp\/v2\/pages"}],"about":[{"href":"https:\/\/wordpress.nibis.de\/gsleng\/wp-json\/wp\/v2\/types\/page"}],"author":[{"embeddable":true,"href":"https:\/\/wordpress.nibis.de\/gsleng\/wp-json\/wp\/v2\/users\/9193462"}],"replies":[{"embeddable":true,"href":"https:\/\/wordpress.nibis.de\/gsleng\/wp-json\/wp\/v2\/comments?post=2026"}],"version-history":[{"count":2,"href":"https:\/\/wordpress.nibis.de\/gsleng\/wp-json\/wp\/v2\/pages\/2026\/revisions"}],"predecessor-version":[{"id":2148,"href":"https:\/\/wordpress.nibis.de\/gsleng\/wp-json\/wp\/v2\/pages\/2026\/revisions\/2148"}],"wp:attachment":[{"href":"https:\/\/wordpress.nibis.de\/gsleng\/wp-json\/wp\/v2\/media?parent=2026"}],"curies":[{"name":"wp","href":"https:\/\/api.w.org\/{rel}","templated":true}]}}